{"id":913,"date":"2025-07-17T14:10:47","date_gmt":"2025-07-17T14:10:47","guid":{"rendered":"https:\/\/gaiaerasmus.eu\/?page_id=913"},"modified":"2025-07-17T14:11:02","modified_gmt":"2025-07-17T14:11:02","slug":"national-seminars-asociacion-biodiversa","status":"publish","type":"page","link":"https:\/\/gaiaerasmus.eu\/sr\/national-seminars-asociacion-biodiversa\/","title":{"rendered":"\u041d\u0430\u0446\u0438\u043e\u043d\u0430\u043b\u043d\u0438 \u0441\u0435\u043c\u0438\u043d\u0430\u0440\u0438 \u2013 \u0410\u0441\u043e\u0446\u0438\u0430\u0446\u0438\u043e\u043d \u0411\u0438\u043e\u0434\u0438\u0432\u0435\u0440\u0441\u0430"},"content":{"rendered":"<div data-elementor-type=\"wp-page\" data-elementor-id=\"913\" class=\"elementor elementor-913\">\n\t\t\t\t\t\t<section class=\"has_eae_slider elementor-section elementor-top-section elementor-element elementor-element-91dfa27 elementor-section-boxed elementor-section-height-default elementor-section-height-default\" data-eae-slider=\"71188\" data-id=\"91dfa27\" data-element_type=\"section\" data-e-type=\"section\">\n\t\t\t\t\t\t<div class=\"elementor-container elementor-column-gap-default\">\n\t\t\t\t\t<div class=\"has_eae_slider elementor-column elementor-col-100 elementor-top-column elementor-element elementor-element-85ccbe2\" data-eae-slider=\"59551\" data-id=\"85ccbe2\" data-element_type=\"column\" data-e-type=\"column\">\n\t\t\t<div class=\"elementor-widget-wrap elementor-element-populated\">\n\t\t\t\t\t\t<div class=\"elementor-element elementor-element-0898f09 elementor-widget elementor-widget-text-editor\" data-id=\"0898f09\" data-element_type=\"widget\" data-e-type=\"widget\" data-widget_type=\"text-editor.default\">\n\t\t\t\t<div class=\"elementor-widget-container\">\n\t\t\t\t\t\t\t\t\t<p><strong>\u0425\u0438\u0445\u043e\u043d, \u0428\u043f\u0430\u043d\u0438\u0458\u0430 <\/strong><\/p><p>\u0410\u0441\u043e\u0446\u0438\u0458\u0430\u0446\u0438\u0458\u0430 \u0411\u0438\u043e\u0434\u0438\u0432\u0435\u0440\u0441\u0430 (Asociaci\u00f3n Biodiversa) \u0458\u0435 \u0432\u043e\u0434\u0438\u043b\u0430 \u0447\u0435\u0442\u0438\u0440\u0438 \u043d\u0430\u0446\u0438\u043e\u043d\u0430\u043b\u043d\u0430 \u0441\u0435\u043c\u0438\u043d\u0430\u0440\u0430 \u0443 \u0425\u0438\u0445\u043e\u043d\u0443, \u043d\u0443\u0434\u0435\u045b\u0438 \u043f\u0440\u043e\u0441\u0442\u043e\u0440 \u0437\u0430 \u0443\u0447\u0435\u0441\u043d\u0438\u043a\u0435 \u043e\u0431\u0443\u043a\u0435, \u0437\u0430\u0438\u043d\u0442\u0435\u0440\u0435\u0441\u043e\u0432\u0430\u043d\u0435 \u0441\u0442\u0440\u0430\u043d\u0435 \u0438 \u0441\u0442\u0440\u0443\u0447\u045a\u0430\u043a\u0435 \u0437\u0430 \u0442\u0435\u043c\u0430\u0442\u0441\u043a\u0443 \u043e\u0431\u043b\u0430\u0441\u0442 \u0434\u0430 \u0441\u0435 \u0443\u043a\u0459\u0443\u0447\u0435 \u0443 \u0442\u0435\u043c\u0430\u0442\u0441\u043a\u0435 \u0434\u0438\u0441\u043a\u0443\u0441\u0438\u0458\u0435. \u0414\u043e\u0433\u0430\u0452\u0430\u0458\u0438 \u0441\u0443 \u0441\u0435 \u0431\u0430\u0432\u0438\u043b\u0438 \u0435\u043a\u043e\u043b\u043e\u0448\u043a\u043e\u043c, \u0441\u043e\u0446\u0438\u0458\u0430\u043b\u043d\u043e\u043c \u0438 \u0435\u043a\u043e\u043d\u043e\u043c\u0441\u043a\u043e\u043c \u043e\u0434\u0440\u0436\u0438\u0432\u043e\u0448\u045b\u0443 \u0443 \u0443\u043f\u0440\u0430\u0432\u0459\u0430\u045a\u0443 \u0441\u043f\u043e\u0440\u0442\u043e\u043c. \u0417\u0430\u0432\u0440\u0448\u043d\u0438 \u0441\u0435\u043c\u0438\u043d\u0430\u0440 \u0441\u0435 \u0444\u043e\u043a\u0443\u0441\u0438\u0440\u0430\u043e \u043d\u0430 \u043f\u0440\u0438\u043a\u0443\u043f\u0459\u0430\u045a\u0435 \u0438\u0434\u0435\u0458\u0430 \u0438 \u0438\u0434\u0435\u043d\u0442\u0438\u0444\u0438\u043a\u043e\u0432\u0430\u045a\u0435 \u043d\u0430\u0446\u0438\u043e\u043d\u0430\u043b\u043d\u0438\u0445 \u043f\u0440\u0438\u043e\u0440\u0438\u0442\u0435\u0442\u0430 \u0437\u0430 \u0434\u043e\u043f\u0440\u0438\u043d\u043e\u0441 \u0428\u043f\u0430\u043d\u0438\u0458\u0435 SSG \u043b\u0438\u0441\u0442\u0438, \u0443\u0437 \u0441\u043c\u0435\u0440\u043d\u0438\u0446\u0435 \u043f\u0440\u0435\u0437\u0435\u043d\u0442\u0430\u0446\u0438\u043e\u043d\u043e\u0433 \u043f\u0440\u043e\u0433\u0440\u0430\u043c\u0430 (PPT) \u043a\u043e\u0458\u0435 \u043f\u043e\u0434\u0441\u0442\u0438\u0447\u0443 \u043a\u0440\u0438\u0442\u0438\u0447\u043a\u043e \u0440\u0430\u0437\u043c\u0438\u0448\u0459\u0430\u045a\u0435 \u043e \u043b\u043e\u043a\u0430\u043b\u043d\u0438\u043c \u0438\u0437\u0430\u0437\u043e\u0432\u0438\u043c\u0430 \u0438 \u0440\u0435\u0448\u0435\u045a\u0438\u043c\u0430.<\/p><p><strong>\u041e\u0434\u0440\u0436\u0430\u043d\u0438 \u0441\u0435\u043c\u0438\u043d\u0430\u0440\u0438:<\/strong><\/p><ol><li>\u041e\u0434\u0440\u0436\u0438\u0432\u043e\u0441\u0442 \u0436\u0438\u0432\u043e\u0442\u043d\u0435 \u0441\u0440\u0435\u0434\u0438\u043d\u0435 \u0438 \u0434\u043e\u0431\u0440\u043e \u0443\u043f\u0440\u0430\u0432\u0459\u0430\u045a\u0435<\/li><li>\u0421\u043e\u0446\u0438\u0458\u0430\u043b\u043d\u0430 \u043e\u0434\u0440\u0436\u0438\u0432\u043e\u0441\u0442 \u0438 \u0434\u043e\u0431\u0440\u043e \u0443\u043f\u0440\u0430\u0432\u0459\u0430\u045a\u0435<\/li><li>\u0415\u043a\u043e\u043d\u043e\u043c\u0441\u043a\u0430 \u043e\u0434\u0440\u0436\u0438\u0432\u043e\u0441\u0442 \u0438 \u0434\u043e\u0431\u0440\u043e \u0443\u043f\u0440\u0430\u0432\u0459\u0430\u045a\u0435<\/li><li>\u0417\u0430\u0432\u0440\u0448\u043d\u0438 \u0441\u0435\u043c\u0438\u043d\u0430\u0440 \u0437\u0430 \u043f\u0440\u0438\u043a\u0443\u043f\u0459\u0430\u045a\u0435 \u0438\u0434\u0435\u0458\u0430 \u0437\u0430 \u043d\u0430\u0446\u0438\u043e\u043d\u0430\u043b\u043d\u0438 \u0434\u043e\u043f\u0440\u0438\u043d\u043e\u0441 SSG \u043b\u0438\u0441\u0442\u0438<\/li><\/ol>\t\t\t\t\t\t\t\t<\/div>\n\t\t\t\t<\/div>\n\t\t\t\t\t<\/div>\n\t\t<\/div>\n\t\t\t\t\t<\/div>\n\t\t<\/section>\n\t\t\t\t<section class=\"has_eae_slider elementor-section elementor-top-section elementor-element elementor-element-9c85631 elementor-section-boxed elementor-section-height-default elementor-section-height-default\" data-eae-slider=\"37071\" data-id=\"9c85631\" data-element_type=\"section\" data-e-type=\"section\">\n\t\t\t\t\t\t<div class=\"elementor-container elementor-column-gap-default\">\n\t\t\t\t\t<div class=\"has_eae_slider elementor-column elementor-col-100 elementor-top-column elementor-element elementor-element-b646888\" data-eae-slider=\"46496\" data-id=\"b646888\" data-element_type=\"column\" data-e-type=\"column\">\n\t\t\t<div class=\"elementor-widget-wrap elementor-element-populated\">\n\t\t\t\t\t\t<div class=\"elementor-element elementor-element-7952a4b gallery-spacing-custom elementor-widget elementor-widget-image-gallery\" data-id=\"7952a4b\" data-element_type=\"widget\" data-e-type=\"widget\" data-widget_type=\"image-gallery.default\">\n\t\t\t\t<div class=\"elementor-widget-container\">\n\t\t\t\t\t\t\t<div class=\"elementor-image-gallery\">\n\t\t\t<div id='gallery-1' class='gallery galleryid-913 gallery-columns-3 gallery-size-medium'><figure class='gallery-item'>\n\t\t\t<div class='gallery-icon landscape'>\n\t\t\t\t<a data-elementor-open-lightbox=\"yes\" data-elementor-lightbox-slideshow=\"7952a4b\" data-elementor-lightbox-title=\"S4 (2)\" data-e-action-hash=\"#elementor-action%3Aaction%3Dlightbox%26settings%3DeyJpZCI6NzQwLCJ1cmwiOiJodHRwczpcL1wvZ2FpYWVyYXNtdXMuZXVcL3dwLWNvbnRlbnRcL3VwbG9hZHNcLzIwMjVcLzA2XC9TNC0yLmpwZyIsInNsaWRlc2hvdyI6Ijc5NTJhNGIifQ%3D%3D\" href='https:\/\/gaiaerasmus.eu\/wp-content\/uploads\/2025\/06\/S4-2.jpg'><img fetchpriority=\"high\" decoding=\"async\" width=\"300\" height=\"225\" src=\"https:\/\/gaiaerasmus.eu\/wp-content\/uploads\/2025\/06\/S4-2-300x225.jpg\" class=\"attachment-medium size-medium\" alt=\"\" srcset=\"https:\/\/gaiaerasmus.eu\/wp-content\/uploads\/2025\/06\/S4-2-300x225.jpg 300w, https:\/\/gaiaerasmus.eu\/wp-content\/uploads\/2025\/06\/S4-2-1024x768.jpg 1024w, https:\/\/gaiaerasmus.eu\/wp-content\/uploads\/2025\/06\/S4-2-768x576.jpg 768w, https:\/\/gaiaerasmus.eu\/wp-content\/uploads\/2025\/06\/S4-2.jpg 1280w\" sizes=\"(max-width: 300px) 100vw, 300px\" \/><\/a>\n\t\t\t<\/div><\/figure><figure class='gallery-item'>\n\t\t\t<div class='gallery-icon landscape'>\n\t\t\t\t<a data-elementor-open-lightbox=\"yes\" data-elementor-lightbox-slideshow=\"7952a4b\" data-elementor-lightbox-title=\"Participants and leaflets (2)\" data-e-action-hash=\"#elementor-action%3Aaction%3Dlightbox%26settings%3DeyJpZCI6NzQxLCJ1cmwiOiJodHRwczpcL1wvZ2FpYWVyYXNtdXMuZXVcL3dwLWNvbnRlbnRcL3VwbG9hZHNcLzIwMjVcLzA2XC9QYXJ0aWNpcGFudHMtYW5kLWxlYWZsZXRzLTIuanBnIiwic2xpZGVzaG93IjoiNzk1MmE0YiJ9\" href='https:\/\/gaiaerasmus.eu\/wp-content\/uploads\/2025\/06\/Participants-and-leaflets-2.jpg'><img decoding=\"async\" width=\"300\" height=\"225\" src=\"https:\/\/gaiaerasmus.eu\/wp-content\/uploads\/2025\/06\/Participants-and-leaflets-2-300x225.jpg\" class=\"attachment-medium size-medium\" alt=\"\" srcset=\"https:\/\/gaiaerasmus.eu\/wp-content\/uploads\/2025\/06\/Participants-and-leaflets-2-300x225.jpg 300w, https:\/\/gaiaerasmus.eu\/wp-content\/uploads\/2025\/06\/Participants-and-leaflets-2-1024x768.jpg 1024w, https:\/\/gaiaerasmus.eu\/wp-content\/uploads\/2025\/06\/Participants-and-leaflets-2-768x576.jpg 768w, https:\/\/gaiaerasmus.eu\/wp-content\/uploads\/2025\/06\/Participants-and-leaflets-2.jpg 1280w\" sizes=\"(max-width: 300px) 100vw, 300px\" \/><\/a>\n\t\t\t<\/div><\/figure><figure class='gallery-item'>\n\t\t\t<div class='gallery-icon landscape'>\n\t\t\t\t<a data-elementor-open-lightbox=\"yes\" data-elementor-lightbox-slideshow=\"7952a4b\" data-elementor-lightbox-title=\"photo_2025-02-14_15-36-06\" data-e-action-hash=\"#elementor-action%3Aaction%3Dlightbox%26settings%3DeyJpZCI6NzQ0LCJ1cmwiOiJodHRwczpcL1wvZ2FpYWVyYXNtdXMuZXVcL3dwLWNvbnRlbnRcL3VwbG9hZHNcLzIwMjVcLzA2XC9waG90b18yMDI1LTAyLTE0XzE1LTM2LTA2LmpwZyIsInNsaWRlc2hvdyI6Ijc5NTJhNGIifQ%3D%3D\" href='https:\/\/gaiaerasmus.eu\/wp-content\/uploads\/2025\/06\/photo_2025-02-14_15-36-06.jpg'><img decoding=\"async\" width=\"300\" height=\"225\" src=\"https:\/\/gaiaerasmus.eu\/wp-content\/uploads\/2025\/06\/photo_2025-02-14_15-36-06-300x225.jpg\" class=\"attachment-medium size-medium\" alt=\"\" srcset=\"https:\/\/gaiaerasmus.eu\/wp-content\/uploads\/2025\/06\/photo_2025-02-14_15-36-06-300x225.jpg 300w, https:\/\/gaiaerasmus.eu\/wp-content\/uploads\/2025\/06\/photo_2025-02-14_15-36-06-1024x768.jpg 1024w, https:\/\/gaiaerasmus.eu\/wp-content\/uploads\/2025\/06\/photo_2025-02-14_15-36-06-768x576.jpg 768w, https:\/\/gaiaerasmus.eu\/wp-content\/uploads\/2025\/06\/photo_2025-02-14_15-36-06.jpg 1280w\" sizes=\"(max-width: 300px) 100vw, 300px\" \/><\/a>\n\t\t\t<\/div><\/figure><figure class='gallery-item'>\n\t\t\t<div class='gallery-icon portrait'>\n\t\t\t\t<a data-elementor-open-lightbox=\"yes\" data-elementor-lightbox-slideshow=\"7952a4b\" data-elementor-lightbox-title=\"photo_2025-02-25_15-10-50\" data-e-action-hash=\"#elementor-action%3Aaction%3Dlightbox%26settings%3DeyJpZCI6NzQyLCJ1cmwiOiJodHRwczpcL1wvZ2FpYWVyYXNtdXMuZXVcL3dwLWNvbnRlbnRcL3VwbG9hZHNcLzIwMjVcLzA2XC9waG90b18yMDI1LTAyLTI1XzE1LTEwLTUwLmpwZyIsInNsaWRlc2hvdyI6Ijc5NTJhNGIifQ%3D%3D\" href='https:\/\/gaiaerasmus.eu\/wp-content\/uploads\/2025\/06\/photo_2025-02-25_15-10-50.jpg'><img loading=\"lazy\" decoding=\"async\" width=\"225\" height=\"300\" src=\"https:\/\/gaiaerasmus.eu\/wp-content\/uploads\/2025\/06\/photo_2025-02-25_15-10-50-225x300.jpg\" class=\"attachment-medium size-medium\" alt=\"\" srcset=\"https:\/\/gaiaerasmus.eu\/wp-content\/uploads\/2025\/06\/photo_2025-02-25_15-10-50-225x300.jpg 225w, https:\/\/gaiaerasmus.eu\/wp-content\/uploads\/2025\/06\/photo_2025-02-25_15-10-50-768x1024.jpg 768w, https:\/\/gaiaerasmus.eu\/wp-content\/uploads\/2025\/06\/photo_2025-02-25_15-10-50.jpg 960w\" sizes=\"(max-width: 225px) 100vw, 225px\" \/><\/a>\n\t\t\t<\/div><\/figure><figure class='gallery-item'>\n\t\t\t<div class='gallery-icon landscape'>\n\t\t\t\t<a data-elementor-open-lightbox=\"yes\" data-elementor-lightbox-slideshow=\"7952a4b\" data-elementor-lightbox-title=\"photo_2025-02-14_15-35-57\" data-e-action-hash=\"#elementor-action%3Aaction%3Dlightbox%26settings%3DeyJpZCI6NzQzLCJ1cmwiOiJodHRwczpcL1wvZ2FpYWVyYXNtdXMuZXVcL3dwLWNvbnRlbnRcL3VwbG9hZHNcLzIwMjVcLzA2XC9waG90b18yMDI1LTAyLTE0XzE1LTM1LTU3LmpwZyIsInNsaWRlc2hvdyI6Ijc5NTJhNGIifQ%3D%3D\" href='https:\/\/gaiaerasmus.eu\/wp-content\/uploads\/2025\/06\/photo_2025-02-14_15-35-57.jpg'><img loading=\"lazy\" decoding=\"async\" width=\"300\" height=\"217\" src=\"https:\/\/gaiaerasmus.eu\/wp-content\/uploads\/2025\/06\/photo_2025-02-14_15-35-57-300x217.jpg\" class=\"attachment-medium size-medium\" alt=\"\" srcset=\"https:\/\/gaiaerasmus.eu\/wp-content\/uploads\/2025\/06\/photo_2025-02-14_15-35-57-300x217.jpg 300w, https:\/\/gaiaerasmus.eu\/wp-content\/uploads\/2025\/06\/photo_2025-02-14_15-35-57-1024x742.jpg 1024w, https:\/\/gaiaerasmus.eu\/wp-content\/uploads\/2025\/06\/photo_2025-02-14_15-35-57-768x557.jpg 768w, https:\/\/gaiaerasmus.eu\/wp-content\/uploads\/2025\/06\/photo_2025-02-14_15-35-57.jpg 1192w\" sizes=\"(max-width: 300px) 100vw, 300px\" \/><\/a>\n\t\t\t<\/div><\/figure><figure class='gallery-item'>\n\t\t\t<div class='gallery-icon landscape'>\n\t\t\t\t<a data-elementor-open-lightbox=\"yes\" data-elementor-lightbox-slideshow=\"7952a4b\" data-elementor-lightbox-title=\"Con el futuro director del CNSO\" data-e-action-hash=\"#elementor-action%3Aaction%3Dlightbox%26settings%3DeyJpZCI6NzQ2LCJ1cmwiOiJodHRwczpcL1wvZ2FpYWVyYXNtdXMuZXVcL3dwLWNvbnRlbnRcL3VwbG9hZHNcLzIwMjVcLzA2XC9Db24tZWwtZnV0dXJvLWRpcmVjdG9yLWRlbC1DTlNPLXNjYWxlZC5qcGciLCJzbGlkZXNob3ciOiI3OTUyYTRiIn0%3D\" href='https:\/\/gaiaerasmus.eu\/wp-content\/uploads\/2025\/06\/Con-el-futuro-director-del-CNSO-scaled.jpg'><img loading=\"lazy\" decoding=\"async\" width=\"300\" height=\"169\" src=\"https:\/\/gaiaerasmus.eu\/wp-content\/uploads\/2025\/06\/Con-el-futuro-director-del-CNSO-300x169.jpg\" class=\"attachment-medium size-medium\" alt=\"\" srcset=\"https:\/\/gaiaerasmus.eu\/wp-content\/uploads\/2025\/06\/Con-el-futuro-director-del-CNSO-300x169.jpg 300w, https:\/\/gaiaerasmus.eu\/wp-content\/uploads\/2025\/06\/Con-el-futuro-director-del-CNSO-1024x576.jpg 1024w, https:\/\/gaiaerasmus.eu\/wp-content\/uploads\/2025\/06\/Con-el-futuro-director-del-CNSO-768x432.jpg 768w, https:\/\/gaiaerasmus.eu\/wp-content\/uploads\/2025\/06\/Con-el-futuro-director-del-CNSO-1536x864.jpg 1536w, https:\/\/gaiaerasmus.eu\/wp-content\/uploads\/2025\/06\/Con-el-futuro-director-del-CNSO-2048x1152.jpg 2048w\" sizes=\"(max-width: 300px) 100vw, 300px\" \/><\/a>\n\t\t\t<\/div><\/figure>\n\t\t<\/div>\n\t\t<\/div>\n\t\t\t\t\t\t<\/div>\n\t\t\t\t<\/div>\n\t\t\t\t\t<\/div>\n\t\t<\/div>\n\t\t\t\t\t<\/div>\n\t\t<\/section>\n\t\t\t\t<section class=\"has_eae_slider elementor-section elementor-top-section elementor-element elementor-element-b02395b elementor-section-boxed elementor-section-height-default elementor-section-height-default\" data-eae-slider=\"29207\" data-id=\"b02395b\" data-element_type=\"section\" data-e-type=\"section\">\n\t\t\t\t\t\t<div class=\"elementor-container elementor-column-gap-default\">\n\t\t\t\t\t<div class=\"has_eae_slider elementor-column elementor-col-100 elementor-top-column elementor-element elementor-element-38e9fd0\" data-eae-slider=\"9726\" data-id=\"38e9fd0\" data-element_type=\"column\" data-e-type=\"column\">\n\t\t\t<div class=\"elementor-widget-wrap elementor-element-populated\">\n\t\t\t\t\t\t<div class=\"elementor-element elementor-element-982e88b elementor-widget-divider--view-line elementor-widget elementor-widget-divider\" data-id=\"982e88b\" data-element_type=\"widget\" data-e-type=\"widget\" data-widget_type=\"divider.default\">\n\t\t\t\t<div class=\"elementor-widget-container\">\n\t\t\t\t\t\t\t<div class=\"elementor-divider\">\n\t\t\t<span class=\"elementor-divider-separator\">\n\t\t\t\t\t\t<\/span>\n\t\t<\/div>\n\t\t\t\t\t\t<\/div>\n\t\t\t\t<\/div>\n\t\t\t\t\t<\/div>\n\t\t<\/div>\n\t\t\t\t\t<\/div>\n\t\t<\/section>\n\t\t\t\t<\/div>","protected":false},"excerpt":{"rendered":"<p>Gij\u00f3n, Spain Asociaci\u00f3n Biodiversa led four national seminars in Gij\u00f3n, offering a space for training participants, stakeholders, and topic experts to engage in thematic discussions. The events addressed environmental, social, and economic sustainability in sport governance. The final seminar focused on collecting ideas and identifying national priorities for Spain\u2019s contribution to the SSG Chart, with [&hellip;]<\/p>\n","protected":false},"author":1,"featured_media":0,"parent":0,"menu_order":0,"comment_status":"closed","ping_status":"closed","template":"","meta":{"_eb_attr":"","footnotes":""},"class_list":["post-913","page","type-page","status-publish","hentry"],"blocksy_meta":[],"_links":{"self":[{"href":"https:\/\/gaiaerasmus.eu\/sr\/wp-json\/wp\/v2\/pages\/913","targetHints":{"allow":["GET"]}}],"collection":[{"href":"https:\/\/gaiaerasmus.eu\/sr\/wp-json\/wp\/v2\/pages"}],"about":[{"href":"https:\/\/gaiaerasmus.eu\/sr\/wp-json\/wp\/v2\/types\/page"}],"author":[{"embeddable":true,"href":"https:\/\/gaiaerasmus.eu\/sr\/wp-json\/wp\/v2\/users\/1"}],"replies":[{"embeddable":true,"href":"https:\/\/gaiaerasmus.eu\/sr\/wp-json\/wp\/v2\/comments?post=913"}],"version-history":[{"count":4,"href":"https:\/\/gaiaerasmus.eu\/sr\/wp-json\/wp\/v2\/pages\/913\/revisions"}],"predecessor-version":[{"id":917,"href":"https:\/\/gaiaerasmus.eu\/sr\/wp-json\/wp\/v2\/pages\/913\/revisions\/917"}],"wp:attachment":[{"href":"https:\/\/gaiaerasmus.eu\/sr\/wp-json\/wp\/v2\/media?parent=913"}],"curies":[{"name":"\u0412\u041f","href":"https:\/\/api.w.org\/{rel}","templated":true}]}}