{"id":832,"date":"2025-07-17T10:39:59","date_gmt":"2025-07-17T10:39:59","guid":{"rendered":"https:\/\/gaiaerasmus.eu\/?page_id=832"},"modified":"2025-07-17T12:30:16","modified_gmt":"2025-07-17T12:30:16","slug":"local-training-courses-2","status":"publish","type":"page","link":"https:\/\/gaiaerasmus.eu\/it\/local-training-courses-2\/","title":{"rendered":"Corsi di formazione locali \u2013 Bejzbol Savez Srbije"},"content":{"rendered":"<div data-elementor-type=\"wp-page\" data-elementor-id=\"832\" class=\"elementor elementor-832\">\n\t\t\t\t\t\t<section class=\"has_eae_slider elementor-section elementor-top-section elementor-element elementor-element-584e15c elementor-section-boxed elementor-section-height-default elementor-section-height-default\" data-eae-slider=\"37658\" data-id=\"584e15c\" data-element_type=\"section\" data-e-type=\"section\">\n\t\t\t\t\t\t<div class=\"elementor-container elementor-column-gap-default\">\n\t\t\t\t\t<div class=\"has_eae_slider elementor-column elementor-col-100 elementor-top-column elementor-element elementor-element-21cdaf8\" data-eae-slider=\"44808\" data-id=\"21cdaf8\" data-element_type=\"column\" data-e-type=\"column\">\n\t\t\t<div class=\"elementor-widget-wrap elementor-element-populated\">\n\t\t\t\t\t\t<div class=\"elementor-element elementor-element-ba79420 elementor-widget elementor-widget-image\" data-id=\"ba79420\" data-element_type=\"widget\" data-e-type=\"widget\" data-widget_type=\"image.default\">\n\t\t\t\t<div class=\"elementor-widget-container\">\n\t\t\t\t\t\t\t\t\t\t\t\t\t\t\t<img decoding=\"async\" width=\"174\" height=\"164\" src=\"https:\/\/gaiaerasmus.eu\/wp-content\/uploads\/2025\/07\/photo_2025-07-17_14-27-22.jpg\" class=\"attachment-large size-large wp-image-839\" alt=\"\" \/>\t\t\t\t\t\t\t\t\t\t\t\t\t\t\t<\/div>\n\t\t\t\t<\/div>\n\t\t\t\t<div class=\"elementor-element elementor-element-422ec02 elementor-widget elementor-widget-text-editor\" data-id=\"422ec02\" data-element_type=\"widget\" data-e-type=\"widget\" data-widget_type=\"text-editor.default\">\n\t\t\t\t<div class=\"elementor-widget-container\">\n\t\t\t\t\t\t\t\t\t<p><strong>Organizzazione responsabile:<\/strong> Bejzbol Savez Srbije<br \/><strong>Posizione:<\/strong> Belgrado, Serbia<br \/><strong>Durata:<\/strong> 6 giorni interi<br \/><strong>Partecipanti:<\/strong> 4 membri di organizzazioni sportive<\/p><p>A Belgrado \u00e8 stato organizzato un corso di formazione di sei giorni per rafforzare la capacit\u00e0 delle organizzazioni sportive di applicare i principi di sostenibilit\u00e0 e buona governance. Quattro membri di enti sportivi locali hanno partecipato a sessioni interattive e valutazioni quotidiane per riflettere sui progressi e sui risultati di apprendimento. L&#039;obiettivo del corso era quello di acquisire conoscenze pratiche per un impatto positivo a lungo termine all&#039;interno delle loro organizzazioni.\u00a0<\/p>\t\t\t\t\t\t\t\t<\/div>\n\t\t\t\t<\/div>\n\t\t\t\t\t<\/div>\n\t\t<\/div>\n\t\t\t\t\t<\/div>\n\t\t<\/section>\n\t\t\t\t<section class=\"has_eae_slider elementor-section elementor-top-section elementor-element elementor-element-5d3f6efd elementor-section-boxed elementor-section-height-default elementor-section-height-default\" data-eae-slider=\"41538\" data-id=\"5d3f6efd\" data-element_type=\"section\" data-e-type=\"section\">\n\t\t\t\t\t\t<div class=\"elementor-container elementor-column-gap-default\">\n\t\t\t\t\t<div class=\"has_eae_slider elementor-column elementor-col-100 elementor-top-column elementor-element elementor-element-22b88a40\" data-eae-slider=\"59490\" data-id=\"22b88a40\" data-element_type=\"column\" data-e-type=\"column\">\n\t\t\t<div class=\"elementor-widget-wrap elementor-element-populated\">\n\t\t\t\t\t\t<div class=\"elementor-element elementor-element-701f0222 gallery-spacing-custom elementor-widget elementor-widget-image-gallery\" data-id=\"701f0222\" data-element_type=\"widget\" data-e-type=\"widget\" data-widget_type=\"image-gallery.default\">\n\t\t\t\t<div class=\"elementor-widget-container\">\n\t\t\t\t\t\t\t<div class=\"elementor-image-gallery\">\n\t\t\t<div id='gallery-1' class='gallery galleryid-832 gallery-columns-3 gallery-size-medium'><figure class='gallery-item'>\n\t\t\t<div class='gallery-icon landscape'>\n\t\t\t\t<a data-elementor-open-lightbox=\"yes\" data-elementor-lightbox-slideshow=\"701f0222\" data-elementor-lightbox-title=\"Day_1_3\" data-e-action-hash=\"#elementor-action%3Aaction%3Dlightbox%26settings%3DeyJpZCI6NzczLCJ1cmwiOiJodHRwczpcL1wvZ2FpYWVyYXNtdXMuZXVcL3dwLWNvbnRlbnRcL3VwbG9hZHNcLzIwMjVcLzA2XC9EYXlfMV8zLXNjYWxlZC5qcGVnIiwic2xpZGVzaG93IjoiNzAxZjAyMjIifQ%3D%3D\" href='https:\/\/gaiaerasmus.eu\/wp-content\/uploads\/2025\/06\/Day_1_3-scaled.jpeg'><img fetchpriority=\"high\" decoding=\"async\" width=\"300\" height=\"225\" src=\"https:\/\/gaiaerasmus.eu\/wp-content\/uploads\/2025\/06\/Day_1_3-300x225.jpeg\" class=\"attachment-medium size-medium\" alt=\"\" srcset=\"https:\/\/gaiaerasmus.eu\/wp-content\/uploads\/2025\/06\/Day_1_3-300x225.jpeg 300w, https:\/\/gaiaerasmus.eu\/wp-content\/uploads\/2025\/06\/Day_1_3-1024x768.jpeg 1024w, https:\/\/gaiaerasmus.eu\/wp-content\/uploads\/2025\/06\/Day_1_3-768x576.jpeg 768w, https:\/\/gaiaerasmus.eu\/wp-content\/uploads\/2025\/06\/Day_1_3-1536x1152.jpeg 1536w, https:\/\/gaiaerasmus.eu\/wp-content\/uploads\/2025\/06\/Day_1_3-2048x1536.jpeg 2048w\" sizes=\"(max-width: 300px) 100vw, 300px\" \/><\/a>\n\t\t\t<\/div><\/figure><figure class='gallery-item'>\n\t\t\t<div class='gallery-icon landscape'>\n\t\t\t\t<a data-elementor-open-lightbox=\"yes\" data-elementor-lightbox-slideshow=\"701f0222\" data-elementor-lightbox-title=\"Day_1_2\" data-e-action-hash=\"#elementor-action%3Aaction%3Dlightbox%26settings%3DeyJpZCI6Nzc0LCJ1cmwiOiJodHRwczpcL1wvZ2FpYWVyYXNtdXMuZXVcL3dwLWNvbnRlbnRcL3VwbG9hZHNcLzIwMjVcLzA2XC9EYXlfMV8yLXNjYWxlZC5qcGVnIiwic2xpZGVzaG93IjoiNzAxZjAyMjIifQ%3D%3D\" href='https:\/\/gaiaerasmus.eu\/wp-content\/uploads\/2025\/06\/Day_1_2-scaled.jpeg'><img decoding=\"async\" width=\"300\" height=\"225\" src=\"https:\/\/gaiaerasmus.eu\/wp-content\/uploads\/2025\/06\/Day_1_2-300x225.jpeg\" class=\"attachment-medium size-medium\" alt=\"\" srcset=\"https:\/\/gaiaerasmus.eu\/wp-content\/uploads\/2025\/06\/Day_1_2-300x225.jpeg 300w, https:\/\/gaiaerasmus.eu\/wp-content\/uploads\/2025\/06\/Day_1_2-1024x768.jpeg 1024w, https:\/\/gaiaerasmus.eu\/wp-content\/uploads\/2025\/06\/Day_1_2-768x576.jpeg 768w, https:\/\/gaiaerasmus.eu\/wp-content\/uploads\/2025\/06\/Day_1_2-1536x1152.jpeg 1536w, https:\/\/gaiaerasmus.eu\/wp-content\/uploads\/2025\/06\/Day_1_2-2048x1536.jpeg 2048w\" sizes=\"(max-width: 300px) 100vw, 300px\" \/><\/a>\n\t\t\t<\/div><\/figure><figure class='gallery-item'>\n\t\t\t<div class='gallery-icon landscape'>\n\t\t\t\t<a data-elementor-open-lightbox=\"yes\" data-elementor-lightbox-slideshow=\"701f0222\" data-elementor-lightbox-title=\"Day_1_1\" data-e-action-hash=\"#elementor-action%3Aaction%3Dlightbox%26settings%3DeyJpZCI6Nzc1LCJ1cmwiOiJodHRwczpcL1wvZ2FpYWVyYXNtdXMuZXVcL3dwLWNvbnRlbnRcL3VwbG9hZHNcLzIwMjVcLzA2XC9EYXlfMV8xLXNjYWxlZC5qcGVnIiwic2xpZGVzaG93IjoiNzAxZjAyMjIifQ%3D%3D\" href='https:\/\/gaiaerasmus.eu\/wp-content\/uploads\/2025\/06\/Day_1_1-scaled.jpeg'><img loading=\"lazy\" decoding=\"async\" width=\"300\" height=\"225\" src=\"https:\/\/gaiaerasmus.eu\/wp-content\/uploads\/2025\/06\/Day_1_1-300x225.jpeg\" class=\"attachment-medium size-medium\" alt=\"\" srcset=\"https:\/\/gaiaerasmus.eu\/wp-content\/uploads\/2025\/06\/Day_1_1-300x225.jpeg 300w, https:\/\/gaiaerasmus.eu\/wp-content\/uploads\/2025\/06\/Day_1_1-1024x768.jpeg 1024w, https:\/\/gaiaerasmus.eu\/wp-content\/uploads\/2025\/06\/Day_1_1-768x576.jpeg 768w, https:\/\/gaiaerasmus.eu\/wp-content\/uploads\/2025\/06\/Day_1_1-1536x1152.jpeg 1536w, https:\/\/gaiaerasmus.eu\/wp-content\/uploads\/2025\/06\/Day_1_1-2048x1536.jpeg 2048w\" sizes=\"(max-width: 300px) 100vw, 300px\" \/><\/a>\n\t\t\t<\/div><\/figure><figure class='gallery-item'>\n\t\t\t<div class='gallery-icon landscape'>\n\t\t\t\t<a data-elementor-open-lightbox=\"yes\" data-elementor-lightbox-slideshow=\"701f0222\" data-elementor-lightbox-title=\"Day_6_5\" data-e-action-hash=\"#elementor-action%3Aaction%3Dlightbox%26settings%3DeyJpZCI6Nzc2LCJ1cmwiOiJodHRwczpcL1wvZ2FpYWVyYXNtdXMuZXVcL3dwLWNvbnRlbnRcL3VwbG9hZHNcLzIwMjVcLzA2XC9EYXlfNl81LXNjYWxlZC5qcGVnIiwic2xpZGVzaG93IjoiNzAxZjAyMjIifQ%3D%3D\" href='https:\/\/gaiaerasmus.eu\/wp-content\/uploads\/2025\/06\/Day_6_5-scaled.jpeg'><img loading=\"lazy\" decoding=\"async\" width=\"300\" height=\"225\" src=\"https:\/\/gaiaerasmus.eu\/wp-content\/uploads\/2025\/06\/Day_6_5-300x225.jpeg\" class=\"attachment-medium size-medium\" alt=\"\" srcset=\"https:\/\/gaiaerasmus.eu\/wp-content\/uploads\/2025\/06\/Day_6_5-300x225.jpeg 300w, https:\/\/gaiaerasmus.eu\/wp-content\/uploads\/2025\/06\/Day_6_5-1024x768.jpeg 1024w, https:\/\/gaiaerasmus.eu\/wp-content\/uploads\/2025\/06\/Day_6_5-768x576.jpeg 768w, https:\/\/gaiaerasmus.eu\/wp-content\/uploads\/2025\/06\/Day_6_5-1536x1152.jpeg 1536w, https:\/\/gaiaerasmus.eu\/wp-content\/uploads\/2025\/06\/Day_6_5-2048x1536.jpeg 2048w\" sizes=\"(max-width: 300px) 100vw, 300px\" \/><\/a>\n\t\t\t<\/div><\/figure><figure class='gallery-item'>\n\t\t\t<div class='gallery-icon landscape'>\n\t\t\t\t<a data-elementor-open-lightbox=\"yes\" data-elementor-lightbox-slideshow=\"701f0222\" data-elementor-lightbox-title=\"Day_3_5\" data-e-action-hash=\"#elementor-action%3Aaction%3Dlightbox%26settings%3DeyJpZCI6Nzc3LCJ1cmwiOiJodHRwczpcL1wvZ2FpYWVyYXNtdXMuZXVcL3dwLWNvbnRlbnRcL3VwbG9hZHNcLzIwMjVcLzA2XC9EYXlfM181LXNjYWxlZC5qcGVnIiwic2xpZGVzaG93IjoiNzAxZjAyMjIifQ%3D%3D\" href='https:\/\/gaiaerasmus.eu\/wp-content\/uploads\/2025\/06\/Day_3_5-scaled.jpeg'><img loading=\"lazy\" decoding=\"async\" width=\"300\" height=\"225\" src=\"https:\/\/gaiaerasmus.eu\/wp-content\/uploads\/2025\/06\/Day_3_5-300x225.jpeg\" class=\"attachment-medium size-medium\" alt=\"\" srcset=\"https:\/\/gaiaerasmus.eu\/wp-content\/uploads\/2025\/06\/Day_3_5-300x225.jpeg 300w, https:\/\/gaiaerasmus.eu\/wp-content\/uploads\/2025\/06\/Day_3_5-1024x768.jpeg 1024w, https:\/\/gaiaerasmus.eu\/wp-content\/uploads\/2025\/06\/Day_3_5-768x576.jpeg 768w, https:\/\/gaiaerasmus.eu\/wp-content\/uploads\/2025\/06\/Day_3_5-1536x1152.jpeg 1536w, https:\/\/gaiaerasmus.eu\/wp-content\/uploads\/2025\/06\/Day_3_5-2048x1536.jpeg 2048w\" sizes=\"(max-width: 300px) 100vw, 300px\" \/><\/a>\n\t\t\t<\/div><\/figure><figure class='gallery-item'>\n\t\t\t<div class='gallery-icon landscape'>\n\t\t\t\t<a data-elementor-open-lightbox=\"yes\" data-elementor-lightbox-slideshow=\"701f0222\" data-elementor-lightbox-title=\"Day_2_3\" data-e-action-hash=\"#elementor-action%3Aaction%3Dlightbox%26settings%3DeyJpZCI6Nzc4LCJ1cmwiOiJodHRwczpcL1wvZ2FpYWVyYXNtdXMuZXVcL3dwLWNvbnRlbnRcL3VwbG9hZHNcLzIwMjVcLzA2XC9EYXlfMl8zLXNjYWxlZC5qcGVnIiwic2xpZGVzaG93IjoiNzAxZjAyMjIifQ%3D%3D\" href='https:\/\/gaiaerasmus.eu\/wp-content\/uploads\/2025\/06\/Day_2_3-scaled.jpeg'><img loading=\"lazy\" decoding=\"async\" width=\"300\" height=\"225\" src=\"https:\/\/gaiaerasmus.eu\/wp-content\/uploads\/2025\/06\/Day_2_3-300x225.jpeg\" class=\"attachment-medium size-medium\" alt=\"\" srcset=\"https:\/\/gaiaerasmus.eu\/wp-content\/uploads\/2025\/06\/Day_2_3-300x225.jpeg 300w, https:\/\/gaiaerasmus.eu\/wp-content\/uploads\/2025\/06\/Day_2_3-1024x768.jpeg 1024w, https:\/\/gaiaerasmus.eu\/wp-content\/uploads\/2025\/06\/Day_2_3-768x576.jpeg 768w, https:\/\/gaiaerasmus.eu\/wp-content\/uploads\/2025\/06\/Day_2_3-1536x1152.jpeg 1536w, https:\/\/gaiaerasmus.eu\/wp-content\/uploads\/2025\/06\/Day_2_3-2048x1536.jpeg 2048w\" sizes=\"(max-width: 300px) 100vw, 300px\" \/><\/a>\n\t\t\t<\/div><\/figure>\n\t\t<\/div>\n\t\t<\/div>\n\t\t\t\t\t\t<\/div>\n\t\t\t\t<\/div>\n\t\t\t\t\t<\/div>\n\t\t<\/div>\n\t\t\t\t\t<\/div>\n\t\t<\/section>\n\t\t\t\t<section class=\"has_eae_slider elementor-section elementor-top-section elementor-element elementor-element-881af41 elementor-section-boxed elementor-section-height-default elementor-section-height-default\" data-eae-slider=\"82344\" data-id=\"881af41\" data-element_type=\"section\" data-e-type=\"section\">\n\t\t\t\t\t\t<div class=\"elementor-container elementor-column-gap-default\">\n\t\t\t\t\t<div class=\"has_eae_slider elementor-column elementor-col-100 elementor-top-column elementor-element elementor-element-460e2c1\" data-eae-slider=\"24180\" data-id=\"460e2c1\" data-element_type=\"column\" data-e-type=\"column\">\n\t\t\t<div class=\"elementor-widget-wrap\">\n\t\t\t\t\t\t\t<\/div>\n\t\t<\/div>\n\t\t\t\t\t<\/div>\n\t\t<\/section>\n\t\t\t\t<\/div>","protected":false},"excerpt":{"rendered":"<p>Responsible organization: Bejzbol Savez SrbijeLocation: Belgrade, SerbiaDuration: 6 full daysParticipants: 4 members of sport organizations A six-day training was organized in Belgrade to strengthen the capacity of sport organizations in applying sustainability and good governance principles. Four members from local sports entities took part in interactive sessions and daily evaluations to reflect on progress and [&hellip;]<\/p>\n","protected":false},"author":1,"featured_media":0,"parent":0,"menu_order":0,"comment_status":"closed","ping_status":"closed","template":"","meta":{"_eb_attr":"","footnotes":""},"class_list":["post-832","page","type-page","status-publish","hentry"],"blocksy_meta":[],"_links":{"self":[{"href":"https:\/\/gaiaerasmus.eu\/it\/wp-json\/wp\/v2\/pages\/832","targetHints":{"allow":["GET"]}}],"collection":[{"href":"https:\/\/gaiaerasmus.eu\/it\/wp-json\/wp\/v2\/pages"}],"about":[{"href":"https:\/\/gaiaerasmus.eu\/it\/wp-json\/wp\/v2\/types\/page"}],"author":[{"embeddable":true,"href":"https:\/\/gaiaerasmus.eu\/it\/wp-json\/wp\/v2\/users\/1"}],"replies":[{"embeddable":true,"href":"https:\/\/gaiaerasmus.eu\/it\/wp-json\/wp\/v2\/comments?post=832"}],"version-history":[{"count":8,"href":"https:\/\/gaiaerasmus.eu\/it\/wp-json\/wp\/v2\/pages\/832\/revisions"}],"predecessor-version":[{"id":843,"href":"https:\/\/gaiaerasmus.eu\/it\/wp-json\/wp\/v2\/pages\/832\/revisions\/843"}],"wp:attachment":[{"href":"https:\/\/gaiaerasmus.eu\/it\/wp-json\/wp\/v2\/media?parent=832"}],"curies":[{"name":"parola chiave","href":"https:\/\/api.w.org\/{rel}","templated":true}]}}