{"id":563,"date":"2025-05-20T10:57:32","date_gmt":"2025-05-20T10:57:32","guid":{"rendered":"https:\/\/gaiaerasmus.eu\/?page_id=563"},"modified":"2025-05-20T10:58:08","modified_gmt":"2025-05-20T10:58:08","slug":"questionnaire","status":"publish","type":"page","link":"https:\/\/gaiaerasmus.eu\/it\/questionnaire\/","title":{"rendered":"Questionario di autovalutazione: sostenibilit\u00e0 e buona governance nello sport"},"content":{"rendered":"<p>Questo questionario di autovalutazione \u00e8 progettato per valutare il grado di attuazione dei principi di sostenibilit\u00e0 e buona governance all&#039;interno delle organizzazioni attivamente impegnate nel settore sportivo. Il questionario fa parte di un risultato chiave del progetto europeo &quot;Good Governance and Sustainability in Sport Practice&quot; (GAIA), che mira a supportare le organizzazioni sportive in tutta Europa nel rispondere alle sfide globali della sostenibilit\u00e0, supportando l&#039;allineamento con gli Obiettivi di Sviluppo Sostenibile (SDG) delle Nazioni Unite, in particolare l&#039;SDG 11 (Citt\u00e0 e comunit\u00e0 sostenibili), l&#039;SDG 13 (Azione per il clima) e l&#039;SDG 17 (Partnership per gli Obiettivi).<br>Completando il questionario, la tua organizzazione ricever\u00e0 un report personalizzato che fornir\u00e0 una panoramica delle sue attuali prestazioni, insieme a consigli pratici per migliorare le pratiche di sostenibilit\u00e0 e governance.<\/p>\n\n\n\n<p>Questionari:<br><br><a href=\"https:\/\/gaiaerasmus.eu\/it\/qsm_quiz\/self-assessment-questionaire-1\/\" data-type=\"link\" data-id=\"https:\/\/gaiaerasmus.eu\/qsm_quiz\/self-assessment-questionaire-1\/\">Parte 1 \u2013 Buona governance<\/a><br><br><a href=\"https:\/\/gaiaerasmus.eu\/it\/qsm_quiz\/self-assessment-questionnaire-2\/\" data-type=\"link\" data-id=\"https:\/\/gaiaerasmus.eu\/qsm_quiz\/self-assessment-questionnaire-2\/\">Parte 2 \u2013 Sostenibilit\u00e0<\/a><\/p>\n\n\n\n<p><\/p>","protected":false},"excerpt":{"rendered":"<p>This self-assessment questionnaire is designed to evaluate the extent to which sustainability and good governance principles are implemented within organisations actively engaged in the sports sector. The questionnaire is part of a key deliverable under the European project \u201cGood Governance and Sustainability in Sport Practice\u201d (GAIA), which aims to empower sports organisations across Europe to [&hellip;]<\/p>\n","protected":false},"author":1,"featured_media":0,"parent":0,"menu_order":0,"comment_status":"closed","ping_status":"closed","template":"","meta":{"_eb_attr":"","footnotes":""},"class_list":["post-563","page","type-page","status-publish","hentry"],"blocksy_meta":[],"_links":{"self":[{"href":"https:\/\/gaiaerasmus.eu\/it\/wp-json\/wp\/v2\/pages\/563","targetHints":{"allow":["GET"]}}],"collection":[{"href":"https:\/\/gaiaerasmus.eu\/it\/wp-json\/wp\/v2\/pages"}],"about":[{"href":"https:\/\/gaiaerasmus.eu\/it\/wp-json\/wp\/v2\/types\/page"}],"author":[{"embeddable":true,"href":"https:\/\/gaiaerasmus.eu\/it\/wp-json\/wp\/v2\/users\/1"}],"replies":[{"embeddable":true,"href":"https:\/\/gaiaerasmus.eu\/it\/wp-json\/wp\/v2\/comments?post=563"}],"version-history":[{"count":2,"href":"https:\/\/gaiaerasmus.eu\/it\/wp-json\/wp\/v2\/pages\/563\/revisions"}],"predecessor-version":[{"id":565,"href":"https:\/\/gaiaerasmus.eu\/it\/wp-json\/wp\/v2\/pages\/563\/revisions\/565"}],"wp:attachment":[{"href":"https:\/\/gaiaerasmus.eu\/it\/wp-json\/wp\/v2\/media?parent=563"}],"curies":[{"name":"parola chiave","href":"https:\/\/api.w.org\/{rel}","templated":true}]}}