{"id":981,"date":"2025-07-17T15:18:55","date_gmt":"2025-07-17T15:18:55","guid":{"rendered":"https:\/\/gaiaerasmus.eu\/?page_id=981"},"modified":"2025-07-17T15:29:01","modified_gmt":"2025-07-17T15:29:01","slug":"national-multiplier-events-urban-research-and-education","status":"publish","type":"page","link":"https:\/\/gaiaerasmus.eu\/hu\/national-multiplier-events-urban-research-and-education\/","title":{"rendered":"Orsz\u00e1gos Multiplik\u00e1ci\u00f3s Rendezv\u00e9nyek \u2013 V\u00e1roskutat\u00e1s \u00e9s Oktat\u00e1s"},"content":{"rendered":"<div data-elementor-type=\"wp-page\" data-elementor-id=\"981\" class=\"elementor elementor-981\">\n\t\t\t\t\t\t<section class=\"has_eae_slider elementor-section elementor-top-section elementor-element elementor-element-d10c380 elementor-section-boxed elementor-section-height-default elementor-section-height-default\" data-eae-slider=\"16842\" data-id=\"d10c380\" data-element_type=\"section\" data-e-type=\"section\">\n\t\t\t\t\t\t<div class=\"elementor-container elementor-column-gap-default\">\n\t\t\t\t\t<div class=\"has_eae_slider elementor-column elementor-col-100 elementor-top-column elementor-element elementor-element-a7276ce\" data-eae-slider=\"17582\" data-id=\"a7276ce\" data-element_type=\"column\" data-e-type=\"column\">\n\t\t\t<div class=\"elementor-widget-wrap elementor-element-populated\">\n\t\t\t\t\t\t<div class=\"elementor-element elementor-element-0721041 elementor-widget elementor-widget-text-editor\" data-id=\"0721041\" data-element_type=\"widget\" data-e-type=\"widget\" data-widget_type=\"text-editor.default\">\n\t\t\t\t<div class=\"elementor-widget-container\">\n\t\t\t\t\t\t\t\t\t<p><strong>Berlin, N\u00e9metorsz\u00e1g<\/strong><\/p><p>A V\u00e1roskutat\u00e1s \u00e9s Oktat\u00e1s r\u00e9szlege vezette a berlini multiplik\u00e1tor rendezv\u00e9nyt, amely a GAIA kezdem\u00e9nyez\u00e9s v\u00e9gs\u0151 eredm\u00e9nyeit hozta nyilv\u00e1noss\u00e1gra. K\u00f6r\u00fclbel\u00fcl 30, az oktat\u00e1s, a sport, a k\u00f6rnyezetv\u00e9delmi szervezetek \u00e9s a politikai d\u00f6nt\u00e9shozatal ter\u00fclet\u00e9r\u0151l \u00e9rkez\u0151 szem\u00e9ly vett r\u00e9szt. Az esem\u00e9ny hangs\u00falyozta az egy\u00fcttm\u0171k\u00f6d\u00e9sen alapul\u00f3 tanul\u00e1st, bemutatta a projekt eredm\u00e9nyeit, \u00e9s p\u00e1rbesz\u00e9det ind\u00edtott arr\u00f3l, hogyan lehet megism\u00e9telni \u00e9s kiterjeszteni a hat\u00e1s\u00e1t. A z\u00e1r\u00f3\u00fcl\u00e9s lehet\u0151s\u00e9get adott a k\u00f6lcs\u00f6n\u00f6s visszajelz\u00e9sre.<\/p><p><strong>Napirend:<\/strong><\/p><ol><li>A GAIA \u00e9s a Konzorcium \u00e1ttekint\u00e9se<\/li><li>Tev\u00e9kenys\u00e9g-\u00e1ttekint\u00e9s \u00e9s eredm\u00e9nyek<\/li><li>V\u00e9gs\u0151 kimenetek bemutat\u00e1sa<\/li><li>J\u00f6v\u0151beli egy\u00fcttm\u0171k\u00f6d\u00e9si javaslatok<\/li><li>Visszajelz\u00e9s \u00e9s hivatalos lez\u00e1r\u00e1s<\/li><\/ol>\t\t\t\t\t\t\t\t<\/div>\n\t\t\t\t<\/div>\n\t\t\t\t\t<\/div>\n\t\t<\/div>\n\t\t\t\t\t<\/div>\n\t\t<\/section>\n\t\t\t\t<section class=\"has_eae_slider elementor-section elementor-top-section elementor-element elementor-element-de4e4a2 elementor-section-boxed elementor-section-height-default elementor-section-height-default\" data-eae-slider=\"37785\" data-id=\"de4e4a2\" data-element_type=\"section\" data-e-type=\"section\">\n\t\t\t\t\t\t<div class=\"elementor-container elementor-column-gap-default\">\n\t\t\t\t\t<div class=\"has_eae_slider elementor-column elementor-col-100 elementor-top-column elementor-element elementor-element-fd99d1a\" data-eae-slider=\"52256\" data-id=\"fd99d1a\" data-element_type=\"column\" data-e-type=\"column\">\n\t\t\t<div class=\"elementor-widget-wrap elementor-element-populated\">\n\t\t\t\t\t\t<div class=\"elementor-element elementor-element-6462ee2 elementor-widget-divider--view-line elementor-widget elementor-widget-divider\" data-id=\"6462ee2\" data-element_type=\"widget\" data-e-type=\"widget\" data-widget_type=\"divider.default\">\n\t\t\t\t<div class=\"elementor-widget-container\">\n\t\t\t\t\t\t\t<div class=\"elementor-divider\">\n\t\t\t<span class=\"elementor-divider-separator\">\n\t\t\t\t\t\t<\/span>\n\t\t<\/div>\n\t\t\t\t\t\t<\/div>\n\t\t\t\t<\/div>\n\t\t\t\t\t<\/div>\n\t\t<\/div>\n\t\t\t\t\t<\/div>\n\t\t<\/section>\n\t\t\t\t<\/div>","protected":false},"excerpt":{"rendered":"<p>Berlin, Germany Urban Research and Education led the Berlin-based multiplier event to publicize the final deliverables of the GAIA initiative. Around 30 individuals from education, sport, environmental organizations, and policymaking attended. The event emphasized collaborative learning, unveiling the results of the project and sparking conversations on how to replicate and expand its impact. The closing [&hellip;]<\/p>\n","protected":false},"author":1,"featured_media":0,"parent":0,"menu_order":0,"comment_status":"closed","ping_status":"closed","template":"","meta":{"_eb_attr":"","footnotes":""},"class_list":["post-981","page","type-page","status-publish","hentry"],"blocksy_meta":[],"_links":{"self":[{"href":"https:\/\/gaiaerasmus.eu\/hu\/wp-json\/wp\/v2\/pages\/981","targetHints":{"allow":["GET"]}}],"collection":[{"href":"https:\/\/gaiaerasmus.eu\/hu\/wp-json\/wp\/v2\/pages"}],"about":[{"href":"https:\/\/gaiaerasmus.eu\/hu\/wp-json\/wp\/v2\/types\/page"}],"author":[{"embeddable":true,"href":"https:\/\/gaiaerasmus.eu\/hu\/wp-json\/wp\/v2\/users\/1"}],"replies":[{"embeddable":true,"href":"https:\/\/gaiaerasmus.eu\/hu\/wp-json\/wp\/v2\/comments?post=981"}],"version-history":[{"count":7,"href":"https:\/\/gaiaerasmus.eu\/hu\/wp-json\/wp\/v2\/pages\/981\/revisions"}],"predecessor-version":[{"id":989,"href":"https:\/\/gaiaerasmus.eu\/hu\/wp-json\/wp\/v2\/pages\/981\/revisions\/989"}],"wp:attachment":[{"href":"https:\/\/gaiaerasmus.eu\/hu\/wp-json\/wp\/v2\/media?parent=981"}],"curies":[{"name":"munkaf\u00fczet","href":"https:\/\/api.w.org\/{rel}","templated":true}]}}