{"id":952,"date":"2025-07-17T14:44:57","date_gmt":"2025-07-17T14:44:57","guid":{"rendered":"https:\/\/gaiaerasmus.eu\/?page_id=952"},"modified":"2025-07-17T14:53:57","modified_gmt":"2025-07-17T14:53:57","slug":"national-multiplier-events-bejzbol-savez-srbije","status":"publish","type":"page","link":"https:\/\/gaiaerasmus.eu\/hu\/national-multiplier-events-bejzbol-savez-srbije\/","title":{"rendered":"Orsz\u00e1gos szorz\u00f3esem\u00e9nyek \u2013 Bejzbol Savez Srbije"},"content":{"rendered":"<div data-elementor-type=\"wp-page\" data-elementor-id=\"952\" class=\"elementor elementor-952\">\n\t\t\t\t\t\t<section class=\"has_eae_slider elementor-section elementor-top-section elementor-element elementor-element-d10c380 elementor-section-boxed elementor-section-height-default elementor-section-height-default\" data-eae-slider=\"53280\" data-id=\"d10c380\" data-element_type=\"section\" data-e-type=\"section\">\n\t\t\t\t\t\t<div class=\"elementor-container elementor-column-gap-default\">\n\t\t\t\t\t<div class=\"has_eae_slider elementor-column elementor-col-100 elementor-top-column elementor-element elementor-element-a7276ce\" data-eae-slider=\"35512\" data-id=\"a7276ce\" data-element_type=\"column\" data-e-type=\"column\">\n\t\t\t<div class=\"elementor-widget-wrap elementor-element-populated\">\n\t\t\t\t\t\t<div class=\"elementor-element elementor-element-0721041 elementor-widget elementor-widget-text-editor\" data-id=\"0721041\" data-element_type=\"widget\" data-e-type=\"widget\" data-widget_type=\"text-editor.default\">\n\t\t\t\t<div class=\"elementor-widget-container\">\n\t\t\t\t\t\t\t\t\t<p><strong>Belgr\u00e1d, Szerbia<\/strong><\/p><p>Belgr\u00e1dban a Bejzbol Savez Srbije egy eg\u00e9sz napos orsz\u00e1gos multiplik\u00e1tor rendezv\u00e9nyt tartott a GAIA projekt v\u00e9gs\u0151 eredm\u00e9nyeinek bemutat\u00e1s\u00e1ra. Az esem\u00e9nyen sportklubok k\u00e9pvisel\u0151i, oktat\u00f3k, k\u00f6rnyezetv\u00e9delmi aktivist\u00e1k \u00e9s politikai szerepl\u0151k vettek r\u00e9szt, hogy megvitass\u00e1k a projekt eredm\u00e9nyeit. A r\u00e9sztvev\u0151k megismerkedtek a konzorcium munk\u00e1j\u00e1val, megvitatt\u00e1k a f\u0151bb eredm\u00e9nyeket, \u00e9s \u00e1ttekintett\u00e9k a j\u00f6v\u0151beli lehet\u0151s\u00e9geket. K\u00f6r\u00fclbel\u00fcl 30 r\u00e9sztvev\u0151 vett r\u00e9szt egy dinamikus programban, amely el\u0151ad\u00e1sokat, eszmecser\u00e9ket \u00e9s egy z\u00e1r\u00f3 \u00e9rt\u00e9kel\u0151 \u00fcl\u00e9st is tartalmazott.<\/p><p><strong>Napirend:<\/strong><\/p><ol><li>Projekt \u00e9s konzorcium bemutat\u00e1sa<\/li><li>Tev\u00e9kenys\u00e9gek \u00e9s legfontosabb eredm\u00e9nyek<\/li><li>Sz\u00e1ll\u00edtand\u00f3k \u00e1ttekint\u00e9se<\/li><li>\u00d6tletek \u00e9s tev\u00e9kenys\u00e9gek a folytat\u00e1shoz<\/li><li>Z\u00e1r\u00e1s \u00e9s \u00e9rt\u00e9kel\u00e9s<\/li><\/ol>\t\t\t\t\t\t\t\t<\/div>\n\t\t\t\t<\/div>\n\t\t\t\t\t<\/div>\n\t\t<\/div>\n\t\t\t\t\t<\/div>\n\t\t<\/section>\n\t\t\t\t<section class=\"has_eae_slider elementor-section elementor-top-section elementor-element elementor-element-de4e4a2 elementor-section-boxed elementor-section-height-default elementor-section-height-default\" data-eae-slider=\"19328\" data-id=\"de4e4a2\" data-element_type=\"section\" data-e-type=\"section\">\n\t\t\t\t\t\t<div class=\"elementor-container elementor-column-gap-default\">\n\t\t\t\t\t<div class=\"has_eae_slider elementor-column elementor-col-100 elementor-top-column elementor-element elementor-element-fd99d1a\" data-eae-slider=\"54217\" data-id=\"fd99d1a\" data-element_type=\"column\" data-e-type=\"column\">\n\t\t\t<div class=\"elementor-widget-wrap\">\n\t\t\t\t\t\t\t<\/div>\n\t\t<\/div>\n\t\t\t\t\t<\/div>\n\t\t<\/section>\n\t\t\t\t<section class=\"has_eae_slider elementor-section elementor-top-section elementor-element elementor-element-225031f elementor-section-boxed elementor-section-height-default elementor-section-height-default\" data-eae-slider=\"10657\" data-id=\"225031f\" data-element_type=\"section\" data-e-type=\"section\">\n\t\t\t\t\t\t<div class=\"elementor-container elementor-column-gap-default\">\n\t\t\t\t\t<div class=\"has_eae_slider elementor-column elementor-col-25 elementor-top-column elementor-element elementor-element-df51d96\" data-eae-slider=\"69201\" data-id=\"df51d96\" data-element_type=\"column\" data-e-type=\"column\">\n\t\t\t<div class=\"elementor-widget-wrap elementor-element-populated\">\n\t\t\t\t\t\t<div class=\"elementor-element elementor-element-15b32e4 elementor-widget elementor-widget-image\" data-id=\"15b32e4\" data-element_type=\"widget\" data-e-type=\"widget\" data-widget_type=\"image.default\">\n\t\t\t\t<div class=\"elementor-widget-container\">\n\t\t\t\t\t\t\t\t\t\t\t\t\t\t\t<img fetchpriority=\"high\" decoding=\"async\" width=\"1024\" height=\"768\" src=\"https:\/\/gaiaerasmus.eu\/wp-content\/uploads\/2025\/07\/2-1024x768.jpg\" class=\"attachment-large size-large wp-image-957\" alt=\"\" srcset=\"https:\/\/gaiaerasmus.eu\/wp-content\/uploads\/2025\/07\/2-1024x768.jpg 1024w, https:\/\/gaiaerasmus.eu\/wp-content\/uploads\/2025\/07\/2-300x225.jpg 300w, https:\/\/gaiaerasmus.eu\/wp-content\/uploads\/2025\/07\/2-768x576.jpg 768w, https:\/\/gaiaerasmus.eu\/wp-content\/uploads\/2025\/07\/2-1536x1152.jpg 1536w, https:\/\/gaiaerasmus.eu\/wp-content\/uploads\/2025\/07\/2-2048x1536.jpg 2048w\" sizes=\"(max-width: 1024px) 100vw, 1024px\" \/>\t\t\t\t\t\t\t\t\t\t\t\t\t\t\t<\/div>\n\t\t\t\t<\/div>\n\t\t\t\t\t<\/div>\n\t\t<\/div>\n\t\t\t\t<div class=\"has_eae_slider elementor-column elementor-col-25 elementor-top-column elementor-element elementor-element-1f51ed5\" data-eae-slider=\"63605\" data-id=\"1f51ed5\" data-element_type=\"column\" data-e-type=\"column\">\n\t\t\t<div class=\"elementor-widget-wrap elementor-element-populated\">\n\t\t\t\t\t\t<div class=\"elementor-element elementor-element-ea41d40 elementor-widget elementor-widget-image\" data-id=\"ea41d40\" data-element_type=\"widget\" data-e-type=\"widget\" data-widget_type=\"image.default\">\n\t\t\t\t<div class=\"elementor-widget-container\">\n\t\t\t\t\t\t\t\t\t\t\t\t\t\t\t<img decoding=\"async\" width=\"1024\" height=\"577\" src=\"https:\/\/gaiaerasmus.eu\/wp-content\/uploads\/2025\/07\/1-1-1024x577.jpg\" class=\"attachment-large size-large wp-image-958\" alt=\"\" srcset=\"https:\/\/gaiaerasmus.eu\/wp-content\/uploads\/2025\/07\/1-1-1024x577.jpg 1024w, https:\/\/gaiaerasmus.eu\/wp-content\/uploads\/2025\/07\/1-1-300x169.jpg 300w, https:\/\/gaiaerasmus.eu\/wp-content\/uploads\/2025\/07\/1-1-768x432.jpg 768w, https:\/\/gaiaerasmus.eu\/wp-content\/uploads\/2025\/07\/1-1-1536x865.jpg 1536w, https:\/\/gaiaerasmus.eu\/wp-content\/uploads\/2025\/07\/1-1.jpg 1600w\" sizes=\"(max-width: 1024px) 100vw, 1024px\" \/>\t\t\t\t\t\t\t\t\t\t\t\t\t\t\t<\/div>\n\t\t\t\t<\/div>\n\t\t\t\t\t<\/div>\n\t\t<\/div>\n\t\t\t\t<div class=\"has_eae_slider elementor-column elementor-col-25 elementor-top-column elementor-element elementor-element-e08919c\" data-eae-slider=\"3144\" data-id=\"e08919c\" data-element_type=\"column\" data-e-type=\"column\">\n\t\t\t<div class=\"elementor-widget-wrap elementor-element-populated\">\n\t\t\t\t\t\t<div class=\"elementor-element elementor-element-0d4a6dc elementor-widget__width-initial elementor-widget elementor-widget-image\" data-id=\"0d4a6dc\" data-element_type=\"widget\" data-e-type=\"widget\" data-widget_type=\"image.default\">\n\t\t\t\t<div class=\"elementor-widget-container\">\n\t\t\t\t\t\t\t\t\t\t\t\t\t\t\t<img decoding=\"async\" width=\"1024\" height=\"768\" src=\"https:\/\/gaiaerasmus.eu\/wp-content\/uploads\/2025\/07\/3-1024x768.jpg\" class=\"attachment-large size-large wp-image-956\" alt=\"\" srcset=\"https:\/\/gaiaerasmus.eu\/wp-content\/uploads\/2025\/07\/3-1024x768.jpg 1024w, https:\/\/gaiaerasmus.eu\/wp-content\/uploads\/2025\/07\/3-300x225.jpg 300w, https:\/\/gaiaerasmus.eu\/wp-content\/uploads\/2025\/07\/3-768x576.jpg 768w, https:\/\/gaiaerasmus.eu\/wp-content\/uploads\/2025\/07\/3-1536x1152.jpg 1536w, https:\/\/gaiaerasmus.eu\/wp-content\/uploads\/2025\/07\/3-2048x1536.jpg 2048w\" sizes=\"(max-width: 1024px) 100vw, 1024px\" \/>\t\t\t\t\t\t\t\t\t\t\t\t\t\t\t<\/div>\n\t\t\t\t<\/div>\n\t\t\t\t\t<\/div>\n\t\t<\/div>\n\t\t\t\t<div class=\"has_eae_slider elementor-column elementor-col-25 elementor-top-column elementor-element elementor-element-81db079\" data-eae-slider=\"38814\" data-id=\"81db079\" data-element_type=\"column\" data-e-type=\"column\">\n\t\t\t<div class=\"elementor-widget-wrap\">\n\t\t\t\t\t\t\t<\/div>\n\t\t<\/div>\n\t\t\t\t\t<\/div>\n\t\t<\/section>\n\t\t\t\t<section class=\"has_eae_slider elementor-section elementor-top-section elementor-element elementor-element-665ab4a elementor-section-boxed elementor-section-height-default elementor-section-height-default\" data-eae-slider=\"7311\" data-id=\"665ab4a\" data-element_type=\"section\" data-e-type=\"section\">\n\t\t\t\t\t\t<div class=\"elementor-container elementor-column-gap-default\">\n\t\t\t\t\t<div class=\"has_eae_slider elementor-column elementor-col-100 elementor-top-column elementor-element elementor-element-300b4ce\" data-eae-slider=\"55461\" data-id=\"300b4ce\" data-element_type=\"column\" data-e-type=\"column\">\n\t\t\t<div class=\"elementor-widget-wrap elementor-element-populated\">\n\t\t\t\t\t\t<div class=\"elementor-element elementor-element-cb71797 elementor-widget__width-initial elementor-widget elementor-widget-image\" data-id=\"cb71797\" data-element_type=\"widget\" data-e-type=\"widget\" data-widget_type=\"image.default\">\n\t\t\t\t<div class=\"elementor-widget-container\">\n\t\t\t\t\t\t\t\t\t\t\t\t\t\t\t<img loading=\"lazy\" decoding=\"async\" width=\"1024\" height=\"768\" src=\"https:\/\/gaiaerasmus.eu\/wp-content\/uploads\/2025\/07\/4-1024x768.jpg\" class=\"attachment-large size-large wp-image-955\" alt=\"\" srcset=\"https:\/\/gaiaerasmus.eu\/wp-content\/uploads\/2025\/07\/4-1024x768.jpg 1024w, https:\/\/gaiaerasmus.eu\/wp-content\/uploads\/2025\/07\/4-300x225.jpg 300w, https:\/\/gaiaerasmus.eu\/wp-content\/uploads\/2025\/07\/4-768x576.jpg 768w, https:\/\/gaiaerasmus.eu\/wp-content\/uploads\/2025\/07\/4-1536x1152.jpg 1536w, https:\/\/gaiaerasmus.eu\/wp-content\/uploads\/2025\/07\/4-2048x1536.jpg 2048w\" sizes=\"(max-width: 1024px) 100vw, 1024px\" \/>\t\t\t\t\t\t\t\t\t\t\t\t\t\t\t<\/div>\n\t\t\t\t<\/div>\n\t\t\t\t<div class=\"elementor-element elementor-element-6462ee2 elementor-widget-divider--view-line elementor-widget elementor-widget-divider\" data-id=\"6462ee2\" data-element_type=\"widget\" data-e-type=\"widget\" data-widget_type=\"divider.default\">\n\t\t\t\t<div class=\"elementor-widget-container\">\n\t\t\t\t\t\t\t<div class=\"elementor-divider\">\n\t\t\t<span class=\"elementor-divider-separator\">\n\t\t\t\t\t\t<\/span>\n\t\t<\/div>\n\t\t\t\t\t\t<\/div>\n\t\t\t\t<\/div>\n\t\t\t\t\t<\/div>\n\t\t<\/div>\n\t\t\t\t\t<\/div>\n\t\t<\/section>\n\t\t\t\t<\/div>","protected":false},"excerpt":{"rendered":"<p>Belgrade, Serbia In Belgrade, Bejzbol Savez Srbije held a full-day national multiplier event to present the final achievements of the GAIA project. The event brought together sport club representatives, educators, environmental advocates, and policy actors to explore project outcomes. Attendees learned about the consortium&#8217;s work, discussed key deliverables, and reviewed future opportunities. Approximately 30 participants [&hellip;]<\/p>\n","protected":false},"author":1,"featured_media":0,"parent":0,"menu_order":0,"comment_status":"closed","ping_status":"closed","template":"","meta":{"_eb_attr":"","footnotes":""},"class_list":["post-952","page","type-page","status-publish","hentry"],"blocksy_meta":[],"_links":{"self":[{"href":"https:\/\/gaiaerasmus.eu\/hu\/wp-json\/wp\/v2\/pages\/952","targetHints":{"allow":["GET"]}}],"collection":[{"href":"https:\/\/gaiaerasmus.eu\/hu\/wp-json\/wp\/v2\/pages"}],"about":[{"href":"https:\/\/gaiaerasmus.eu\/hu\/wp-json\/wp\/v2\/types\/page"}],"author":[{"embeddable":true,"href":"https:\/\/gaiaerasmus.eu\/hu\/wp-json\/wp\/v2\/users\/1"}],"replies":[{"embeddable":true,"href":"https:\/\/gaiaerasmus.eu\/hu\/wp-json\/wp\/v2\/comments?post=952"}],"version-history":[{"count":4,"href":"https:\/\/gaiaerasmus.eu\/hu\/wp-json\/wp\/v2\/pages\/952\/revisions"}],"predecessor-version":[{"id":961,"href":"https:\/\/gaiaerasmus.eu\/hu\/wp-json\/wp\/v2\/pages\/952\/revisions\/961"}],"wp:attachment":[{"href":"https:\/\/gaiaerasmus.eu\/hu\/wp-json\/wp\/v2\/media?parent=952"}],"curies":[{"name":"munkaf\u00fczet","href":"https:\/\/api.w.org\/{rel}","templated":true}]}}