{"id":923,"date":"2025-07-17T14:16:03","date_gmt":"2025-07-17T14:16:03","guid":{"rendered":"https:\/\/gaiaerasmus.eu\/?page_id=923"},"modified":"2025-07-17T14:16:23","modified_gmt":"2025-07-17T14:16:23","slug":"national-seminars-eco-logic","status":"publish","type":"page","link":"https:\/\/gaiaerasmus.eu\/hu\/national-seminars-eco-logic\/","title":{"rendered":"Orsz\u00e1gos szemin\u00e1riumok \u2013 \u00d6ko-logika"},"content":{"rendered":"<div data-elementor-type=\"wp-page\" data-elementor-id=\"923\" class=\"elementor elementor-923\">\n\t\t\t\t\t\t<section class=\"has_eae_slider elementor-section elementor-top-section elementor-element elementor-element-91dfa27 elementor-section-boxed elementor-section-height-default elementor-section-height-default\" data-eae-slider=\"98893\" data-id=\"91dfa27\" data-element_type=\"section\" data-e-type=\"section\">\n\t\t\t\t\t\t<div class=\"elementor-container elementor-column-gap-default\">\n\t\t\t\t\t<div class=\"has_eae_slider elementor-column elementor-col-100 elementor-top-column elementor-element elementor-element-85ccbe2\" data-eae-slider=\"20907\" data-id=\"85ccbe2\" data-element_type=\"column\" data-e-type=\"column\">\n\t\t\t<div class=\"elementor-widget-wrap elementor-element-populated\">\n\t\t\t\t\t\t<div class=\"elementor-element elementor-element-0898f09 elementor-widget elementor-widget-text-editor\" data-id=\"0898f09\" data-element_type=\"widget\" data-e-type=\"widget\" data-widget_type=\"text-editor.default\">\n\t\t\t\t<div class=\"elementor-widget-container\">\n\t\t\t\t\t\t\t\t\t<p><strong>Szkopje, \u00c9szak-Maced\u00f3nia<\/strong><\/p><p>Az Eco-Logic n\u00e9gy orsz\u00e1gos szemin\u00e1riumot szervezett Szkopj\u00e9ben, ahol a kor\u00e1bbi k\u00e9pz\u00e9sek r\u00e9sztvev\u0151i, valamint terepi szak\u00e9rt\u0151k \u00e9s \u00e9rdekelt felek vettek r\u00e9szt. Az els\u0151 h\u00e1rom \u00fcl\u00e9s a fenntarthat\u00f3s\u00e1ggal \u00e9s az ir\u00e1ny\u00edt\u00e1ssal foglalkozott k\u00f6rnyezeti, t\u00e1rsadalmi \u00e9s gazdas\u00e1gi szempontb\u00f3l. A z\u00e1r\u00f3 szemin\u00e1rium c\u00e9lja \u00c9szak-Maced\u00f3nia hozz\u00e1j\u00e1rul\u00e1s\u00e1nak kialak\u00edt\u00e1sa volt az SSG Chart\u00e1hoz. A helyi PPT k\u00e9pvisel\u0151 t\u00e1mogat\u00e1s\u00e1val a r\u00e9sztvev\u0151k reflekt\u00e1ltak szervezeteik akad\u00e1lyaira \u00e9s a fenntarthat\u00f3s\u00e1g el\u0151mozd\u00edt\u00e1s\u00e1ra ir\u00e1nyul\u00f3 strat\u00e9gi\u00e1ira.<\/p><p><strong>Lebonyol\u00edtott szemin\u00e1riumok:<\/strong><\/p><ol><li>K\u00f6rnyezeti fenntarthat\u00f3s\u00e1g \u00e9s j\u00f3 korm\u00e1nyz\u00e1s<\/li><li>T\u00e1rsadalmi fenntarthat\u00f3s\u00e1g \u00e9s j\u00f3 korm\u00e1nyz\u00e1s<\/li><li>Gazdas\u00e1gi fenntarthat\u00f3s\u00e1g \u00e9s j\u00f3 korm\u00e1nyz\u00e1s<\/li><li>Z\u00e1r\u00f3szemin\u00e1rium az SSG Chart\u00e1hoz val\u00f3 nemzeti hozz\u00e1j\u00e1rul\u00e1s \u00f6tleteinek gy\u0171jt\u00e9se \u00e9rdek\u00e9ben<\/li><\/ol>\t\t\t\t\t\t\t\t<\/div>\n\t\t\t\t<\/div>\n\t\t\t\t\t<\/div>\n\t\t<\/div>\n\t\t\t\t\t<\/div>\n\t\t<\/section>\n\t\t\t\t<section class=\"has_eae_slider elementor-section elementor-top-section elementor-element elementor-element-67f0981 elementor-section-boxed elementor-section-height-default elementor-section-height-default\" data-eae-slider=\"27285\" data-id=\"67f0981\" data-element_type=\"section\" data-e-type=\"section\">\n\t\t\t\t\t\t<div class=\"elementor-container elementor-column-gap-default\">\n\t\t\t\t\t<div class=\"has_eae_slider elementor-column elementor-col-100 elementor-top-column elementor-element elementor-element-423874b\" data-eae-slider=\"51938\" data-id=\"423874b\" data-element_type=\"column\" data-e-type=\"column\">\n\t\t\t<div class=\"elementor-widget-wrap elementor-element-populated\">\n\t\t\t\t\t\t<div class=\"elementor-element elementor-element-7d6d857 elementor-widget elementor-widget-image-gallery\" data-id=\"7d6d857\" data-element_type=\"widget\" data-e-type=\"widget\" data-widget_type=\"image-gallery.default\">\n\t\t\t\t<div class=\"elementor-widget-container\">\n\t\t\t\t\t\t\t<div class=\"elementor-image-gallery\">\n\t\t\t<div id='gallery-1' class='gallery galleryid-923 gallery-columns-3 gallery-size-medium'><figure class='gallery-item'>\n\t\t\t<div class='gallery-icon landscape'>\n\t\t\t\t<a data-elementor-open-lightbox=\"yes\" data-elementor-lightbox-slideshow=\"7d6d857\" data-elementor-lightbox-title=\"img_8737\" data-e-action-hash=\"#elementor-action%3Aaction%3Dlightbox%26settings%3DeyJpZCI6NzU0LCJ1cmwiOiJodHRwczpcL1wvZ2FpYWVyYXNtdXMuZXVcL3dwLWNvbnRlbnRcL3VwbG9hZHNcLzIwMjVcLzA2XC9pbWdfODczNy1zY2FsZWQuanBnIiwic2xpZGVzaG93IjoiN2Q2ZDg1NyJ9\" href='https:\/\/gaiaerasmus.eu\/wp-content\/uploads\/2025\/06\/img_8737-scaled.jpg'><img fetchpriority=\"high\" decoding=\"async\" width=\"300\" height=\"225\" src=\"https:\/\/gaiaerasmus.eu\/wp-content\/uploads\/2025\/06\/img_8737-300x225.jpg\" class=\"attachment-medium size-medium\" alt=\"\" srcset=\"https:\/\/gaiaerasmus.eu\/wp-content\/uploads\/2025\/06\/img_8737-300x225.jpg 300w, https:\/\/gaiaerasmus.eu\/wp-content\/uploads\/2025\/06\/img_8737-1024x768.jpg 1024w, https:\/\/gaiaerasmus.eu\/wp-content\/uploads\/2025\/06\/img_8737-768x576.jpg 768w, https:\/\/gaiaerasmus.eu\/wp-content\/uploads\/2025\/06\/img_8737-1536x1152.jpg 1536w, https:\/\/gaiaerasmus.eu\/wp-content\/uploads\/2025\/06\/img_8737-2048x1536.jpg 2048w\" sizes=\"(max-width: 300px) 100vw, 300px\" \/><\/a>\n\t\t\t<\/div><\/figure><figure class='gallery-item'>\n\t\t\t<div class='gallery-icon portrait'>\n\t\t\t\t<a data-elementor-open-lightbox=\"yes\" data-elementor-lightbox-slideshow=\"7d6d857\" data-elementor-lightbox-title=\"IMG-ce36c90bdf6ab68a2659d93c8f9676ec-V\" data-e-action-hash=\"#elementor-action%3Aaction%3Dlightbox%26settings%3DeyJpZCI6NzU1LCJ1cmwiOiJodHRwczpcL1wvZ2FpYWVyYXNtdXMuZXVcL3dwLWNvbnRlbnRcL3VwbG9hZHNcLzIwMjVcLzA2XC9JTUctY2UzNmM5MGJkZjZhYjY4YTI2NTlkOTNjOGY5Njc2ZWMtVi5qcGciLCJzbGlkZXNob3ciOiI3ZDZkODU3In0%3D\" href='https:\/\/gaiaerasmus.eu\/wp-content\/uploads\/2025\/06\/IMG-ce36c90bdf6ab68a2659d93c8f9676ec-V.jpg'><img decoding=\"async\" width=\"225\" height=\"300\" src=\"https:\/\/gaiaerasmus.eu\/wp-content\/uploads\/2025\/06\/IMG-ce36c90bdf6ab68a2659d93c8f9676ec-V-225x300.jpg\" class=\"attachment-medium size-medium\" alt=\"\" srcset=\"https:\/\/gaiaerasmus.eu\/wp-content\/uploads\/2025\/06\/IMG-ce36c90bdf6ab68a2659d93c8f9676ec-V-225x300.jpg 225w, https:\/\/gaiaerasmus.eu\/wp-content\/uploads\/2025\/06\/IMG-ce36c90bdf6ab68a2659d93c8f9676ec-V-768x1024.jpg 768w, https:\/\/gaiaerasmus.eu\/wp-content\/uploads\/2025\/06\/IMG-ce36c90bdf6ab68a2659d93c8f9676ec-V-1152x1536.jpg 1152w, https:\/\/gaiaerasmus.eu\/wp-content\/uploads\/2025\/06\/IMG-ce36c90bdf6ab68a2659d93c8f9676ec-V.jpg 1200w\" sizes=\"(max-width: 225px) 100vw, 225px\" \/><\/a>\n\t\t\t<\/div><\/figure><figure class='gallery-item'>\n\t\t\t<div class='gallery-icon landscape'>\n\t\t\t\t<a data-elementor-open-lightbox=\"yes\" data-elementor-lightbox-slideshow=\"7d6d857\" data-elementor-lightbox-title=\"IMG-fb0d1c4232244cc2b6514d2a13cd6d6b-V\" data-e-action-hash=\"#elementor-action%3Aaction%3Dlightbox%26settings%3DeyJpZCI6NzU2LCJ1cmwiOiJodHRwczpcL1wvZ2FpYWVyYXNtdXMuZXVcL3dwLWNvbnRlbnRcL3VwbG9hZHNcLzIwMjVcLzA2XC9JTUctZmIwZDFjNDIzMjI0NGNjMmI2NTE0ZDJhMTNjZDZkNmItVi5qcGciLCJzbGlkZXNob3ciOiI3ZDZkODU3In0%3D\" href='https:\/\/gaiaerasmus.eu\/wp-content\/uploads\/2025\/06\/IMG-fb0d1c4232244cc2b6514d2a13cd6d6b-V.jpg'><img decoding=\"async\" width=\"300\" height=\"225\" src=\"https:\/\/gaiaerasmus.eu\/wp-content\/uploads\/2025\/06\/IMG-fb0d1c4232244cc2b6514d2a13cd6d6b-V-300x225.jpg\" class=\"attachment-medium size-medium\" alt=\"\" srcset=\"https:\/\/gaiaerasmus.eu\/wp-content\/uploads\/2025\/06\/IMG-fb0d1c4232244cc2b6514d2a13cd6d6b-V-300x225.jpg 300w, https:\/\/gaiaerasmus.eu\/wp-content\/uploads\/2025\/06\/IMG-fb0d1c4232244cc2b6514d2a13cd6d6b-V-1024x768.jpg 1024w, https:\/\/gaiaerasmus.eu\/wp-content\/uploads\/2025\/06\/IMG-fb0d1c4232244cc2b6514d2a13cd6d6b-V-768x576.jpg 768w, https:\/\/gaiaerasmus.eu\/wp-content\/uploads\/2025\/06\/IMG-fb0d1c4232244cc2b6514d2a13cd6d6b-V-1536x1152.jpg 1536w, https:\/\/gaiaerasmus.eu\/wp-content\/uploads\/2025\/06\/IMG-fb0d1c4232244cc2b6514d2a13cd6d6b-V.jpg 1600w\" sizes=\"(max-width: 300px) 100vw, 300px\" \/><\/a>\n\t\t\t<\/div><\/figure>\n\t\t<\/div>\n\t\t<\/div>\n\t\t\t\t\t\t<\/div>\n\t\t\t\t<\/div>\n\t\t\t\t\t<\/div>\n\t\t<\/div>\n\t\t\t\t\t<\/div>\n\t\t<\/section>\n\t\t\t\t<section class=\"has_eae_slider elementor-section elementor-top-section elementor-element elementor-element-652efb2 elementor-section-boxed elementor-section-height-default elementor-section-height-default\" data-eae-slider=\"40023\" data-id=\"652efb2\" data-element_type=\"section\" data-e-type=\"section\">\n\t\t\t\t\t\t<div class=\"elementor-container elementor-column-gap-default\">\n\t\t\t\t\t<div class=\"has_eae_slider elementor-column elementor-col-100 elementor-top-column elementor-element elementor-element-4467527\" data-eae-slider=\"14811\" data-id=\"4467527\" data-element_type=\"column\" data-e-type=\"column\">\n\t\t\t<div class=\"elementor-widget-wrap elementor-element-populated\">\n\t\t\t\t\t\t<div class=\"elementor-element elementor-element-7350c74 elementor-widget-divider--view-line elementor-widget elementor-widget-divider\" data-id=\"7350c74\" data-element_type=\"widget\" data-e-type=\"widget\" data-widget_type=\"divider.default\">\n\t\t\t\t<div class=\"elementor-widget-container\">\n\t\t\t\t\t\t\t<div class=\"elementor-divider\">\n\t\t\t<span class=\"elementor-divider-separator\">\n\t\t\t\t\t\t<\/span>\n\t\t<\/div>\n\t\t\t\t\t\t<\/div>\n\t\t\t\t<\/div>\n\t\t\t\t\t<\/div>\n\t\t<\/div>\n\t\t\t\t\t<\/div>\n\t\t<\/section>\n\t\t\t\t<\/div>","protected":false},"excerpt":{"rendered":"<p>Skopje, North Macedonia Eco-Logic hosted four national seminars in Skopje, gathering participants from previous trainings along with field experts and stakeholders. The first three sessions tackled sustainability and governance from environmental, social, and economic perspectives. The final seminar aimed at shaping North Macedonia\u2019s input for the SSG Chart. With the support of the local PPT [&hellip;]<\/p>\n","protected":false},"author":1,"featured_media":0,"parent":0,"menu_order":0,"comment_status":"closed","ping_status":"closed","template":"","meta":{"_eb_attr":"","footnotes":""},"class_list":["post-923","page","type-page","status-publish","hentry"],"blocksy_meta":[],"_links":{"self":[{"href":"https:\/\/gaiaerasmus.eu\/hu\/wp-json\/wp\/v2\/pages\/923","targetHints":{"allow":["GET"]}}],"collection":[{"href":"https:\/\/gaiaerasmus.eu\/hu\/wp-json\/wp\/v2\/pages"}],"about":[{"href":"https:\/\/gaiaerasmus.eu\/hu\/wp-json\/wp\/v2\/types\/page"}],"author":[{"embeddable":true,"href":"https:\/\/gaiaerasmus.eu\/hu\/wp-json\/wp\/v2\/users\/1"}],"replies":[{"embeddable":true,"href":"https:\/\/gaiaerasmus.eu\/hu\/wp-json\/wp\/v2\/comments?post=923"}],"version-history":[{"count":4,"href":"https:\/\/gaiaerasmus.eu\/hu\/wp-json\/wp\/v2\/pages\/923\/revisions"}],"predecessor-version":[{"id":927,"href":"https:\/\/gaiaerasmus.eu\/hu\/wp-json\/wp\/v2\/pages\/923\/revisions\/927"}],"wp:attachment":[{"href":"https:\/\/gaiaerasmus.eu\/hu\/wp-json\/wp\/v2\/media?parent=923"}],"curies":[{"name":"munkaf\u00fczet","href":"https:\/\/api.w.org\/{rel}","templated":true}]}}