{"id":918,"date":"2025-07-17T14:13:44","date_gmt":"2025-07-17T14:13:44","guid":{"rendered":"https:\/\/gaiaerasmus.eu\/?page_id=918"},"modified":"2025-07-17T14:14:03","modified_gmt":"2025-07-17T14:14:03","slug":"national-seminars-urban-research-and-education","status":"publish","type":"page","link":"https:\/\/gaiaerasmus.eu\/hu\/national-seminars-urban-research-and-education\/","title":{"rendered":"Orsz\u00e1gos szemin\u00e1riumok \u2013 V\u00e1roskutat\u00e1s \u00e9s oktat\u00e1s"},"content":{"rendered":"<div data-elementor-type=\"wp-page\" data-elementor-id=\"918\" class=\"elementor elementor-918\">\n\t\t\t\t\t\t<section class=\"has_eae_slider elementor-section elementor-top-section elementor-element elementor-element-91dfa27 elementor-section-boxed elementor-section-height-default elementor-section-height-default\" data-eae-slider=\"12124\" data-id=\"91dfa27\" data-element_type=\"section\" data-e-type=\"section\">\n\t\t\t\t\t\t<div class=\"elementor-container elementor-column-gap-default\">\n\t\t\t\t\t<div class=\"has_eae_slider elementor-column elementor-col-100 elementor-top-column elementor-element elementor-element-85ccbe2\" data-eae-slider=\"46950\" data-id=\"85ccbe2\" data-element_type=\"column\" data-e-type=\"column\">\n\t\t\t<div class=\"elementor-widget-wrap elementor-element-populated\">\n\t\t\t\t\t\t<div class=\"elementor-element elementor-element-0898f09 elementor-widget elementor-widget-text-editor\" data-id=\"0898f09\" data-element_type=\"widget\" data-e-type=\"widget\" data-widget_type=\"text-editor.default\">\n\t\t\t\t<div class=\"elementor-widget-container\">\n\t\t\t\t\t\t\t\t\t<p><strong>Berlin, N\u00e9metorsz\u00e1g<\/strong><\/p><p>A V\u00e1roskutat\u00e1s \u00e9s Oktat\u00e1s orsz\u00e1gos szemin\u00e1riumok sorozat\u00e1t tartotta Berlinben, amelyek mindegyike a fenntarthat\u00f3s\u00e1g egy alapvet\u0151 pill\u00e9r\u00e9re \u2013 a sportir\u00e1ny\u00edt\u00e1son bel\u00fcli k\u00f6rnyezeti, t\u00e1rsadalmi \u00e9s gazdas\u00e1gi \u2013 \u00f6sszpontos\u00edtott. Egy z\u00e1r\u00f3 workshopon a r\u00e9sztvev\u0151k hozz\u00e1j\u00e1rul\u00e1sait \u00f6sszegezt\u00e9k a n\u00e9metorsz\u00e1gi SSG Charta tervezet\u00e9hez. A helyi PPT-moder\u00e1ci\u00f3 biztos\u00edtotta a struktur\u00e1lt p\u00e1rbesz\u00e9det, mik\u00f6zben az \u00e9rdekelt felek \u00e9s a szakemberek megosztott\u00e1k egym\u00e1ssal megl\u00e1t\u00e1saikat, hogy seg\u00edtsenek \u00e1thidalni az elm\u00e9letet \u00e9s a gyakorlatot a fenntarthat\u00f3 sportfejleszt\u00e9sben.<\/p><p><strong>Lebonyol\u00edtott szemin\u00e1riumok:<\/strong><\/p><ol><li>K\u00f6rnyezeti fenntarthat\u00f3s\u00e1g \u00e9s j\u00f3 korm\u00e1nyz\u00e1s<\/li><li>T\u00e1rsadalmi fenntarthat\u00f3s\u00e1g \u00e9s j\u00f3 korm\u00e1nyz\u00e1s<\/li><li>Gazdas\u00e1gi fenntarthat\u00f3s\u00e1g \u00e9s j\u00f3 korm\u00e1nyz\u00e1s<\/li><li>Z\u00e1r\u00f3szemin\u00e1rium az SSG Chart\u00e1hoz val\u00f3 nemzeti hozz\u00e1j\u00e1rul\u00e1s \u00f6tleteinek gy\u0171jt\u00e9se \u00e9rdek\u00e9ben<\/li><\/ol>\t\t\t\t\t\t\t\t<\/div>\n\t\t\t\t<\/div>\n\t\t\t\t\t<\/div>\n\t\t<\/div>\n\t\t\t\t\t<\/div>\n\t\t<\/section>\n\t\t\t\t<section class=\"has_eae_slider elementor-section elementor-top-section elementor-element elementor-element-409fd3d elementor-section-boxed elementor-section-height-default elementor-section-height-default\" data-eae-slider=\"33593\" data-id=\"409fd3d\" data-element_type=\"section\" data-e-type=\"section\">\n\t\t\t\t\t\t<div class=\"elementor-container elementor-column-gap-default\">\n\t\t\t\t\t<div class=\"has_eae_slider elementor-column elementor-col-100 elementor-top-column elementor-element elementor-element-7636665\" data-eae-slider=\"48203\" data-id=\"7636665\" data-element_type=\"column\" data-e-type=\"column\">\n\t\t\t<div class=\"elementor-widget-wrap elementor-element-populated\">\n\t\t\t\t\t\t\t<\/div>\n\t\t<\/div>\n\t\t\t\t\t<\/div>\n\t\t<\/section>\n\t\t\t\t<section class=\"has_eae_slider elementor-section elementor-top-section elementor-element elementor-element-55eb690 elementor-section-boxed elementor-section-height-default elementor-section-height-default\" data-eae-slider=\"43674\" data-id=\"55eb690\" data-element_type=\"section\" data-e-type=\"section\">\n\t\t\t\t\t\t<div class=\"elementor-container elementor-column-gap-default\">\n\t\t\t\t\t<div class=\"has_eae_slider elementor-column elementor-col-100 elementor-top-column elementor-element elementor-element-dedf565\" data-eae-slider=\"12822\" data-id=\"dedf565\" data-element_type=\"column\" data-e-type=\"column\">\n\t\t\t<div class=\"elementor-widget-wrap elementor-element-populated\">\n\t\t\t\t\t\t<div class=\"elementor-element elementor-element-8d82ff4 elementor-widget-divider--view-line elementor-widget elementor-widget-divider\" data-id=\"8d82ff4\" data-element_type=\"widget\" data-e-type=\"widget\" data-widget_type=\"divider.default\">\n\t\t\t\t<div class=\"elementor-widget-container\">\n\t\t\t\t\t\t\t<div class=\"elementor-divider\">\n\t\t\t<span class=\"elementor-divider-separator\">\n\t\t\t\t\t\t<\/span>\n\t\t<\/div>\n\t\t\t\t\t\t<\/div>\n\t\t\t\t<\/div>\n\t\t\t\t\t<\/div>\n\t\t<\/div>\n\t\t\t\t\t<\/div>\n\t\t<\/section>\n\t\t\t\t<\/div>","protected":false},"excerpt":{"rendered":"<p>Berlin, Germany Urban Research and Education delivered a cycle of national seminars in Berlin, each focusing on a core sustainability pillar environmental, social, and economic within sport governance. A final workshop was held to compile participants&#8217; contributions into Germany\u2019s draft for the SSG Chart. Local PPT facilitation ensured structured dialogue, while stakeholders and professionals shared [&hellip;]<\/p>\n","protected":false},"author":1,"featured_media":0,"parent":0,"menu_order":0,"comment_status":"closed","ping_status":"closed","template":"","meta":{"_eb_attr":"","footnotes":""},"class_list":["post-918","page","type-page","status-publish","hentry"],"blocksy_meta":[],"_links":{"self":[{"href":"https:\/\/gaiaerasmus.eu\/hu\/wp-json\/wp\/v2\/pages\/918","targetHints":{"allow":["GET"]}}],"collection":[{"href":"https:\/\/gaiaerasmus.eu\/hu\/wp-json\/wp\/v2\/pages"}],"about":[{"href":"https:\/\/gaiaerasmus.eu\/hu\/wp-json\/wp\/v2\/types\/page"}],"author":[{"embeddable":true,"href":"https:\/\/gaiaerasmus.eu\/hu\/wp-json\/wp\/v2\/users\/1"}],"replies":[{"embeddable":true,"href":"https:\/\/gaiaerasmus.eu\/hu\/wp-json\/wp\/v2\/comments?post=918"}],"version-history":[{"count":4,"href":"https:\/\/gaiaerasmus.eu\/hu\/wp-json\/wp\/v2\/pages\/918\/revisions"}],"predecessor-version":[{"id":922,"href":"https:\/\/gaiaerasmus.eu\/hu\/wp-json\/wp\/v2\/pages\/918\/revisions\/922"}],"wp:attachment":[{"href":"https:\/\/gaiaerasmus.eu\/hu\/wp-json\/wp\/v2\/media?parent=918"}],"curies":[{"name":"munkaf\u00fczet","href":"https:\/\/api.w.org\/{rel}","templated":true}]}}