{"id":908,"date":"2025-07-17T14:03:26","date_gmt":"2025-07-17T14:03:26","guid":{"rendered":"https:\/\/gaiaerasmus.eu\/?page_id=908"},"modified":"2025-07-17T14:06:51","modified_gmt":"2025-07-17T14:06:51","slug":"national-seminars-second-chance-sports-association","status":"publish","type":"page","link":"https:\/\/gaiaerasmus.eu\/hu\/national-seminars-second-chance-sports-association\/","title":{"rendered":"Orsz\u00e1gos szemin\u00e1riumok \u2013 M\u00e1sodik Es\u00e9ly Sportegyes\u00fclet"},"content":{"rendered":"<div data-elementor-type=\"wp-page\" data-elementor-id=\"908\" class=\"elementor elementor-908\">\n\t\t\t\t\t\t<section class=\"has_eae_slider elementor-section elementor-top-section elementor-element elementor-element-91dfa27 elementor-section-boxed elementor-section-height-default elementor-section-height-default\" data-eae-slider=\"19148\" data-id=\"91dfa27\" data-element_type=\"section\" data-e-type=\"section\">\n\t\t\t\t\t\t<div class=\"elementor-container elementor-column-gap-default\">\n\t\t\t\t\t<div class=\"has_eae_slider elementor-column elementor-col-100 elementor-top-column elementor-element elementor-element-85ccbe2\" data-eae-slider=\"386\" data-id=\"85ccbe2\" data-element_type=\"column\" data-e-type=\"column\">\n\t\t\t<div class=\"elementor-widget-wrap elementor-element-populated\">\n\t\t\t\t\t\t<div class=\"elementor-element elementor-element-0898f09 elementor-widget elementor-widget-text-editor\" data-id=\"0898f09\" data-element_type=\"widget\" data-e-type=\"widget\" data-widget_type=\"text-editor.default\">\n\t\t\t\t<div class=\"elementor-widget-container\">\n\t\t\t\t\t\t\t\t\t<p><strong>Budapest, Magyarorsz\u00e1g <\/strong><\/p><p>Budapesten a M\u00e1sodik Es\u00e9ly Sportegyes\u00fclet n\u00e9gy f\u00f3kusz\u00e1lt szemin\u00e1riumot tartott helyi k\u00e9pz\u00e9sek r\u00e9sztvev\u0151ivel \u00e9s megh\u00edvott szak\u00e9rt\u0151kkel. Minden \u00fcl\u00e9s a sportban a fenntarthat\u00f3s\u00e1g \u00e9s a j\u00f3 korm\u00e1nyz\u00e1s kulcsfontoss\u00e1g\u00fa aspektusait vizsg\u00e1lta, majd egy z\u00e1r\u00f3szemin\u00e1riummal z\u00e1rult, amely Magyarorsz\u00e1g tervezet\u00e9t dolgozta ki az SSG Chart\u00e1hoz. A szemin\u00e1riumok \u00f6szt\u00f6n\u00f6zt\u00e9k a ny\u00edlt p\u00e1rbesz\u00e9det, a szakmai cser\u00e9t \u00e9s az \u00e9rdekelt felek hozz\u00e1j\u00e1rul\u00e1s\u00e1t, a PPT k\u00e9pvisel\u0151je pedig struktur\u00e1lt reflexi\u00f3t \u00e9s vit\u00e1t facilit\u00e1lva seg\u00edtette a r\u00e9sztvev\u0151ket.<\/p><p><strong>Lebonyol\u00edtott szemin\u00e1riumok:<\/strong><\/p><ol><li>K\u00f6rnyezeti fenntarthat\u00f3s\u00e1g \u00e9s j\u00f3 korm\u00e1nyz\u00e1s<\/li><li>T\u00e1rsadalmi fenntarthat\u00f3s\u00e1g \u00e9s j\u00f3 korm\u00e1nyz\u00e1s<\/li><li>Gazdas\u00e1gi fenntarthat\u00f3s\u00e1g \u00e9s j\u00f3 korm\u00e1nyz\u00e1s<\/li><li>Z\u00e1r\u00f3szemin\u00e1rium az SSG Chart\u00e1hoz val\u00f3 nemzeti hozz\u00e1j\u00e1rul\u00e1s \u00f6tleteinek gy\u0171jt\u00e9se \u00e9rdek\u00e9ben<\/li><\/ol>\t\t\t\t\t\t\t\t<\/div>\n\t\t\t\t<\/div>\n\t\t\t\t\t<\/div>\n\t\t<\/div>\n\t\t\t\t\t<\/div>\n\t\t<\/section>\n\t\t\t\t<section class=\"has_eae_slider elementor-section elementor-top-section elementor-element elementor-element-6d191d0 elementor-section-boxed elementor-section-height-default elementor-section-height-default\" data-eae-slider=\"20943\" data-id=\"6d191d0\" data-element_type=\"section\" data-e-type=\"section\">\n\t\t\t\t\t\t<div class=\"elementor-container elementor-column-gap-default\">\n\t\t\t\t\t<div class=\"has_eae_slider elementor-column elementor-col-100 elementor-top-column elementor-element elementor-element-b7eb148\" data-eae-slider=\"20132\" data-id=\"b7eb148\" data-element_type=\"column\" data-e-type=\"column\">\n\t\t\t<div class=\"elementor-widget-wrap elementor-element-populated\">\n\t\t\t\t\t\t<div class=\"elementor-element elementor-element-7afa08b gallery-spacing-custom elementor-widget elementor-widget-image-gallery\" data-id=\"7afa08b\" data-element_type=\"widget\" data-e-type=\"widget\" data-widget_type=\"image-gallery.default\">\n\t\t\t\t<div class=\"elementor-widget-container\">\n\t\t\t\t\t\t\t<div class=\"elementor-image-gallery\">\n\t\t\t<div id='gallery-1' class='gallery galleryid-908 gallery-columns-3 gallery-size-medium'><figure class='gallery-item'>\n\t\t\t<div class='gallery-icon landscape'>\n\t\t\t\t<a data-elementor-open-lightbox=\"yes\" data-elementor-lightbox-slideshow=\"7afa08b\" data-elementor-lightbox-title=\"GAIA seminar_HU (2)\" data-e-action-hash=\"#elementor-action%3Aaction%3Dlightbox%26settings%3DeyJpZCI6NzU3LCJ1cmwiOiJodHRwczpcL1wvZ2FpYWVyYXNtdXMuZXVcL3dwLWNvbnRlbnRcL3VwbG9hZHNcLzIwMjVcLzA2XC9HQUlBLXNlbWluYXJfSFUtMi5qcGciLCJzbGlkZXNob3ciOiI3YWZhMDhiIn0%3D\" href='https:\/\/gaiaerasmus.eu\/wp-content\/uploads\/2025\/06\/GAIA-seminar_HU-2.jpg'><img fetchpriority=\"high\" decoding=\"async\" width=\"300\" height=\"284\" src=\"https:\/\/gaiaerasmus.eu\/wp-content\/uploads\/2025\/06\/GAIA-seminar_HU-2-300x284.jpg\" class=\"attachment-medium size-medium\" alt=\"\" srcset=\"https:\/\/gaiaerasmus.eu\/wp-content\/uploads\/2025\/06\/GAIA-seminar_HU-2-300x284.jpg 300w, https:\/\/gaiaerasmus.eu\/wp-content\/uploads\/2025\/06\/GAIA-seminar_HU-2-1024x969.jpg 1024w, https:\/\/gaiaerasmus.eu\/wp-content\/uploads\/2025\/06\/GAIA-seminar_HU-2-768x727.jpg 768w, https:\/\/gaiaerasmus.eu\/wp-content\/uploads\/2025\/06\/GAIA-seminar_HU-2-1536x1454.jpg 1536w, https:\/\/gaiaerasmus.eu\/wp-content\/uploads\/2025\/06\/GAIA-seminar_HU-2-2048x1939.jpg 2048w\" sizes=\"(max-width: 300px) 100vw, 300px\" \/><\/a>\n\t\t\t<\/div><\/figure><figure class='gallery-item'>\n\t\t\t<div class='gallery-icon landscape'>\n\t\t\t\t<a data-elementor-open-lightbox=\"yes\" data-elementor-lightbox-slideshow=\"7afa08b\" data-elementor-lightbox-title=\"GAIA seminar_HU (7)\" data-e-action-hash=\"#elementor-action%3Aaction%3Dlightbox%26settings%3DeyJpZCI6NzU4LCJ1cmwiOiJodHRwczpcL1wvZ2FpYWVyYXNtdXMuZXVcL3dwLWNvbnRlbnRcL3VwbG9hZHNcLzIwMjVcLzA2XC9HQUlBLXNlbWluYXJfSFUtNy5qcGciLCJzbGlkZXNob3ciOiI3YWZhMDhiIn0%3D\" href='https:\/\/gaiaerasmus.eu\/wp-content\/uploads\/2025\/06\/GAIA-seminar_HU-7.jpg'><img decoding=\"async\" width=\"300\" height=\"248\" src=\"https:\/\/gaiaerasmus.eu\/wp-content\/uploads\/2025\/06\/GAIA-seminar_HU-7-300x248.jpg\" class=\"attachment-medium size-medium\" alt=\"\" srcset=\"https:\/\/gaiaerasmus.eu\/wp-content\/uploads\/2025\/06\/GAIA-seminar_HU-7-300x248.jpg 300w, https:\/\/gaiaerasmus.eu\/wp-content\/uploads\/2025\/06\/GAIA-seminar_HU-7-1024x846.jpg 1024w, https:\/\/gaiaerasmus.eu\/wp-content\/uploads\/2025\/06\/GAIA-seminar_HU-7-768x634.jpg 768w, https:\/\/gaiaerasmus.eu\/wp-content\/uploads\/2025\/06\/GAIA-seminar_HU-7-1536x1269.jpg 1536w, https:\/\/gaiaerasmus.eu\/wp-content\/uploads\/2025\/06\/GAIA-seminar_HU-7-2048x1692.jpg 2048w\" sizes=\"(max-width: 300px) 100vw, 300px\" \/><\/a>\n\t\t\t<\/div><\/figure><figure class='gallery-item'>\n\t\t\t<div class='gallery-icon landscape'>\n\t\t\t\t<a data-elementor-open-lightbox=\"yes\" data-elementor-lightbox-slideshow=\"7afa08b\" data-elementor-lightbox-title=\"GAIA seminar_HU (10)\" data-e-action-hash=\"#elementor-action%3Aaction%3Dlightbox%26settings%3DeyJpZCI6NzU5LCJ1cmwiOiJodHRwczpcL1wvZ2FpYWVyYXNtdXMuZXVcL3dwLWNvbnRlbnRcL3VwbG9hZHNcLzIwMjVcLzA2XC9HQUlBLXNlbWluYXJfSFUtMTAuanBnIiwic2xpZGVzaG93IjoiN2FmYTA4YiJ9\" href='https:\/\/gaiaerasmus.eu\/wp-content\/uploads\/2025\/06\/GAIA-seminar_HU-10.jpg'><img decoding=\"async\" width=\"300\" height=\"275\" src=\"https:\/\/gaiaerasmus.eu\/wp-content\/uploads\/2025\/06\/GAIA-seminar_HU-10-300x275.jpg\" class=\"attachment-medium size-medium\" alt=\"\" srcset=\"https:\/\/gaiaerasmus.eu\/wp-content\/uploads\/2025\/06\/GAIA-seminar_HU-10-300x275.jpg 300w, https:\/\/gaiaerasmus.eu\/wp-content\/uploads\/2025\/06\/GAIA-seminar_HU-10-768x703.jpg 768w, https:\/\/gaiaerasmus.eu\/wp-content\/uploads\/2025\/06\/GAIA-seminar_HU-10.jpg 867w\" sizes=\"(max-width: 300px) 100vw, 300px\" \/><\/a>\n\t\t\t<\/div><\/figure>\n\t\t<\/div>\n\t\t<\/div>\n\t\t\t\t\t\t<\/div>\n\t\t\t\t<\/div>\n\t\t\t\t\t<\/div>\n\t\t<\/div>\n\t\t\t\t\t<\/div>\n\t\t<\/section>\n\t\t\t\t<section class=\"has_eae_slider elementor-section elementor-top-section elementor-element elementor-element-5f61cc1 elementor-section-boxed elementor-section-height-default elementor-section-height-default\" data-eae-slider=\"75928\" data-id=\"5f61cc1\" data-element_type=\"section\" data-e-type=\"section\">\n\t\t\t\t\t\t<div class=\"elementor-container elementor-column-gap-default\">\n\t\t\t\t\t<div class=\"has_eae_slider elementor-column elementor-col-100 elementor-top-column elementor-element elementor-element-fb17075\" data-eae-slider=\"3632\" data-id=\"fb17075\" data-element_type=\"column\" data-e-type=\"column\">\n\t\t\t<div class=\"elementor-widget-wrap elementor-element-populated\">\n\t\t\t\t\t\t<div class=\"elementor-element elementor-element-632d0ef elementor-widget-divider--view-line elementor-widget elementor-widget-divider\" data-id=\"632d0ef\" data-element_type=\"widget\" data-e-type=\"widget\" data-widget_type=\"divider.default\">\n\t\t\t\t<div class=\"elementor-widget-container\">\n\t\t\t\t\t\t\t<div class=\"elementor-divider\">\n\t\t\t<span class=\"elementor-divider-separator\">\n\t\t\t\t\t\t<\/span>\n\t\t<\/div>\n\t\t\t\t\t\t<\/div>\n\t\t\t\t<\/div>\n\t\t\t\t\t<\/div>\n\t\t<\/div>\n\t\t\t\t\t<\/div>\n\t\t<\/section>\n\t\t\t\t<\/div>","protected":false},"excerpt":{"rendered":"<p>Budapest, Hungary In Budapest, Second Chance Sports Association conducted four focused seminars with participants from local trainings and invited experts. Each session explored key aspects of sustainability and good governance in sport, concluding with a final seminar to develop Hungary\u2019s draft input for the SSG Chart. The seminars encouraged open dialogue, peer exchange, and stakeholder [&hellip;]<\/p>\n","protected":false},"author":1,"featured_media":0,"parent":0,"menu_order":0,"comment_status":"closed","ping_status":"closed","template":"","meta":{"_eb_attr":"","footnotes":""},"class_list":["post-908","page","type-page","status-publish","hentry"],"blocksy_meta":[],"_links":{"self":[{"href":"https:\/\/gaiaerasmus.eu\/hu\/wp-json\/wp\/v2\/pages\/908","targetHints":{"allow":["GET"]}}],"collection":[{"href":"https:\/\/gaiaerasmus.eu\/hu\/wp-json\/wp\/v2\/pages"}],"about":[{"href":"https:\/\/gaiaerasmus.eu\/hu\/wp-json\/wp\/v2\/types\/page"}],"author":[{"embeddable":true,"href":"https:\/\/gaiaerasmus.eu\/hu\/wp-json\/wp\/v2\/users\/1"}],"replies":[{"embeddable":true,"href":"https:\/\/gaiaerasmus.eu\/hu\/wp-json\/wp\/v2\/comments?post=908"}],"version-history":[{"count":4,"href":"https:\/\/gaiaerasmus.eu\/hu\/wp-json\/wp\/v2\/pages\/908\/revisions"}],"predecessor-version":[{"id":912,"href":"https:\/\/gaiaerasmus.eu\/hu\/wp-json\/wp\/v2\/pages\/908\/revisions\/912"}],"wp:attachment":[{"href":"https:\/\/gaiaerasmus.eu\/hu\/wp-json\/wp\/v2\/media?parent=908"}],"curies":[{"name":"munkaf\u00fczet","href":"https:\/\/api.w.org\/{rel}","templated":true}]}}