{"id":898,"date":"2025-07-17T13:54:54","date_gmt":"2025-07-17T13:54:54","guid":{"rendered":"https:\/\/gaiaerasmus.eu\/?page_id=898"},"modified":"2025-07-17T13:56:46","modified_gmt":"2025-07-17T13:56:46","slug":"national-seminars-copy","status":"publish","type":"page","link":"https:\/\/gaiaerasmus.eu\/hu\/national-seminars-copy\/","title":{"rendered":"Orsz\u00e1gos szemin\u00e1riumok \u2013 Bejzbol Savez Srbije"},"content":{"rendered":"<div data-elementor-type=\"wp-page\" data-elementor-id=\"898\" class=\"elementor elementor-898\">\n\t\t\t\t\t\t<section class=\"has_eae_slider elementor-section elementor-top-section elementor-element elementor-element-91dfa27 elementor-section-boxed elementor-section-height-default elementor-section-height-default\" data-eae-slider=\"37058\" data-id=\"91dfa27\" data-element_type=\"section\" data-e-type=\"section\">\n\t\t\t\t\t\t<div class=\"elementor-container elementor-column-gap-default\">\n\t\t\t\t\t<div class=\"has_eae_slider elementor-column elementor-col-100 elementor-top-column elementor-element elementor-element-85ccbe2\" data-eae-slider=\"2369\" data-id=\"85ccbe2\" data-element_type=\"column\" data-e-type=\"column\">\n\t\t\t<div class=\"elementor-widget-wrap elementor-element-populated\">\n\t\t\t\t\t\t<div class=\"elementor-element elementor-element-0898f09 elementor-widget elementor-widget-text-editor\" data-id=\"0898f09\" data-element_type=\"widget\" data-e-type=\"widget\" data-widget_type=\"text-editor.default\">\n\t\t\t\t<div class=\"elementor-widget-container\">\n\t\t\t\t\t\t\t\t\t<p><strong>Belgr\u00e1d, Szerbia \u2013 Bejzbol Savez Srbije<\/strong><\/p><p>A Bejzbol Savez Srbije n\u00e9gy tematikus orsz\u00e1gos szemin\u00e1riumot szervezett Belgr\u00e1dban, amelyeken helyi k\u00e9pz\u00e9si r\u00e9sztvev\u0151k, szak\u00e9rt\u0151k \u00e9s \u00e9rdekelt felek vettek r\u00e9szt. A megbesz\u00e9l\u00e9sek a sportir\u00e1ny\u00edt\u00e1s k\u00f6rnyezeti, t\u00e1rsadalmi \u00e9s gazdas\u00e1gi fenntarthat\u00f3s\u00e1g\u00e1ra \u00f6sszpontos\u00edtottak. A z\u00e1r\u00f3 szemin\u00e1riumon k\u00f6z\u00f6s megl\u00e1t\u00e1sokat gy\u0171jt\u00f6ttek \u00f6ssze, hogy elkezd\u0151dhessen Szerbia nemzeti hozz\u00e1j\u00e1rul\u00e1s\u00e1nak kidolgoz\u00e1sa az SSG Chart\u00e1hoz. A helyi PPT k\u00e9pvisel\u0151 ir\u00e1ny\u00edt\u00e1s\u00e1val a r\u00e9sztvev\u0151k a fenntarthat\u00f3s\u00e1g \u00e9s a j\u00f3 korm\u00e1nyz\u00e1s nemzeti szint\u0171 megval\u00f3s\u00edt\u00e1s\u00e1nak kih\u00edv\u00e1sair\u00f3l \u00e9s sz\u00fcks\u00e9gleteir\u0151l gondolkodtak el.<\/p><p><strong>Lebonyol\u00edtott szemin\u00e1riumok:<\/strong><\/p><ol><li>K\u00f6rnyezeti fenntarthat\u00f3s\u00e1g \u00e9s j\u00f3 korm\u00e1nyz\u00e1s<\/li><li>T\u00e1rsadalmi fenntarthat\u00f3s\u00e1g \u00e9s j\u00f3 korm\u00e1nyz\u00e1s<\/li><li>Gazdas\u00e1gi fenntarthat\u00f3s\u00e1g \u00e9s j\u00f3 korm\u00e1nyz\u00e1s<\/li><li>Z\u00e1r\u00f3szemin\u00e1rium az SSG Chart\u00e1hoz val\u00f3 nemzeti hozz\u00e1j\u00e1rul\u00e1s \u00f6tleteinek gy\u0171jt\u00e9se \u00e9rdek\u00e9ben<\/li><\/ol>\t\t\t\t\t\t\t\t<\/div>\n\t\t\t\t<\/div>\n\t\t\t\t\t<\/div>\n\t\t<\/div>\n\t\t\t\t\t<\/div>\n\t\t<\/section>\n\t\t\t\t<section class=\"has_eae_slider elementor-section elementor-top-section elementor-element elementor-element-e1260f5 elementor-section-boxed elementor-section-height-default elementor-section-height-default\" data-eae-slider=\"59638\" data-id=\"e1260f5\" data-element_type=\"section\" data-e-type=\"section\">\n\t\t\t\t\t\t<div class=\"elementor-container elementor-column-gap-default\">\n\t\t\t\t\t<div class=\"has_eae_slider elementor-column elementor-col-100 elementor-top-column elementor-element elementor-element-1700726\" data-eae-slider=\"19408\" data-id=\"1700726\" data-element_type=\"column\" data-e-type=\"column\">\n\t\t\t<div class=\"elementor-widget-wrap elementor-element-populated\">\n\t\t\t\t\t\t<div class=\"elementor-element elementor-element-d28281e gallery-spacing-custom elementor-widget elementor-widget-image-gallery\" data-id=\"d28281e\" data-element_type=\"widget\" data-e-type=\"widget\" data-widget_type=\"image-gallery.default\">\n\t\t\t\t<div class=\"elementor-widget-container\">\n\t\t\t\t\t\t\t<div class=\"elementor-image-gallery\">\n\t\t\t<div id='gallery-1' class='gallery galleryid-898 gallery-columns-3 gallery-size-medium'><figure class='gallery-item'>\n\t\t\t<div class='gallery-icon landscape'>\n\t\t\t\t<a data-elementor-open-lightbox=\"yes\" data-elementor-lightbox-slideshow=\"d28281e\" data-elementor-lightbox-title=\"IMG_8284\" data-e-action-hash=\"#elementor-action%3Aaction%3Dlightbox%26settings%3DeyJpZCI6NzUxLCJ1cmwiOiJodHRwczpcL1wvZ2FpYWVyYXNtdXMuZXVcL3dwLWNvbnRlbnRcL3VwbG9hZHNcLzIwMjVcLzA2XC9JTUdfODI4NC5qcGciLCJzbGlkZXNob3ciOiJkMjgyODFlIn0%3D\" href='https:\/\/gaiaerasmus.eu\/wp-content\/uploads\/2025\/06\/IMG_8284.jpg'><img fetchpriority=\"high\" decoding=\"async\" width=\"300\" height=\"225\" src=\"https:\/\/gaiaerasmus.eu\/wp-content\/uploads\/2025\/06\/IMG_8284-300x225.jpg\" class=\"attachment-medium size-medium\" alt=\"\" srcset=\"https:\/\/gaiaerasmus.eu\/wp-content\/uploads\/2025\/06\/IMG_8284-300x225.jpg 300w, https:\/\/gaiaerasmus.eu\/wp-content\/uploads\/2025\/06\/IMG_8284-1024x768.jpg 1024w, https:\/\/gaiaerasmus.eu\/wp-content\/uploads\/2025\/06\/IMG_8284-768x576.jpg 768w, https:\/\/gaiaerasmus.eu\/wp-content\/uploads\/2025\/06\/IMG_8284-1536x1152.jpg 1536w, https:\/\/gaiaerasmus.eu\/wp-content\/uploads\/2025\/06\/IMG_8284.jpg 2016w\" sizes=\"(max-width: 300px) 100vw, 300px\" \/><\/a>\n\t\t\t<\/div><\/figure><figure class='gallery-item'>\n\t\t\t<div class='gallery-icon landscape'>\n\t\t\t\t<a data-elementor-open-lightbox=\"yes\" data-elementor-lightbox-slideshow=\"d28281e\" data-elementor-lightbox-title=\"IMG_8314\" data-e-action-hash=\"#elementor-action%3Aaction%3Dlightbox%26settings%3DeyJpZCI6NzUyLCJ1cmwiOiJodHRwczpcL1wvZ2FpYWVyYXNtdXMuZXVcL3dwLWNvbnRlbnRcL3VwbG9hZHNcLzIwMjVcLzA2XC9JTUdfODMxNC5qcGciLCJzbGlkZXNob3ciOiJkMjgyODFlIn0%3D\" href='https:\/\/gaiaerasmus.eu\/wp-content\/uploads\/2025\/06\/IMG_8314.jpg'><img decoding=\"async\" width=\"300\" height=\"225\" src=\"https:\/\/gaiaerasmus.eu\/wp-content\/uploads\/2025\/06\/IMG_8314-300x225.jpg\" class=\"attachment-medium size-medium\" alt=\"\" srcset=\"https:\/\/gaiaerasmus.eu\/wp-content\/uploads\/2025\/06\/IMG_8314-300x225.jpg 300w, https:\/\/gaiaerasmus.eu\/wp-content\/uploads\/2025\/06\/IMG_8314-1024x768.jpg 1024w, https:\/\/gaiaerasmus.eu\/wp-content\/uploads\/2025\/06\/IMG_8314-768x576.jpg 768w, https:\/\/gaiaerasmus.eu\/wp-content\/uploads\/2025\/06\/IMG_8314-1536x1152.jpg 1536w, https:\/\/gaiaerasmus.eu\/wp-content\/uploads\/2025\/06\/IMG_8314.jpg 2016w\" sizes=\"(max-width: 300px) 100vw, 300px\" \/><\/a>\n\t\t\t<\/div><\/figure><figure class='gallery-item'>\n\t\t\t<div class='gallery-icon landscape'>\n\t\t\t\t<a data-elementor-open-lightbox=\"yes\" data-elementor-lightbox-slideshow=\"d28281e\" data-elementor-lightbox-title=\"IMG_3213\" data-e-action-hash=\"#elementor-action%3Aaction%3Dlightbox%26settings%3DeyJpZCI6NzUzLCJ1cmwiOiJodHRwczpcL1wvZ2FpYWVyYXNtdXMuZXVcL3dwLWNvbnRlbnRcL3VwbG9hZHNcLzIwMjVcLzA2XC9JTUdfMzIxMy5qcGciLCJzbGlkZXNob3ciOiJkMjgyODFlIn0%3D\" href='https:\/\/gaiaerasmus.eu\/wp-content\/uploads\/2025\/06\/IMG_3213.jpg'><img decoding=\"async\" width=\"300\" height=\"225\" src=\"https:\/\/gaiaerasmus.eu\/wp-content\/uploads\/2025\/06\/IMG_3213-300x225.jpg\" class=\"attachment-medium size-medium\" alt=\"\" srcset=\"https:\/\/gaiaerasmus.eu\/wp-content\/uploads\/2025\/06\/IMG_3213-300x225.jpg 300w, https:\/\/gaiaerasmus.eu\/wp-content\/uploads\/2025\/06\/IMG_3213-1024x768.jpg 1024w, https:\/\/gaiaerasmus.eu\/wp-content\/uploads\/2025\/06\/IMG_3213-768x576.jpg 768w, https:\/\/gaiaerasmus.eu\/wp-content\/uploads\/2025\/06\/IMG_3213-1536x1152.jpg 1536w, https:\/\/gaiaerasmus.eu\/wp-content\/uploads\/2025\/06\/IMG_3213.jpg 2016w\" sizes=\"(max-width: 300px) 100vw, 300px\" \/><\/a>\n\t\t\t<\/div><\/figure>\n\t\t<\/div>\n\t\t<\/div>\n\t\t\t\t\t\t<\/div>\n\t\t\t\t<\/div>\n\t\t\t\t\t<\/div>\n\t\t<\/div>\n\t\t\t\t\t<\/div>\n\t\t<\/section>\n\t\t\t\t<section class=\"has_eae_slider elementor-section elementor-top-section elementor-element elementor-element-a55348b elementor-section-boxed elementor-section-height-default elementor-section-height-default\" data-eae-slider=\"56728\" data-id=\"a55348b\" data-element_type=\"section\" data-e-type=\"section\">\n\t\t\t\t\t\t<div class=\"elementor-container elementor-column-gap-default\">\n\t\t\t\t\t<div class=\"has_eae_slider elementor-column elementor-col-100 elementor-top-column elementor-element elementor-element-1c4daa2\" data-eae-slider=\"87161\" data-id=\"1c4daa2\" data-element_type=\"column\" data-e-type=\"column\">\n\t\t\t<div class=\"elementor-widget-wrap elementor-element-populated\">\n\t\t\t\t\t\t<div class=\"elementor-element elementor-element-6bf1ec3 elementor-widget-divider--view-line elementor-widget elementor-widget-divider\" data-id=\"6bf1ec3\" data-element_type=\"widget\" data-e-type=\"widget\" data-widget_type=\"divider.default\">\n\t\t\t\t<div class=\"elementor-widget-container\">\n\t\t\t\t\t\t\t<div class=\"elementor-divider\">\n\t\t\t<span class=\"elementor-divider-separator\">\n\t\t\t\t\t\t<\/span>\n\t\t<\/div>\n\t\t\t\t\t\t<\/div>\n\t\t\t\t<\/div>\n\t\t\t\t\t<\/div>\n\t\t<\/div>\n\t\t\t\t\t<\/div>\n\t\t<\/section>\n\t\t\t\t<\/div>","protected":false},"excerpt":{"rendered":"<p>Belgrade, Serbia \u2013 Bejzbol Savez Srbije Bejzbol Savez Srbije hosted four thematic national seminars in Belgrade involving local training participants, experts, and stakeholders. Discussions focused on environmental, social, and economic sustainability in sport governance. The final seminar gathered collective insights to begin drafting Serbia\u2019s national input to the SSG Chart. Guided by the local PPT [&hellip;]<\/p>\n","protected":false},"author":1,"featured_media":0,"parent":0,"menu_order":0,"comment_status":"closed","ping_status":"closed","template":"","meta":{"_eb_attr":"","footnotes":""},"class_list":["post-898","page","type-page","status-publish","hentry"],"blocksy_meta":[],"_links":{"self":[{"href":"https:\/\/gaiaerasmus.eu\/hu\/wp-json\/wp\/v2\/pages\/898","targetHints":{"allow":["GET"]}}],"collection":[{"href":"https:\/\/gaiaerasmus.eu\/hu\/wp-json\/wp\/v2\/pages"}],"about":[{"href":"https:\/\/gaiaerasmus.eu\/hu\/wp-json\/wp\/v2\/types\/page"}],"author":[{"embeddable":true,"href":"https:\/\/gaiaerasmus.eu\/hu\/wp-json\/wp\/v2\/users\/1"}],"replies":[{"embeddable":true,"href":"https:\/\/gaiaerasmus.eu\/hu\/wp-json\/wp\/v2\/comments?post=898"}],"version-history":[{"count":4,"href":"https:\/\/gaiaerasmus.eu\/hu\/wp-json\/wp\/v2\/pages\/898\/revisions"}],"predecessor-version":[{"id":902,"href":"https:\/\/gaiaerasmus.eu\/hu\/wp-json\/wp\/v2\/pages\/898\/revisions\/902"}],"wp:attachment":[{"href":"https:\/\/gaiaerasmus.eu\/hu\/wp-json\/wp\/v2\/media?parent=898"}],"curies":[{"name":"munkaf\u00fczet","href":"https:\/\/api.w.org\/{rel}","templated":true}]}}