{"id":832,"date":"2025-07-17T10:39:59","date_gmt":"2025-07-17T10:39:59","guid":{"rendered":"https:\/\/gaiaerasmus.eu\/?page_id=832"},"modified":"2025-07-17T12:30:16","modified_gmt":"2025-07-17T12:30:16","slug":"local-training-courses-2","status":"publish","type":"page","link":"https:\/\/gaiaerasmus.eu\/hu\/local-training-courses-2\/","title":{"rendered":"Helyi k\u00e9pz\u00e9si tanfolyamok \u2013 Bejzbol Savez Srbije"},"content":{"rendered":"<div data-elementor-type=\"wp-page\" data-elementor-id=\"832\" class=\"elementor elementor-832\">\n\t\t\t\t\t\t<section class=\"has_eae_slider elementor-section elementor-top-section elementor-element elementor-element-584e15c elementor-section-boxed elementor-section-height-default elementor-section-height-default\" data-eae-slider=\"37658\" data-id=\"584e15c\" data-element_type=\"section\" data-e-type=\"section\">\n\t\t\t\t\t\t<div class=\"elementor-container elementor-column-gap-default\">\n\t\t\t\t\t<div class=\"has_eae_slider elementor-column elementor-col-100 elementor-top-column elementor-element elementor-element-21cdaf8\" data-eae-slider=\"44808\" data-id=\"21cdaf8\" data-element_type=\"column\" data-e-type=\"column\">\n\t\t\t<div class=\"elementor-widget-wrap elementor-element-populated\">\n\t\t\t\t\t\t<div class=\"elementor-element elementor-element-ba79420 elementor-widget elementor-widget-image\" data-id=\"ba79420\" data-element_type=\"widget\" data-e-type=\"widget\" data-widget_type=\"image.default\">\n\t\t\t\t<div class=\"elementor-widget-container\">\n\t\t\t\t\t\t\t\t\t\t\t\t\t\t\t<img decoding=\"async\" width=\"174\" height=\"164\" src=\"https:\/\/gaiaerasmus.eu\/wp-content\/uploads\/2025\/07\/photo_2025-07-17_14-27-22.jpg\" class=\"attachment-large size-large wp-image-839\" alt=\"\" \/>\t\t\t\t\t\t\t\t\t\t\t\t\t\t\t<\/div>\n\t\t\t\t<\/div>\n\t\t\t\t<div class=\"elementor-element elementor-element-422ec02 elementor-widget elementor-widget-text-editor\" data-id=\"422ec02\" data-element_type=\"widget\" data-e-type=\"widget\" data-widget_type=\"text-editor.default\">\n\t\t\t\t<div class=\"elementor-widget-container\">\n\t\t\t\t\t\t\t\t\t<p><strong>Felel\u0151s szervezet:<\/strong> Bejzbol Savez Srbije<br \/><strong>Elhelyezked\u00e9s:<\/strong> Belgr\u00e1d, Szerbia<br \/><strong>Id\u0151tartam:<\/strong> 6 teljes nap<br \/><strong>R\u00e9sztvev\u0151k:<\/strong> 4 sportszervezeti tag<\/p><p>Egy hatnapos k\u00e9pz\u00e9st szerveztek Belgr\u00e1dban a sportszervezetek fenntarthat\u00f3s\u00e1gi \u00e9s j\u00f3 korm\u00e1nyz\u00e1si elveinek alkalmaz\u00e1s\u00e1ra val\u00f3 k\u00e9pess\u00e9g\u00e9nek meger\u0151s\u00edt\u00e9se \u00e9rdek\u00e9ben. N\u00e9gy helyi sportszervezet k\u00e9pvisel\u0151je vett r\u00e9szt interakt\u00edv foglalkoz\u00e1sokon \u00e9s napi \u00e9rt\u00e9kel\u00e9seken, hogy \u00e1tgondolj\u00e1k az el\u0151rehalad\u00e1st \u00e9s a tanul\u00e1si eredm\u00e9nyeket. A kurzus c\u00e9lja a gyakorlati tud\u00e1s elsaj\u00e1t\u00edt\u00e1sa volt a szervezeteiken bel\u00fcli hossz\u00fa t\u00e1v\u00fa pozit\u00edv hat\u00e1s \u00e9rdek\u00e9ben.\u00a0<\/p>\t\t\t\t\t\t\t\t<\/div>\n\t\t\t\t<\/div>\n\t\t\t\t\t<\/div>\n\t\t<\/div>\n\t\t\t\t\t<\/div>\n\t\t<\/section>\n\t\t\t\t<section class=\"has_eae_slider elementor-section elementor-top-section elementor-element elementor-element-5d3f6efd elementor-section-boxed elementor-section-height-default elementor-section-height-default\" data-eae-slider=\"41538\" data-id=\"5d3f6efd\" data-element_type=\"section\" data-e-type=\"section\">\n\t\t\t\t\t\t<div class=\"elementor-container elementor-column-gap-default\">\n\t\t\t\t\t<div class=\"has_eae_slider elementor-column elementor-col-100 elementor-top-column elementor-element elementor-element-22b88a40\" data-eae-slider=\"59490\" data-id=\"22b88a40\" data-element_type=\"column\" data-e-type=\"column\">\n\t\t\t<div class=\"elementor-widget-wrap elementor-element-populated\">\n\t\t\t\t\t\t<div class=\"elementor-element elementor-element-701f0222 gallery-spacing-custom elementor-widget elementor-widget-image-gallery\" data-id=\"701f0222\" data-element_type=\"widget\" data-e-type=\"widget\" data-widget_type=\"image-gallery.default\">\n\t\t\t\t<div class=\"elementor-widget-container\">\n\t\t\t\t\t\t\t<div class=\"elementor-image-gallery\">\n\t\t\t<div id='gallery-1' class='gallery galleryid-832 gallery-columns-3 gallery-size-medium'><figure class='gallery-item'>\n\t\t\t<div class='gallery-icon landscape'>\n\t\t\t\t<a data-elementor-open-lightbox=\"yes\" data-elementor-lightbox-slideshow=\"701f0222\" data-elementor-lightbox-title=\"Day_1_3\" data-e-action-hash=\"#elementor-action%3Aaction%3Dlightbox%26settings%3DeyJpZCI6NzczLCJ1cmwiOiJodHRwczpcL1wvZ2FpYWVyYXNtdXMuZXVcL3dwLWNvbnRlbnRcL3VwbG9hZHNcLzIwMjVcLzA2XC9EYXlfMV8zLXNjYWxlZC5qcGVnIiwic2xpZGVzaG93IjoiNzAxZjAyMjIifQ%3D%3D\" href='https:\/\/gaiaerasmus.eu\/wp-content\/uploads\/2025\/06\/Day_1_3-scaled.jpeg'><img fetchpriority=\"high\" decoding=\"async\" width=\"300\" height=\"225\" src=\"https:\/\/gaiaerasmus.eu\/wp-content\/uploads\/2025\/06\/Day_1_3-300x225.jpeg\" class=\"attachment-medium size-medium\" alt=\"\" srcset=\"https:\/\/gaiaerasmus.eu\/wp-content\/uploads\/2025\/06\/Day_1_3-300x225.jpeg 300w, https:\/\/gaiaerasmus.eu\/wp-content\/uploads\/2025\/06\/Day_1_3-1024x768.jpeg 1024w, https:\/\/gaiaerasmus.eu\/wp-content\/uploads\/2025\/06\/Day_1_3-768x576.jpeg 768w, https:\/\/gaiaerasmus.eu\/wp-content\/uploads\/2025\/06\/Day_1_3-1536x1152.jpeg 1536w, https:\/\/gaiaerasmus.eu\/wp-content\/uploads\/2025\/06\/Day_1_3-2048x1536.jpeg 2048w\" sizes=\"(max-width: 300px) 100vw, 300px\" \/><\/a>\n\t\t\t<\/div><\/figure><figure class='gallery-item'>\n\t\t\t<div class='gallery-icon landscape'>\n\t\t\t\t<a data-elementor-open-lightbox=\"yes\" data-elementor-lightbox-slideshow=\"701f0222\" data-elementor-lightbox-title=\"Day_1_2\" data-e-action-hash=\"#elementor-action%3Aaction%3Dlightbox%26settings%3DeyJpZCI6Nzc0LCJ1cmwiOiJodHRwczpcL1wvZ2FpYWVyYXNtdXMuZXVcL3dwLWNvbnRlbnRcL3VwbG9hZHNcLzIwMjVcLzA2XC9EYXlfMV8yLXNjYWxlZC5qcGVnIiwic2xpZGVzaG93IjoiNzAxZjAyMjIifQ%3D%3D\" href='https:\/\/gaiaerasmus.eu\/wp-content\/uploads\/2025\/06\/Day_1_2-scaled.jpeg'><img decoding=\"async\" width=\"300\" height=\"225\" src=\"https:\/\/gaiaerasmus.eu\/wp-content\/uploads\/2025\/06\/Day_1_2-300x225.jpeg\" class=\"attachment-medium size-medium\" alt=\"\" srcset=\"https:\/\/gaiaerasmus.eu\/wp-content\/uploads\/2025\/06\/Day_1_2-300x225.jpeg 300w, https:\/\/gaiaerasmus.eu\/wp-content\/uploads\/2025\/06\/Day_1_2-1024x768.jpeg 1024w, https:\/\/gaiaerasmus.eu\/wp-content\/uploads\/2025\/06\/Day_1_2-768x576.jpeg 768w, https:\/\/gaiaerasmus.eu\/wp-content\/uploads\/2025\/06\/Day_1_2-1536x1152.jpeg 1536w, https:\/\/gaiaerasmus.eu\/wp-content\/uploads\/2025\/06\/Day_1_2-2048x1536.jpeg 2048w\" sizes=\"(max-width: 300px) 100vw, 300px\" \/><\/a>\n\t\t\t<\/div><\/figure><figure class='gallery-item'>\n\t\t\t<div class='gallery-icon landscape'>\n\t\t\t\t<a data-elementor-open-lightbox=\"yes\" data-elementor-lightbox-slideshow=\"701f0222\" data-elementor-lightbox-title=\"Day_1_1\" data-e-action-hash=\"#elementor-action%3Aaction%3Dlightbox%26settings%3DeyJpZCI6Nzc1LCJ1cmwiOiJodHRwczpcL1wvZ2FpYWVyYXNtdXMuZXVcL3dwLWNvbnRlbnRcL3VwbG9hZHNcLzIwMjVcLzA2XC9EYXlfMV8xLXNjYWxlZC5qcGVnIiwic2xpZGVzaG93IjoiNzAxZjAyMjIifQ%3D%3D\" href='https:\/\/gaiaerasmus.eu\/wp-content\/uploads\/2025\/06\/Day_1_1-scaled.jpeg'><img loading=\"lazy\" decoding=\"async\" width=\"300\" height=\"225\" src=\"https:\/\/gaiaerasmus.eu\/wp-content\/uploads\/2025\/06\/Day_1_1-300x225.jpeg\" class=\"attachment-medium size-medium\" alt=\"\" srcset=\"https:\/\/gaiaerasmus.eu\/wp-content\/uploads\/2025\/06\/Day_1_1-300x225.jpeg 300w, https:\/\/gaiaerasmus.eu\/wp-content\/uploads\/2025\/06\/Day_1_1-1024x768.jpeg 1024w, https:\/\/gaiaerasmus.eu\/wp-content\/uploads\/2025\/06\/Day_1_1-768x576.jpeg 768w, https:\/\/gaiaerasmus.eu\/wp-content\/uploads\/2025\/06\/Day_1_1-1536x1152.jpeg 1536w, https:\/\/gaiaerasmus.eu\/wp-content\/uploads\/2025\/06\/Day_1_1-2048x1536.jpeg 2048w\" sizes=\"(max-width: 300px) 100vw, 300px\" \/><\/a>\n\t\t\t<\/div><\/figure><figure class='gallery-item'>\n\t\t\t<div class='gallery-icon landscape'>\n\t\t\t\t<a data-elementor-open-lightbox=\"yes\" data-elementor-lightbox-slideshow=\"701f0222\" data-elementor-lightbox-title=\"Day_6_5\" data-e-action-hash=\"#elementor-action%3Aaction%3Dlightbox%26settings%3DeyJpZCI6Nzc2LCJ1cmwiOiJodHRwczpcL1wvZ2FpYWVyYXNtdXMuZXVcL3dwLWNvbnRlbnRcL3VwbG9hZHNcLzIwMjVcLzA2XC9EYXlfNl81LXNjYWxlZC5qcGVnIiwic2xpZGVzaG93IjoiNzAxZjAyMjIifQ%3D%3D\" href='https:\/\/gaiaerasmus.eu\/wp-content\/uploads\/2025\/06\/Day_6_5-scaled.jpeg'><img loading=\"lazy\" decoding=\"async\" width=\"300\" height=\"225\" src=\"https:\/\/gaiaerasmus.eu\/wp-content\/uploads\/2025\/06\/Day_6_5-300x225.jpeg\" class=\"attachment-medium size-medium\" alt=\"\" srcset=\"https:\/\/gaiaerasmus.eu\/wp-content\/uploads\/2025\/06\/Day_6_5-300x225.jpeg 300w, https:\/\/gaiaerasmus.eu\/wp-content\/uploads\/2025\/06\/Day_6_5-1024x768.jpeg 1024w, https:\/\/gaiaerasmus.eu\/wp-content\/uploads\/2025\/06\/Day_6_5-768x576.jpeg 768w, https:\/\/gaiaerasmus.eu\/wp-content\/uploads\/2025\/06\/Day_6_5-1536x1152.jpeg 1536w, https:\/\/gaiaerasmus.eu\/wp-content\/uploads\/2025\/06\/Day_6_5-2048x1536.jpeg 2048w\" sizes=\"(max-width: 300px) 100vw, 300px\" \/><\/a>\n\t\t\t<\/div><\/figure><figure class='gallery-item'>\n\t\t\t<div class='gallery-icon landscape'>\n\t\t\t\t<a data-elementor-open-lightbox=\"yes\" data-elementor-lightbox-slideshow=\"701f0222\" data-elementor-lightbox-title=\"Day_3_5\" data-e-action-hash=\"#elementor-action%3Aaction%3Dlightbox%26settings%3DeyJpZCI6Nzc3LCJ1cmwiOiJodHRwczpcL1wvZ2FpYWVyYXNtdXMuZXVcL3dwLWNvbnRlbnRcL3VwbG9hZHNcLzIwMjVcLzA2XC9EYXlfM181LXNjYWxlZC5qcGVnIiwic2xpZGVzaG93IjoiNzAxZjAyMjIifQ%3D%3D\" href='https:\/\/gaiaerasmus.eu\/wp-content\/uploads\/2025\/06\/Day_3_5-scaled.jpeg'><img loading=\"lazy\" decoding=\"async\" width=\"300\" height=\"225\" src=\"https:\/\/gaiaerasmus.eu\/wp-content\/uploads\/2025\/06\/Day_3_5-300x225.jpeg\" class=\"attachment-medium size-medium\" alt=\"\" srcset=\"https:\/\/gaiaerasmus.eu\/wp-content\/uploads\/2025\/06\/Day_3_5-300x225.jpeg 300w, https:\/\/gaiaerasmus.eu\/wp-content\/uploads\/2025\/06\/Day_3_5-1024x768.jpeg 1024w, https:\/\/gaiaerasmus.eu\/wp-content\/uploads\/2025\/06\/Day_3_5-768x576.jpeg 768w, https:\/\/gaiaerasmus.eu\/wp-content\/uploads\/2025\/06\/Day_3_5-1536x1152.jpeg 1536w, https:\/\/gaiaerasmus.eu\/wp-content\/uploads\/2025\/06\/Day_3_5-2048x1536.jpeg 2048w\" sizes=\"(max-width: 300px) 100vw, 300px\" \/><\/a>\n\t\t\t<\/div><\/figure><figure class='gallery-item'>\n\t\t\t<div class='gallery-icon landscape'>\n\t\t\t\t<a data-elementor-open-lightbox=\"yes\" data-elementor-lightbox-slideshow=\"701f0222\" data-elementor-lightbox-title=\"Day_2_3\" data-e-action-hash=\"#elementor-action%3Aaction%3Dlightbox%26settings%3DeyJpZCI6Nzc4LCJ1cmwiOiJodHRwczpcL1wvZ2FpYWVyYXNtdXMuZXVcL3dwLWNvbnRlbnRcL3VwbG9hZHNcLzIwMjVcLzA2XC9EYXlfMl8zLXNjYWxlZC5qcGVnIiwic2xpZGVzaG93IjoiNzAxZjAyMjIifQ%3D%3D\" href='https:\/\/gaiaerasmus.eu\/wp-content\/uploads\/2025\/06\/Day_2_3-scaled.jpeg'><img loading=\"lazy\" decoding=\"async\" width=\"300\" height=\"225\" src=\"https:\/\/gaiaerasmus.eu\/wp-content\/uploads\/2025\/06\/Day_2_3-300x225.jpeg\" class=\"attachment-medium size-medium\" alt=\"\" srcset=\"https:\/\/gaiaerasmus.eu\/wp-content\/uploads\/2025\/06\/Day_2_3-300x225.jpeg 300w, https:\/\/gaiaerasmus.eu\/wp-content\/uploads\/2025\/06\/Day_2_3-1024x768.jpeg 1024w, https:\/\/gaiaerasmus.eu\/wp-content\/uploads\/2025\/06\/Day_2_3-768x576.jpeg 768w, https:\/\/gaiaerasmus.eu\/wp-content\/uploads\/2025\/06\/Day_2_3-1536x1152.jpeg 1536w, https:\/\/gaiaerasmus.eu\/wp-content\/uploads\/2025\/06\/Day_2_3-2048x1536.jpeg 2048w\" sizes=\"(max-width: 300px) 100vw, 300px\" \/><\/a>\n\t\t\t<\/div><\/figure>\n\t\t<\/div>\n\t\t<\/div>\n\t\t\t\t\t\t<\/div>\n\t\t\t\t<\/div>\n\t\t\t\t\t<\/div>\n\t\t<\/div>\n\t\t\t\t\t<\/div>\n\t\t<\/section>\n\t\t\t\t<section class=\"has_eae_slider elementor-section elementor-top-section elementor-element elementor-element-881af41 elementor-section-boxed elementor-section-height-default elementor-section-height-default\" data-eae-slider=\"82344\" data-id=\"881af41\" data-element_type=\"section\" data-e-type=\"section\">\n\t\t\t\t\t\t<div class=\"elementor-container elementor-column-gap-default\">\n\t\t\t\t\t<div class=\"has_eae_slider elementor-column elementor-col-100 elementor-top-column elementor-element elementor-element-460e2c1\" data-eae-slider=\"24180\" data-id=\"460e2c1\" data-element_type=\"column\" data-e-type=\"column\">\n\t\t\t<div class=\"elementor-widget-wrap\">\n\t\t\t\t\t\t\t<\/div>\n\t\t<\/div>\n\t\t\t\t\t<\/div>\n\t\t<\/section>\n\t\t\t\t<\/div>","protected":false},"excerpt":{"rendered":"<p>Responsible organization: Bejzbol Savez SrbijeLocation: Belgrade, SerbiaDuration: 6 full daysParticipants: 4 members of sport organizations A six-day training was organized in Belgrade to strengthen the capacity of sport organizations in applying sustainability and good governance principles. Four members from local sports entities took part in interactive sessions and daily evaluations to reflect on progress and [&hellip;]<\/p>\n","protected":false},"author":1,"featured_media":0,"parent":0,"menu_order":0,"comment_status":"closed","ping_status":"closed","template":"","meta":{"_eb_attr":"","footnotes":""},"class_list":["post-832","page","type-page","status-publish","hentry"],"blocksy_meta":[],"_links":{"self":[{"href":"https:\/\/gaiaerasmus.eu\/hu\/wp-json\/wp\/v2\/pages\/832","targetHints":{"allow":["GET"]}}],"collection":[{"href":"https:\/\/gaiaerasmus.eu\/hu\/wp-json\/wp\/v2\/pages"}],"about":[{"href":"https:\/\/gaiaerasmus.eu\/hu\/wp-json\/wp\/v2\/types\/page"}],"author":[{"embeddable":true,"href":"https:\/\/gaiaerasmus.eu\/hu\/wp-json\/wp\/v2\/users\/1"}],"replies":[{"embeddable":true,"href":"https:\/\/gaiaerasmus.eu\/hu\/wp-json\/wp\/v2\/comments?post=832"}],"version-history":[{"count":8,"href":"https:\/\/gaiaerasmus.eu\/hu\/wp-json\/wp\/v2\/pages\/832\/revisions"}],"predecessor-version":[{"id":843,"href":"https:\/\/gaiaerasmus.eu\/hu\/wp-json\/wp\/v2\/pages\/832\/revisions\/843"}],"wp:attachment":[{"href":"https:\/\/gaiaerasmus.eu\/hu\/wp-json\/wp\/v2\/media?parent=832"}],"curies":[{"name":"munkaf\u00fczet","href":"https:\/\/api.w.org\/{rel}","templated":true}]}}