{"id":644,"date":"2025-05-23T14:06:41","date_gmt":"2025-05-23T14:06:41","guid":{"rendered":"https:\/\/gaiaerasmus.eu\/?page_id=644"},"modified":"2025-06-18T14:08:21","modified_gmt":"2025-06-18T14:08:21","slug":"mid-term-evaluation-meeting","status":"publish","type":"page","link":"https:\/\/gaiaerasmus.eu\/hu\/mid-term-evaluation-meeting\/","title":{"rendered":"F\u00e9lidei \u00e9rt\u00e9kel\u0151 megbesz\u00e9l\u00e9s"},"content":{"rendered":"<div data-elementor-type=\"wp-page\" data-elementor-id=\"644\" class=\"elementor elementor-644\">\n\t\t\t\t\t\t<section class=\"has_eae_slider elementor-section elementor-top-section elementor-element elementor-element-77ab45c elementor-section-boxed elementor-section-height-default elementor-section-height-default\" data-eae-slider=\"21321\" data-id=\"77ab45c\" data-element_type=\"section\" data-e-type=\"section\">\n\t\t\t\t\t\t<div class=\"elementor-container elementor-column-gap-default\">\n\t\t\t\t\t<div class=\"has_eae_slider elementor-column elementor-col-100 elementor-top-column elementor-element elementor-element-2fe58aa\" data-eae-slider=\"53785\" data-id=\"2fe58aa\" data-element_type=\"column\" data-e-type=\"column\">\n\t\t\t<div class=\"elementor-widget-wrap elementor-element-populated\">\n\t\t\t\t\t\t<div class=\"elementor-element elementor-element-eaa112b elementor-widget elementor-widget-text-editor\" data-id=\"eaa112b\" data-element_type=\"widget\" data-e-type=\"widget\" data-widget_type=\"text-editor.default\">\n\t\t\t\t<div class=\"elementor-widget-container\">\n\t\t\t\t\t\t\t\t\t<p>Egy f\u00e9lid\u0151s megbesz\u00e9l\u00e9st szerveztek Budapesten a projekt megval\u00f3s\u00edt\u00e1s\u00e1nak jelenlegi helyzet\u00e9nek megvitat\u00e1sa, valamint a lehets\u00e9ges probl\u00e9m\u00e1k \u00e9s megold\u00e1sok kezel\u00e9se c\u00e9lj\u00e1b\u00f3l.<\/p>\t\t\t\t\t\t\t\t<\/div>\n\t\t\t\t<\/div>\n\t\t\t\t\t<\/div>\n\t\t<\/div>\n\t\t\t\t\t<\/div>\n\t\t<\/section>\n\t\t\t\t<section class=\"has_eae_slider elementor-section elementor-top-section elementor-element elementor-element-387e255 elementor-section-boxed elementor-section-height-default elementor-section-height-default\" data-eae-slider=\"67890\" data-id=\"387e255\" data-element_type=\"section\" data-e-type=\"section\">\n\t\t\t\t\t\t<div class=\"elementor-container elementor-column-gap-default\">\n\t\t\t\t\t<div class=\"has_eae_slider elementor-column elementor-col-100 elementor-top-column elementor-element elementor-element-dc48f80\" data-eae-slider=\"81590\" data-id=\"dc48f80\" data-element_type=\"column\" data-e-type=\"column\">\n\t\t\t<div class=\"elementor-widget-wrap elementor-element-populated\">\n\t\t\t\t\t\t<div class=\"elementor-element elementor-element-ce06cdc elementor-widget elementor-widget-image-gallery\" data-id=\"ce06cdc\" data-element_type=\"widget\" data-e-type=\"widget\" data-widget_type=\"image-gallery.default\">\n\t\t\t\t<div class=\"elementor-widget-container\">\n\t\t\t\t\t\t\t<div class=\"elementor-image-gallery\">\n\t\t\t<div id='gallery-1' class='gallery galleryid-644 gallery-columns-3 gallery-size-medium'><figure class='gallery-item'>\n\t\t\t<div class='gallery-icon portrait'>\n\t\t\t\t<a data-elementor-open-lightbox=\"yes\" data-elementor-lightbox-slideshow=\"ce06cdc\" data-elementor-lightbox-title=\"505406585_1392095245447778_5038844199406091774_n\" data-e-action-hash=\"#elementor-action%3Aaction%3Dlightbox%26settings%3DeyJpZCI6NzMwLCJ1cmwiOiJodHRwczpcL1wvZ2FpYWVyYXNtdXMuZXVcL3dwLWNvbnRlbnRcL3VwbG9hZHNcLzIwMjVcLzA2XC81MDU0MDY1ODVfMTM5MjA5NTI0NTQ0Nzc3OF81MDM4ODQ0MTk5NDA2MDkxNzc0X24uanBnIiwic2xpZGVzaG93IjoiY2UwNmNkYyJ9\" href='https:\/\/gaiaerasmus.eu\/wp-content\/uploads\/2025\/06\/505406585_1392095245447778_5038844199406091774_n.jpg'><img fetchpriority=\"high\" decoding=\"async\" width=\"225\" height=\"300\" src=\"https:\/\/gaiaerasmus.eu\/wp-content\/uploads\/2025\/06\/505406585_1392095245447778_5038844199406091774_n-225x300.jpg\" class=\"attachment-medium size-medium\" alt=\"\" srcset=\"https:\/\/gaiaerasmus.eu\/wp-content\/uploads\/2025\/06\/505406585_1392095245447778_5038844199406091774_n-225x300.jpg 225w, https:\/\/gaiaerasmus.eu\/wp-content\/uploads\/2025\/06\/505406585_1392095245447778_5038844199406091774_n-768x1024.jpg 768w, https:\/\/gaiaerasmus.eu\/wp-content\/uploads\/2025\/06\/505406585_1392095245447778_5038844199406091774_n-1152x1536.jpg 1152w, https:\/\/gaiaerasmus.eu\/wp-content\/uploads\/2025\/06\/505406585_1392095245447778_5038844199406091774_n.jpg 1536w\" sizes=\"(max-width: 225px) 100vw, 225px\" \/><\/a>\n\t\t\t<\/div><\/figure><figure class='gallery-item'>\n\t\t\t<div class='gallery-icon portrait'>\n\t\t\t\t<a data-elementor-open-lightbox=\"yes\" data-elementor-lightbox-slideshow=\"ce06cdc\" data-elementor-lightbox-title=\"505113205_1673430406695566_4104973844004365319_n\" data-e-action-hash=\"#elementor-action%3Aaction%3Dlightbox%26settings%3DeyJpZCI6NzMxLCJ1cmwiOiJodHRwczpcL1wvZ2FpYWVyYXNtdXMuZXVcL3dwLWNvbnRlbnRcL3VwbG9hZHNcLzIwMjVcLzA2XC81MDUxMTMyMDVfMTY3MzQzMDQwNjY5NTU2Nl80MTA0OTczODQ0MDA0MzY1MzE5X24uanBnIiwic2xpZGVzaG93IjoiY2UwNmNkYyJ9\" href='https:\/\/gaiaerasmus.eu\/wp-content\/uploads\/2025\/06\/505113205_1673430406695566_4104973844004365319_n.jpg'><img decoding=\"async\" width=\"225\" height=\"300\" src=\"https:\/\/gaiaerasmus.eu\/wp-content\/uploads\/2025\/06\/505113205_1673430406695566_4104973844004365319_n-225x300.jpg\" class=\"attachment-medium size-medium\" alt=\"\" srcset=\"https:\/\/gaiaerasmus.eu\/wp-content\/uploads\/2025\/06\/505113205_1673430406695566_4104973844004365319_n-225x300.jpg 225w, https:\/\/gaiaerasmus.eu\/wp-content\/uploads\/2025\/06\/505113205_1673430406695566_4104973844004365319_n-768x1024.jpg 768w, https:\/\/gaiaerasmus.eu\/wp-content\/uploads\/2025\/06\/505113205_1673430406695566_4104973844004365319_n-1152x1536.jpg 1152w, https:\/\/gaiaerasmus.eu\/wp-content\/uploads\/2025\/06\/505113205_1673430406695566_4104973844004365319_n.jpg 1536w\" sizes=\"(max-width: 225px) 100vw, 225px\" \/><\/a>\n\t\t\t<\/div><\/figure><figure class='gallery-item'>\n\t\t\t<div class='gallery-icon landscape'>\n\t\t\t\t<a data-elementor-open-lightbox=\"yes\" data-elementor-lightbox-slideshow=\"ce06cdc\" data-elementor-lightbox-title=\"504856651_719398883795549_2876041784038287473_n\" data-e-action-hash=\"#elementor-action%3Aaction%3Dlightbox%26settings%3DeyJpZCI6NzI5LCJ1cmwiOiJodHRwczpcL1wvZ2FpYWVyYXNtdXMuZXVcL3dwLWNvbnRlbnRcL3VwbG9hZHNcLzIwMjVcLzA2XC81MDQ4NTY2NTFfNzE5Mzk4ODgzNzk1NTQ5XzI4NzYwNDE3ODQwMzgyODc0NzNfbi5qcGciLCJzbGlkZXNob3ciOiJjZTA2Y2RjIn0%3D\" href='https:\/\/gaiaerasmus.eu\/wp-content\/uploads\/2025\/06\/504856651_719398883795549_2876041784038287473_n.jpg'><img decoding=\"async\" width=\"300\" height=\"225\" src=\"https:\/\/gaiaerasmus.eu\/wp-content\/uploads\/2025\/06\/504856651_719398883795549_2876041784038287473_n-300x225.jpg\" class=\"attachment-medium size-medium\" alt=\"\" srcset=\"https:\/\/gaiaerasmus.eu\/wp-content\/uploads\/2025\/06\/504856651_719398883795549_2876041784038287473_n-300x225.jpg 300w, https:\/\/gaiaerasmus.eu\/wp-content\/uploads\/2025\/06\/504856651_719398883795549_2876041784038287473_n-1024x768.jpg 1024w, https:\/\/gaiaerasmus.eu\/wp-content\/uploads\/2025\/06\/504856651_719398883795549_2876041784038287473_n-768x576.jpg 768w, https:\/\/gaiaerasmus.eu\/wp-content\/uploads\/2025\/06\/504856651_719398883795549_2876041784038287473_n-1536x1152.jpg 1536w, https:\/\/gaiaerasmus.eu\/wp-content\/uploads\/2025\/06\/504856651_719398883795549_2876041784038287473_n.jpg 2048w\" sizes=\"(max-width: 300px) 100vw, 300px\" \/><\/a>\n\t\t\t<\/div><\/figure>\n\t\t<\/div>\n\t\t<\/div>\n\t\t\t\t\t\t<\/div>\n\t\t\t\t<\/div>\n\t\t\t\t<div class=\"elementor-element elementor-element-e3dbbb2 elementor-widget-divider--view-line elementor-widget elementor-widget-divider\" data-id=\"e3dbbb2\" data-element_type=\"widget\" data-e-type=\"widget\" data-widget_type=\"divider.default\">\n\t\t\t\t<div class=\"elementor-widget-container\">\n\t\t\t\t\t\t\t<div class=\"elementor-divider\">\n\t\t\t<span class=\"elementor-divider-separator\">\n\t\t\t\t\t\t<\/span>\n\t\t<\/div>\n\t\t\t\t\t\t<\/div>\n\t\t\t\t<\/div>\n\t\t\t\t\t<\/div>\n\t\t<\/div>\n\t\t\t\t\t<\/div>\n\t\t<\/section>\n\t\t\t\t<\/div>","protected":false},"excerpt":{"rendered":"<p>Egy f\u00e9lid\u0151s megbesz\u00e9l\u00e9st szerveztek Budapesten a projekt megval\u00f3s\u00edt\u00e1s\u00e1nak jelenlegi helyzet\u00e9nek megvitat\u00e1sa, valamint a lehets\u00e9ges probl\u00e9m\u00e1k \u00e9s megold\u00e1sok kezel\u00e9se c\u00e9lj\u00e1b\u00f3l.<\/p>","protected":false},"author":1,"featured_media":0,"parent":0,"menu_order":0,"comment_status":"closed","ping_status":"closed","template":"","meta":{"_eb_attr":"","footnotes":""},"class_list":["post-644","page","type-page","status-publish","hentry"],"blocksy_meta":[],"_links":{"self":[{"href":"https:\/\/gaiaerasmus.eu\/hu\/wp-json\/wp\/v2\/pages\/644","targetHints":{"allow":["GET"]}}],"collection":[{"href":"https:\/\/gaiaerasmus.eu\/hu\/wp-json\/wp\/v2\/pages"}],"about":[{"href":"https:\/\/gaiaerasmus.eu\/hu\/wp-json\/wp\/v2\/types\/page"}],"author":[{"embeddable":true,"href":"https:\/\/gaiaerasmus.eu\/hu\/wp-json\/wp\/v2\/users\/1"}],"replies":[{"embeddable":true,"href":"https:\/\/gaiaerasmus.eu\/hu\/wp-json\/wp\/v2\/comments?post=644"}],"version-history":[{"count":13,"href":"https:\/\/gaiaerasmus.eu\/hu\/wp-json\/wp\/v2\/pages\/644\/revisions"}],"predecessor-version":[{"id":737,"href":"https:\/\/gaiaerasmus.eu\/hu\/wp-json\/wp\/v2\/pages\/644\/revisions\/737"}],"wp:attachment":[{"href":"https:\/\/gaiaerasmus.eu\/hu\/wp-json\/wp\/v2\/media?parent=644"}],"curies":[{"name":"munkaf\u00fczet","href":"https:\/\/api.w.org\/{rel}","templated":true}]}}