{"id":586,"date":"2025-05-22T13:29:23","date_gmt":"2025-05-22T13:29:23","guid":{"rendered":"https:\/\/gaiaerasmus.eu\/?page_id=586"},"modified":"2025-05-23T15:13:00","modified_gmt":"2025-05-23T15:13:00","slug":"events-news","status":"publish","type":"page","link":"https:\/\/gaiaerasmus.eu\/hu\/events-news\/","title":{"rendered":"Esem\u00e9nyek \u00e9s h\u00edrek"},"content":{"rendered":"<div data-elementor-type=\"wp-page\" data-elementor-id=\"586\" class=\"elementor elementor-586\">\n\t\t\t\t\t\t<section class=\"has_eae_slider elementor-section elementor-top-section elementor-element elementor-element-122a8fb1 elementor-section-boxed elementor-section-height-default elementor-section-height-default\" data-eae-slider=\"72288\" data-id=\"122a8fb1\" data-element_type=\"section\" data-e-type=\"section\">\n\t\t\t\t\t\t<div class=\"elementor-container elementor-column-gap-default\">\n\t\t\t\t\t<div class=\"has_eae_slider elementor-column elementor-col-100 elementor-top-column elementor-element elementor-element-34cb7558\" data-eae-slider=\"80022\" data-id=\"34cb7558\" data-element_type=\"column\" data-e-type=\"column\">\n\t\t\t<div class=\"elementor-widget-wrap elementor-element-populated\">\n\t\t\t\t\t\t<div class=\"elementor-element elementor-element-15961c7a image-position-column elementor-widget elementor-widget-eae-timeline\" data-id=\"15961c7a\" data-element_type=\"widget\" data-e-type=\"widget\" data-widget_type=\"eae-timeline.skin1\">\n\t\t\t\t<div class=\"elementor-widget-container\">\n\t\t\t\t\t\t\t<section data-layout=\"center\" data-top-offset=\"200\" class=\"eae-layout-center eae-timeline eae-timeline-alternate-no eae-tl-center eae-tl-res-style-mobile-tablet eae-tl-res-layout-right\">\n\t\t\t<div class=\"eae-timline-progress-bar\">\n\t\t\t\t<div class='eae-pb-inner-line'><\/div>\n\t\t\t<\/div>\n\n\t\t\t\n\t\t\t\t\t\t\t\t\n\t\t\t\t\t\t<div id=\"8e22ff2\" class=\"eae-timeline-item elementor-repeater-item-8e22ff2 custom-image-style-no image-position-\">\n\n\t\t\t\t<div class=\"eae-tl-item-meta-wrapper\">\n\t\t\t\t\t\t\t\t\t\t\t<div class=\"eae-tl-item-meta\">\n\t\t\t\t\t\t\t2023. febru\u00e1r 2-3.\t\t\t\t\t\t<\/div>\n\t\t\t\t\t\t\n\t\t\t\t<\/div>\n\n\t\t\t\t<div class=\"eae-tl-icon-wrapper\" id=\"8e22ff2\">\n\t\t\t\t\t\t\t\t<div class=\"eae-icon eae-icon-item_icon eae-icon-view-stacked eae-icon-shape-circle eae-icon-type-icon\">\n\t\t\t\t<div class=\"eae-icon-wrap\">\n\t\t\t\t\t\t\t\t\t\t\t<i aria-hidden=\"true\" class=\"far fa-circle\"><\/i>\t\t\t\t\t\t\t\t\t\t<\/div>\n\t\t\t<\/div>\n\t\t\t\t\t\t\t<\/div>\n\t\t\t\t<div class=\"eae-tl-content-wrapper\">\n\t\t\t\t\t\t\t\t\t\t\t\t\t<a href=\"https:\/\/gaiaerasmus.eu\/hu\/kick-off-meeting\/\">\n\t\t\t\t\t\t\t\t\t\t\t\t<div class=\"eae-tl-item-content\">\n\t\t\t\t\t\t\t\t\t\t\t\t\t\t<div class=\"eae-width-100 eae-tl-content\">\n\t\t\t\t\t\t\t\t<div class=\"eae-content-inner\">\n\t\t\t\t\t\t\t\t\t<div class=\"eae-tl-item-meta-wrapper-inner\">\n\t\t\t\t\t\t\t\t\t\t\t\t\t\t\t\t\t\t\t\t\t<div class=\"eae-tl-item-meta-inner\">\n\t\t\t\t\t\t\t\t\t\t\t\t2023. febru\u00e1r 2-3.\t\t\t\t\t\t\t\t\t\t\t<\/div>\n\t\t\t\t\t\t\t\t\t\t\t\t\t\t\t\t\t\t\t\t<\/div>\n\t\t\t\t\t\t\t\t\t<h3 class=\"eae-tl-item-title\">Nyit\u00f3\u00fcl\u00e9s Szerbi\u00e1ban<\/h3><div class=\"eae-tl-content-innner\"><\/div>\t\t\t\t\t\t\t\t<\/div>\n\t\t\t\t\t\t\t<\/div>\n\t\t\t\t\t\t\t\t\t\t\t\t\t<\/div>\n\t\t\t\t\t\t<\/a>\t\t\t\t<\/div>\n\n\t\t\t<\/div>\n\t\t\t\t\t\t\t\t\n\t\t\t\t\t\t<div id=\"d471dd9\" class=\"eae-timeline-item elementor-repeater-item-d471dd9 custom-image-style-no image-position-\">\n\n\t\t\t\t<div class=\"eae-tl-item-meta-wrapper\">\n\t\t\t\t\t\t\t\t\t\t\t<div class=\"eae-tl-item-meta\">\n\t\t\t\t\t\t\t2024. m\u00e1jus 27-28.\t\t\t\t\t\t<\/div>\n\t\t\t\t\t\t\n\t\t\t\t<\/div>\n\n\t\t\t\t<div class=\"eae-tl-icon-wrapper\" id=\"d471dd9\">\n\t\t\t\t\t\t\t\t<div class=\"eae-icon eae-icon-item_icon eae-icon-view-stacked eae-icon-shape-circle eae-icon-type-icon\">\n\t\t\t\t<div class=\"eae-icon-wrap\">\n\t\t\t\t\t\t\t\t\t\t\t<i aria-hidden=\"true\" class=\"far fa-circle\"><\/i>\t\t\t\t\t\t\t\t\t\t<\/div>\n\t\t\t<\/div>\n\t\t\t\t\t\t\t<\/div>\n\t\t\t\t<div class=\"eae-tl-content-wrapper\">\n\t\t\t\t\t\t\t\t\t\t\t\t\t<a href=\"https:\/\/gaiaerasmus.eu\/hu\/mid-term-evaluation-meeting\/\">\n\t\t\t\t\t\t\t\t\t\t\t\t<div class=\"eae-tl-item-content\">\n\t\t\t\t\t\t\t\t\t\t\t\t\t\t<div class=\"eae-width-100 eae-tl-content\">\n\t\t\t\t\t\t\t\t<div class=\"eae-content-inner\">\n\t\t\t\t\t\t\t\t\t<div class=\"eae-tl-item-meta-wrapper-inner\">\n\t\t\t\t\t\t\t\t\t\t\t\t\t\t\t\t\t\t\t\t\t<div class=\"eae-tl-item-meta-inner\">\n\t\t\t\t\t\t\t\t\t\t\t\t2024. m\u00e1jus 27-28.\t\t\t\t\t\t\t\t\t\t\t<\/div>\n\t\t\t\t\t\t\t\t\t\t\t\t\t\t\t\t\t\t\t\t<\/div>\n\t\t\t\t\t\t\t\t\t<h3 class=\"eae-tl-item-title\">F\u00e9lid\u0151s \u00c9rt\u00e9kel\u0151 Tal\u00e1lkoz\u00f3 Magyarorsz\u00e1gon<\/h3><div class=\"eae-tl-content-innner\"><\/div>\t\t\t\t\t\t\t\t<\/div>\n\t\t\t\t\t\t\t<\/div>\n\t\t\t\t\t\t\t\t\t\t\t\t\t<\/div>\n\t\t\t\t\t\t<\/a>\t\t\t\t<\/div>\n\n\t\t\t<\/div>\n\t\t\t\t\t\t\t\t\n\t\t\t\t\t\t<div id=\"ae89f55\" class=\"eae-timeline-item elementor-repeater-item-ae89f55 custom-image-style-no image-position-\">\n\n\t\t\t\t<div class=\"eae-tl-item-meta-wrapper\">\n\t\t\t\t\t\t\t\t\t\t\t<div class=\"eae-tl-item-meta\">\n\t\t\t\t\t\t\t2025. m\u00e1jus 20-21.\t\t\t\t\t\t<\/div>\n\t\t\t\t\t\t\n\t\t\t\t<\/div>\n\n\t\t\t\t<div class=\"eae-tl-icon-wrapper\" id=\"ae89f55\">\n\t\t\t\t\t\t\t\t<div class=\"eae-icon eae-icon-item_icon eae-icon-view-stacked eae-icon-shape-circle eae-icon-type-icon\">\n\t\t\t\t<div class=\"eae-icon-wrap\">\n\t\t\t\t\t\t\t\t\t\t\t<i aria-hidden=\"true\" class=\"far fa-circle\"><\/i>\t\t\t\t\t\t\t\t\t\t<\/div>\n\t\t\t<\/div>\n\t\t\t\t\t\t\t<\/div>\n\t\t\t\t<div class=\"eae-tl-content-wrapper\">\n\t\t\t\t\t\t\t\t\t\t\t\t\t<a href=\"https:\/\/gaiaerasmus.eu\/hu\/final-evaluation-meeting\/\">\n\t\t\t\t\t\t\t\t\t\t\t\t<div class=\"eae-tl-item-content\">\n\t\t\t\t\t\t\t\t\t\t\t\t\t\t<div class=\"eae-width-100 eae-tl-content\">\n\t\t\t\t\t\t\t\t<div class=\"eae-content-inner\">\n\t\t\t\t\t\t\t\t\t<div class=\"eae-tl-item-meta-wrapper-inner\">\n\t\t\t\t\t\t\t\t\t\t\t\t\t\t\t\t\t\t\t\t\t<div class=\"eae-tl-item-meta-inner\">\n\t\t\t\t\t\t\t\t\t\t\t\t2025. m\u00e1jus 20-21.\t\t\t\t\t\t\t\t\t\t\t<\/div>\n\t\t\t\t\t\t\t\t\t\t\t\t\t\t\t\t\t\t\t\t<\/div>\n\t\t\t\t\t\t\t\t\t<h3 class=\"eae-tl-item-title\">Z\u00e1r\u00f3 \u00e9rt\u00e9kel\u0151 tal\u00e1lkoz\u00f3 \u00c9szak-Maced\u00f3nia K\u00f6zt\u00e1rsas\u00e1gban<\/h3><div class=\"eae-tl-content-innner\"><\/div>\t\t\t\t\t\t\t\t<\/div>\n\t\t\t\t\t\t\t<\/div>\n\t\t\t\t\t\t\t\t\t\t\t\t\t<\/div>\n\t\t\t\t\t\t<\/a>\t\t\t\t<\/div>\n\n\t\t\t<\/div>\n\t\t\t\t\t\t\t\t\n\t\t\t\t\t\t<div id=\"4089eb5\" class=\"eae-timeline-item elementor-repeater-item-4089eb5 custom-image-style-no image-position-\">\n\n\t\t\t\t<div class=\"eae-tl-item-meta-wrapper\">\n\t\t\t\t\t\t\t\t\t\t\t<div class=\"eae-tl-item-meta\">\n\t\t\t\t\t\t\tMinden partner\t\t\t\t\t\t<\/div>\n\t\t\t\t\t\t\n\t\t\t\t<\/div>\n\n\t\t\t\t<div class=\"eae-tl-icon-wrapper\" id=\"4089eb5\">\n\t\t\t\t\t\t\t\t<div class=\"eae-icon eae-icon-item_icon eae-icon-view-stacked eae-icon-shape-circle eae-icon-type-icon\">\n\t\t\t\t<div class=\"eae-icon-wrap\">\n\t\t\t\t\t\t\t\t\t\t\t<i aria-hidden=\"true\" class=\"far fa-circle\"><\/i>\t\t\t\t\t\t\t\t\t\t<\/div>\n\t\t\t<\/div>\n\t\t\t\t\t\t\t<\/div>\n\t\t\t\t<div class=\"eae-tl-content-wrapper\">\n\t\t\t\t\t\t\t\t\t\t\t\t\t<a href=\"https:\/\/gaiaerasmus.eu\/hu\/local-training-courses\/\">\n\t\t\t\t\t\t\t\t\t\t\t\t<div class=\"eae-tl-item-content\">\n\t\t\t\t\t\t\t\t\t\t\t\t\t\t<div class=\"eae-width-100 eae-tl-content\">\n\t\t\t\t\t\t\t\t<div class=\"eae-content-inner\">\n\t\t\t\t\t\t\t\t\t<div class=\"eae-tl-item-meta-wrapper-inner\">\n\t\t\t\t\t\t\t\t\t\t\t\t\t\t\t\t\t\t\t\t\t<div class=\"eae-tl-item-meta-inner\">\n\t\t\t\t\t\t\t\t\t\t\t\tMinden partner\t\t\t\t\t\t\t\t\t\t\t<\/div>\n\t\t\t\t\t\t\t\t\t\t\t\t\t\t\t\t\t\t\t\t<\/div>\n\t\t\t\t\t\t\t\t\t<h3 class=\"eae-tl-item-title\">Helyi k\u00e9pz\u00e9sek<\/h3><div class=\"eae-tl-content-innner\"><\/div>\t\t\t\t\t\t\t\t<\/div>\n\t\t\t\t\t\t\t<\/div>\n\t\t\t\t\t\t\t\t\t\t\t\t\t<\/div>\n\t\t\t\t\t\t<\/a>\t\t\t\t<\/div>\n\n\t\t\t<\/div>\n\t\t\t\t\t\t\t\t\n\t\t\t\t\t\t<div id=\"b6c69fb\" class=\"eae-timeline-item elementor-repeater-item-b6c69fb custom-image-style-no image-position-\">\n\n\t\t\t\t<div class=\"eae-tl-item-meta-wrapper\">\n\t\t\t\t\t\t\t\t\t\t\t<div class=\"eae-tl-item-meta\">\n\t\t\t\t\t\t\tMinden partner\t\t\t\t\t\t<\/div>\n\t\t\t\t\t\t\n\t\t\t\t<\/div>\n\n\t\t\t\t<div class=\"eae-tl-icon-wrapper\" id=\"b6c69fb\">\n\t\t\t\t\t\t\t\t<div class=\"eae-icon eae-icon-item_icon eae-icon-view-stacked eae-icon-shape-circle eae-icon-type-icon\">\n\t\t\t\t<div class=\"eae-icon-wrap\">\n\t\t\t\t\t\t\t\t\t\t\t<i aria-hidden=\"true\" class=\"far fa-circle\"><\/i>\t\t\t\t\t\t\t\t\t\t<\/div>\n\t\t\t<\/div>\n\t\t\t\t\t\t\t<\/div>\n\t\t\t\t<div class=\"eae-tl-content-wrapper\">\n\t\t\t\t\t\t\t\t\t\t\t\t\t<a href=\"https:\/\/gaiaerasmus.eu\/hu\/national-seminars\/\">\n\t\t\t\t\t\t\t\t\t\t\t\t<div class=\"eae-tl-item-content\">\n\t\t\t\t\t\t\t\t\t\t\t\t\t\t<div class=\"eae-width-100 eae-tl-content\">\n\t\t\t\t\t\t\t\t<div class=\"eae-content-inner\">\n\t\t\t\t\t\t\t\t\t<div class=\"eae-tl-item-meta-wrapper-inner\">\n\t\t\t\t\t\t\t\t\t\t\t\t\t\t\t\t\t\t\t\t\t<div class=\"eae-tl-item-meta-inner\">\n\t\t\t\t\t\t\t\t\t\t\t\tMinden partner\t\t\t\t\t\t\t\t\t\t\t<\/div>\n\t\t\t\t\t\t\t\t\t\t\t\t\t\t\t\t\t\t\t\t<\/div>\n\t\t\t\t\t\t\t\t\t<h3 class=\"eae-tl-item-title\">Nemzeti Szemin\u00e1riumok<\/h3><div class=\"eae-tl-content-innner\"><\/div>\t\t\t\t\t\t\t\t<\/div>\n\t\t\t\t\t\t\t<\/div>\n\t\t\t\t\t\t\t\t\t\t\t\t\t<\/div>\n\t\t\t\t\t\t<\/a>\t\t\t\t<\/div>\n\n\t\t\t<\/div>\n\t\t\t\t\t\t\t\t\n\t\t\t\t\t\t<div id=\"42a64ed\" class=\"eae-timeline-item elementor-repeater-item-42a64ed custom-image-style-no image-position-\">\n\n\t\t\t\t<div class=\"eae-tl-item-meta-wrapper\">\n\t\t\t\t\t\t\t\t\t\t\t<div class=\"eae-tl-item-meta\">\n\t\t\t\t\t\t\tMinden partner\t\t\t\t\t\t<\/div>\n\t\t\t\t\t\t\n\t\t\t\t<\/div>\n\n\t\t\t\t<div class=\"eae-tl-icon-wrapper\" id=\"42a64ed\">\n\t\t\t\t\t\t\t\t<div class=\"eae-icon eae-icon-item_icon eae-icon-view-stacked eae-icon-shape-circle eae-icon-type-icon\">\n\t\t\t\t<div class=\"eae-icon-wrap\">\n\t\t\t\t\t\t\t\t\t\t\t<i aria-hidden=\"true\" class=\"far fa-circle\"><\/i>\t\t\t\t\t\t\t\t\t\t<\/div>\n\t\t\t<\/div>\n\t\t\t\t\t\t\t<\/div>\n\t\t\t\t<div class=\"eae-tl-content-wrapper\">\n\t\t\t\t\t\t\t\t\t\t\t\t\t<a href=\"https:\/\/gaiaerasmus.eu\/hu\/international-seminar\/\">\n\t\t\t\t\t\t\t\t\t\t\t\t<div class=\"eae-tl-item-content\">\n\t\t\t\t\t\t\t\t\t\t\t\t\t\t<div class=\"eae-width-100 eae-tl-content\">\n\t\t\t\t\t\t\t\t<div class=\"eae-content-inner\">\n\t\t\t\t\t\t\t\t\t<div class=\"eae-tl-item-meta-wrapper-inner\">\n\t\t\t\t\t\t\t\t\t\t\t\t\t\t\t\t\t\t\t\t\t<div class=\"eae-tl-item-meta-inner\">\n\t\t\t\t\t\t\t\t\t\t\t\tMinden partner\t\t\t\t\t\t\t\t\t\t\t<\/div>\n\t\t\t\t\t\t\t\t\t\t\t\t\t\t\t\t\t\t\t\t<\/div>\n\t\t\t\t\t\t\t\t\t<h3 class=\"eae-tl-item-title\">Nemzetk\u00f6zi szemin\u00e1rium<\/h3><div class=\"eae-tl-content-innner\"><\/div>\t\t\t\t\t\t\t\t<\/div>\n\t\t\t\t\t\t\t<\/div>\n\t\t\t\t\t\t\t\t\t\t\t\t\t<\/div>\n\t\t\t\t\t\t<\/a>\t\t\t\t<\/div>\n\n\t\t\t<\/div>\n\t\t\t\t\t\t\t\t\n\t\t\t\t\t\t<div id=\"68eb8b3\" class=\"eae-timeline-item elementor-repeater-item-68eb8b3 custom-image-style-no image-position-\">\n\n\t\t\t\t<div class=\"eae-tl-item-meta-wrapper\">\n\t\t\t\t\t\t\t\t\t\t\t<div class=\"eae-tl-item-meta\">\n\t\t\t\t\t\t\tMinden partner\t\t\t\t\t\t<\/div>\n\t\t\t\t\t\t\n\t\t\t\t<\/div>\n\n\t\t\t\t<div class=\"eae-tl-icon-wrapper\" id=\"68eb8b3\">\n\t\t\t\t\t\t\t\t<div class=\"eae-icon eae-icon-item_icon eae-icon-view-stacked eae-icon-shape-circle eae-icon-type-icon\">\n\t\t\t\t<div class=\"eae-icon-wrap\">\n\t\t\t\t\t\t\t\t\t\t\t<i aria-hidden=\"true\" class=\"far fa-circle\"><\/i>\t\t\t\t\t\t\t\t\t\t<\/div>\n\t\t\t<\/div>\n\t\t\t\t\t\t\t<\/div>\n\t\t\t\t<div class=\"eae-tl-content-wrapper\">\n\t\t\t\t\t\t\t\t\t\t\t\t\t<a href=\"https:\/\/gaiaerasmus.eu\/hu\/national-multiplier-events\/\">\n\t\t\t\t\t\t\t\t\t\t\t\t<div class=\"eae-tl-item-content\">\n\t\t\t\t\t\t\t\t\t\t\t\t\t\t<div class=\"eae-width-100 eae-tl-content\">\n\t\t\t\t\t\t\t\t<div class=\"eae-content-inner\">\n\t\t\t\t\t\t\t\t\t<div class=\"eae-tl-item-meta-wrapper-inner\">\n\t\t\t\t\t\t\t\t\t\t\t\t\t\t\t\t\t\t\t\t\t<div class=\"eae-tl-item-meta-inner\">\n\t\t\t\t\t\t\t\t\t\t\t\tMinden partner\t\t\t\t\t\t\t\t\t\t\t<\/div>\n\t\t\t\t\t\t\t\t\t\t\t\t\t\t\t\t\t\t\t\t<\/div>\n\t\t\t\t\t\t\t\t\t<h3 class=\"eae-tl-item-title\">Orsz\u00e1gos Multiplik\u00e1ci\u00f3s Rendezv\u00e9nyek<\/h3><div class=\"eae-tl-content-innner\"><\/div>\t\t\t\t\t\t\t\t<\/div>\n\t\t\t\t\t\t\t<\/div>\n\t\t\t\t\t\t\t\t\t\t\t\t\t<\/div>\n\t\t\t\t\t\t<\/a>\t\t\t\t<\/div>\n\n\t\t\t<\/div>\n\t\t\t\t\t\t\t\t\n\t\t\t\t\t\t<div id=\"df962fd\" class=\"eae-timeline-item elementor-repeater-item-df962fd custom-image-style-no image-position-\">\n\n\t\t\t\t<div class=\"eae-tl-item-meta-wrapper\">\n\t\t\t\t\t\t\t\t\t\t\t<div class=\"eae-tl-item-meta\">\n\t\t\t\t\t\t\tMinden partner\t\t\t\t\t\t<\/div>\n\t\t\t\t\t\t\n\t\t\t\t<\/div>\n\n\t\t\t\t<div class=\"eae-tl-icon-wrapper\" id=\"df962fd\">\n\t\t\t\t\t\t\t\t<div class=\"eae-icon eae-icon-item_icon eae-icon-view-stacked eae-icon-shape-circle eae-icon-type-icon\">\n\t\t\t\t<div class=\"eae-icon-wrap\">\n\t\t\t\t\t\t\t\t\t\t\t<i aria-hidden=\"true\" class=\"far fa-circle\"><\/i>\t\t\t\t\t\t\t\t\t\t<\/div>\n\t\t\t<\/div>\n\t\t\t\t\t\t\t<\/div>\n\t\t\t\t<div class=\"eae-tl-content-wrapper\">\n\t\t\t\t\t\t\t\t\t\t\t\t\t<a href=\"https:\/\/gaiaerasmus.eu\/hu\/international-multiplier-event\/\">\n\t\t\t\t\t\t\t\t\t\t\t\t<div class=\"eae-tl-item-content\">\n\t\t\t\t\t\t\t\t\t\t\t\t\t\t<div class=\"eae-width-100 eae-tl-content\">\n\t\t\t\t\t\t\t\t<div class=\"eae-content-inner\">\n\t\t\t\t\t\t\t\t\t<div class=\"eae-tl-item-meta-wrapper-inner\">\n\t\t\t\t\t\t\t\t\t\t\t\t\t\t\t\t\t\t\t\t\t<div class=\"eae-tl-item-meta-inner\">\n\t\t\t\t\t\t\t\t\t\t\t\tMinden partner\t\t\t\t\t\t\t\t\t\t\t<\/div>\n\t\t\t\t\t\t\t\t\t\t\t\t\t\t\t\t\t\t\t\t<\/div>\n\t\t\t\t\t\t\t\t\t<h3 class=\"eae-tl-item-title\">Nemzetk\u00f6zi Multiplik\u00e1ci\u00f3s Rendezv\u00e9ny<\/h3><div class=\"eae-tl-content-innner\"><\/div>\t\t\t\t\t\t\t\t<\/div>\n\t\t\t\t\t\t\t<\/div>\n\t\t\t\t\t\t\t\t\t\t\t\t\t<\/div>\n\t\t\t\t\t\t<\/a>\t\t\t\t<\/div>\n\n\t\t\t<\/div>\n\t\t\t\t\t\t<\/section>\n\n\t\t\t\t\t\t<\/div>\n\t\t\t\t<\/div>\n\t\t\t\t\t<\/div>\n\t\t<\/div>\n\t\t\t\t\t<\/div>\n\t\t<\/section>\n\t\t\t\t<\/div>","protected":false},"excerpt":{"rendered":"<p>February 2nd-3rd 2023 February 2nd-3rd 2023 Kick-Off Meeting in Serbia May 27th-28th 2024 May 27th-28th 2024 Mid-Term Evaluation Meeting in Hungary May 20th-21st 2025 May 20th-21st 2025 Final Evaluation Meeting in Republic of North Macedonia All Partners All Partners Local Training Courses All Partners All Partners National Seminars All Partners All Partners International Seminar All [&hellip;]<\/p>\n","protected":false},"author":1,"featured_media":0,"parent":0,"menu_order":0,"comment_status":"closed","ping_status":"closed","template":"","meta":{"_eb_attr":"","footnotes":""},"class_list":["post-586","page","type-page","status-publish","hentry"],"blocksy_meta":[],"_links":{"self":[{"href":"https:\/\/gaiaerasmus.eu\/hu\/wp-json\/wp\/v2\/pages\/586","targetHints":{"allow":["GET"]}}],"collection":[{"href":"https:\/\/gaiaerasmus.eu\/hu\/wp-json\/wp\/v2\/pages"}],"about":[{"href":"https:\/\/gaiaerasmus.eu\/hu\/wp-json\/wp\/v2\/types\/page"}],"author":[{"embeddable":true,"href":"https:\/\/gaiaerasmus.eu\/hu\/wp-json\/wp\/v2\/users\/1"}],"replies":[{"embeddable":true,"href":"https:\/\/gaiaerasmus.eu\/hu\/wp-json\/wp\/v2\/comments?post=586"}],"version-history":[{"count":16,"href":"https:\/\/gaiaerasmus.eu\/hu\/wp-json\/wp\/v2\/pages\/586\/revisions"}],"predecessor-version":[{"id":687,"href":"https:\/\/gaiaerasmus.eu\/hu\/wp-json\/wp\/v2\/pages\/586\/revisions\/687"}],"wp:attachment":[{"href":"https:\/\/gaiaerasmus.eu\/hu\/wp-json\/wp\/v2\/media?parent=586"}],"curies":[{"name":"munkaf\u00fczet","href":"https:\/\/api.w.org\/{rel}","templated":true}]}}