{"id":493,"date":"2025-04-30T09:37:41","date_gmt":"2025-04-30T09:37:41","guid":{"rendered":"https:\/\/gaiaerasmus.eu\/?page_id=493"},"modified":"2025-04-30T11:35:24","modified_gmt":"2025-04-30T11:35:24","slug":"welcome","status":"publish","type":"page","link":"https:\/\/gaiaerasmus.eu\/hu\/welcome\/","title":{"rendered":"\u00dcdv\u00f6z\u00f6lj\u00fck!"},"content":{"rendered":"<p>\u00d6n mostant\u00f3l a GAIA Network regisztr\u00e1lt tagja.<\/p>\n\n\n\n<div class=\"wp-block-essential-blocks-button  root-eb-button-ddcun\"><div class=\"eb-parent-wrapper eb-parent-eb-button-ddcun\"><div class=\"eb-button-wrapper eb-button-alignment eb-button-ddcun\"><div class=\"eb-button\"><div class=\"eb-button-inner-wrapper\"><a class=\"eb-button-anchor\" href=\"\/wp-login.php\" rel=\"noopener\">Bejelentkez\u00e9s<\/a><\/div><\/div><\/div><\/div><\/div>","protected":false},"excerpt":{"rendered":"<p>\u00d6n mostant\u00f3l a GAIA Network regisztr\u00e1lt tagja.<\/p>","protected":false},"author":1,"featured_media":0,"parent":0,"menu_order":0,"comment_status":"closed","ping_status":"closed","template":"","meta":{"_eb_attr":"","footnotes":""},"class_list":["post-493","page","type-page","status-publish","hentry"],"blocksy_meta":[],"_links":{"self":[{"href":"https:\/\/gaiaerasmus.eu\/hu\/wp-json\/wp\/v2\/pages\/493","targetHints":{"allow":["GET"]}}],"collection":[{"href":"https:\/\/gaiaerasmus.eu\/hu\/wp-json\/wp\/v2\/pages"}],"about":[{"href":"https:\/\/gaiaerasmus.eu\/hu\/wp-json\/wp\/v2\/types\/page"}],"author":[{"embeddable":true,"href":"https:\/\/gaiaerasmus.eu\/hu\/wp-json\/wp\/v2\/users\/1"}],"replies":[{"embeddable":true,"href":"https:\/\/gaiaerasmus.eu\/hu\/wp-json\/wp\/v2\/comments?post=493"}],"version-history":[{"count":4,"href":"https:\/\/gaiaerasmus.eu\/hu\/wp-json\/wp\/v2\/pages\/493\/revisions"}],"predecessor-version":[{"id":499,"href":"https:\/\/gaiaerasmus.eu\/hu\/wp-json\/wp\/v2\/pages\/493\/revisions\/499"}],"wp:attachment":[{"href":"https:\/\/gaiaerasmus.eu\/hu\/wp-json\/wp\/v2\/media?parent=493"}],"curies":[{"name":"munkaf\u00fczet","href":"https:\/\/api.w.org\/{rel}","templated":true}]}}