{"id":17,"date":"2023-05-15T12:21:15","date_gmt":"2023-05-15T12:21:15","guid":{"rendered":"https:\/\/7401da12-6c39-4b8d-9505-1587f7ed5289.eu02.conves.io\/?page_id=17"},"modified":"2023-05-16T15:18:31","modified_gmt":"2023-05-16T15:18:31","slug":"objectives","status":"publish","type":"page","link":"https:\/\/gaiaerasmus.eu\/hu\/objectives\/","title":{"rendered":"C\u00e9lok"},"content":{"rendered":"<div data-elementor-type=\"wp-page\" data-elementor-id=\"17\" class=\"elementor elementor-17\">\n\t\t\t\t\t\t<section class=\"has_eae_slider elementor-section elementor-top-section elementor-element elementor-element-cee3175 elementor-section-full_width elementor-section-content-middle ct-section-stretched elementor-section-height-default elementor-section-height-default\" data-eae-slider=\"91101\" data-id=\"cee3175\" data-element_type=\"section\" data-e-type=\"section\">\n\t\t\t\t\t\t<div class=\"elementor-container elementor-column-gap-no\">\n\t\t\t\t\t<div class=\"has_eae_slider elementor-column elementor-col-33 elementor-top-column elementor-element elementor-element-47bfb77\" data-eae-slider=\"41696\" data-id=\"47bfb77\" data-element_type=\"column\" data-e-type=\"column\">\n\t\t\t<div class=\"elementor-widget-wrap elementor-element-populated\">\n\t\t\t\t\t\t<div class=\"elementor-element elementor-element-e190f7b elementor-widget elementor-widget-image\" data-id=\"e190f7b\" data-element_type=\"widget\" data-e-type=\"widget\" data-widget_type=\"image.default\">\n\t\t\t\t<div class=\"elementor-widget-container\">\n\t\t\t\t\t\t\t\t\t\t\t\t\t\t\t<img fetchpriority=\"high\" decoding=\"async\" width=\"768\" height=\"512\" src=\"https:\/\/gaiaerasmus.eu\/wp-content\/uploads\/2023\/05\/gabin-vallet-J154nEkpzlQ-unsplash-768x512.jpg\" class=\"attachment-medium_large size-medium_large wp-image-167\" alt=\"\" srcset=\"https:\/\/gaiaerasmus.eu\/wp-content\/uploads\/2023\/05\/gabin-vallet-J154nEkpzlQ-unsplash-768x512.jpg 768w, https:\/\/gaiaerasmus.eu\/wp-content\/uploads\/2023\/05\/gabin-vallet-J154nEkpzlQ-unsplash-300x200.jpg 300w, https:\/\/gaiaerasmus.eu\/wp-content\/uploads\/2023\/05\/gabin-vallet-J154nEkpzlQ-unsplash-1024x683.jpg 1024w, https:\/\/gaiaerasmus.eu\/wp-content\/uploads\/2023\/05\/gabin-vallet-J154nEkpzlQ-unsplash-1536x1024.jpg 1536w, https:\/\/gaiaerasmus.eu\/wp-content\/uploads\/2023\/05\/gabin-vallet-J154nEkpzlQ-unsplash.jpg 1920w\" sizes=\"(max-width: 768px) 100vw, 768px\" \/>\t\t\t\t\t\t\t\t\t\t\t\t\t\t\t<\/div>\n\t\t\t\t<\/div>\n\t\t\t\t\t<\/div>\n\t\t<\/div>\n\t\t\t\t<div class=\"has_eae_slider elementor-column elementor-col-33 elementor-top-column elementor-element elementor-element-3a5f8a8\" data-eae-slider=\"11705\" data-id=\"3a5f8a8\" data-element_type=\"column\" data-e-type=\"column\">\n\t\t\t<div class=\"elementor-widget-wrap elementor-element-populated\">\n\t\t\t\t\t\t<div class=\"elementor-element elementor-element-cb0e049 elementor-widget elementor-widget-image\" data-id=\"cb0e049\" data-element_type=\"widget\" data-e-type=\"widget\" data-widget_type=\"image.default\">\n\t\t\t\t<div class=\"elementor-widget-container\">\n\t\t\t\t\t\t\t\t\t\t\t\t\t\t\t<img decoding=\"async\" src=\"https:\/\/gaiaerasmus.eu\/wp-content\/uploads\/elementor\/thumbs\/j-schiemann-Z4Sxy1_3wdY-unsplash-1-rbl8w84n2kjvc878wdqxjgxbcdkd1ni49la0wgdyio.jpg\" title=\"j-schiemann-Z4Sxy1_3wdY-unsplash\" alt=\"j-schiemann-Z4Sxy1_3wdY-unsplash\" loading=\"lazy\" \/>\t\t\t\t\t\t\t\t\t\t\t\t\t\t\t<\/div>\n\t\t\t\t<\/div>\n\t\t\t\t\t<\/div>\n\t\t<\/div>\n\t\t\t\t<div class=\"has_eae_slider elementor-column elementor-col-33 elementor-top-column elementor-element elementor-element-fc53a38\" data-eae-slider=\"17395\" data-id=\"fc53a38\" data-element_type=\"column\" data-e-type=\"column\">\n\t\t\t<div class=\"elementor-widget-wrap elementor-element-populated\">\n\t\t\t\t\t\t<div class=\"elementor-element elementor-element-ff4b3b2 elementor-widget elementor-widget-image\" data-id=\"ff4b3b2\" data-element_type=\"widget\" data-e-type=\"widget\" data-widget_type=\"image.default\">\n\t\t\t\t<div class=\"elementor-widget-container\">\n\t\t\t\t\t\t\t\t\t\t\t\t\t\t\t<img decoding=\"async\" width=\"768\" height=\"512\" src=\"https:\/\/gaiaerasmus.eu\/wp-content\/uploads\/2023\/05\/leah-hetteberg-Q-Qd44h6DZU-unsplash.jpg\" class=\"attachment-medium_large size-medium_large wp-image-165\" alt=\"\" \/>\t\t\t\t\t\t\t\t\t\t\t\t\t\t\t<\/div>\n\t\t\t\t<\/div>\n\t\t\t\t\t<\/div>\n\t\t<\/div>\n\t\t\t\t\t<\/div>\n\t\t<\/section>\n\t\t\t\t<section class=\"has_eae_slider elementor-section elementor-top-section elementor-element elementor-element-c113da9 ct-section-stretched elementor-section-boxed elementor-section-height-default elementor-section-height-default\" data-eae-slider=\"89356\" data-id=\"c113da9\" data-element_type=\"section\" data-e-type=\"section\" data-settings=\"{&quot;background_background&quot;:&quot;classic&quot;}\">\n\t\t\t\t\t\t<div class=\"elementor-container elementor-column-gap-default\">\n\t\t\t\t\t<div class=\"has_eae_slider elementor-column elementor-col-100 elementor-top-column elementor-element elementor-element-bace165\" data-eae-slider=\"99470\" data-id=\"bace165\" data-element_type=\"column\" data-e-type=\"column\">\n\t\t\t<div class=\"elementor-widget-wrap elementor-element-populated\">\n\t\t\t\t\t\t<div class=\"elementor-element elementor-element-ad11855 elementor-widget elementor-widget-text-editor\" data-id=\"ad11855\" data-element_type=\"widget\" data-e-type=\"widget\" data-widget_type=\"text-editor.default\">\n\t\t\t\t<div class=\"elementor-widget-container\">\n\t\t\t\t\t\t\t\t\t<p style=\"text-align: left;\">A fenntarthat\u00f3 gyakorlatok el\u0151mozd\u00edt\u00e1sa a sportban alapvet\u0151 fontoss\u00e1g\u00fa. Ez\u00e9rt elk\u00f6telezettek vagyunk amellett, hogy a j\u00f3 korm\u00e1nyz\u00e1s\u00e9rt felel\u0151s tisztvisel\u0151ket olyan speci\u00e1lis tud\u00e1ssal, k\u00e9pess\u00e9gekkel \u00e9s hozz\u00e1\u00e1ll\u00e1ssal ruh\u00e1zzuk fel, amelyek sz\u00fcks\u00e9gesek ahhoz, hogy szervezet\u00fckben fenntarthat\u00f3 j\u00f3 korm\u00e1nyz\u00e1s\u00e9rt felel\u0151s tisztvisel\u0151k\u00e9nt szolg\u00e1ljanak.<\/p>\t\t\t\t\t\t\t\t<\/div>\n\t\t\t\t<\/div>\n\t\t\t\t<div class=\"elementor-element elementor-element-49c90a5 elementor-widget elementor-widget-text-editor\" data-id=\"49c90a5\" data-element_type=\"widget\" data-e-type=\"widget\" data-widget_type=\"text-editor.default\">\n\t\t\t\t<div class=\"elementor-widget-container\">\n\t\t\t\t\t\t\t\t\t<p>A GAIA arra \u00f6sszpontos\u00edt, hogy olyan hozz\u00e1\u00e9rt\u0151 \u00e9s elk\u00f6telezett sportszervezetek h\u00e1l\u00f3zat\u00e1t \u00e9p\u00edtse ki, amelyek al\u00e1\u00edrj\u00e1k a Fenntarthat\u00f3 Sportir\u00e1ny\u00edt\u00e1si Chart\u00e1t. A t\u00e1bl\u00e1zat al\u00e1\u00edr\u00e1s\u00e1val a szervezetek v\u00e1llalj\u00e1k, hogy igaz\u00edtj\u00e1k \u00e9s jav\u00edtj\u00e1k ir\u00e1ny\u00edt\u00e1si \u00e9s szervezeti strukt\u00far\u00e1jukat annak \u00e9rdek\u00e9ben, hogy \u00f6sszehangolj\u00e1k elveinket.<\/p>\t\t\t\t\t\t\t\t<\/div>\n\t\t\t\t<\/div>\n\t\t\t\t<div class=\"elementor-element elementor-element-16acb0d elementor-widget elementor-widget-text-editor\" data-id=\"16acb0d\" data-element_type=\"widget\" data-e-type=\"widget\" data-widget_type=\"text-editor.default\">\n\t\t\t\t<div class=\"elementor-widget-container\">\n\t\t\t\t\t\t\t\t\t<p style=\"text-align: left;\">Meg\u00e9rtj\u00fck a sport erej\u00e9t, \u00e9s hisz\u00fcnk abban, hogy a sport a vil\u00e1g pozit\u00edv v\u00e1ltoz\u00e1s\u00e1nak ereje lehet.Ez\u00e9rt elk\u00f6telezettek vagyunk amellett, hogy a sporttev\u00e9kenys\u00e9gek el\u0151seg\u00edts\u00e9k a k\u00f6rnyezettudatoss\u00e1got \u00e9s a fenntarthat\u00f3 gyakorlatokat. Csatlakozzon a GAIA-hoz, hogy a sporton kereszt\u00fcl fenntarthat\u00f3 j\u00f6v\u0151t teremtsen.<\/p>\t\t\t\t\t\t\t\t<\/div>\n\t\t\t\t<\/div>\n\t\t\t\t\t<\/div>\n\t\t<\/div>\n\t\t\t\t\t<\/div>\n\t\t<\/section>\n\t\t\t\t<section class=\"has_eae_slider elementor-section elementor-top-section elementor-element elementor-element-4c1e335b ct-section-stretched elementor-section-boxed elementor-section-height-default elementor-section-height-default\" data-eae-slider=\"86850\" data-id=\"4c1e335b\" data-element_type=\"section\" data-e-type=\"section\" data-settings=\"{&quot;background_background&quot;:&quot;classic&quot;}\">\n\t\t\t\t\t\t<div class=\"elementor-container elementor-column-gap-default\">\n\t\t\t\t\t<div class=\"has_eae_slider elementor-column elementor-col-16 elementor-top-column elementor-element elementor-element-20128067\" data-eae-slider=\"54137\" data-id=\"20128067\" data-element_type=\"column\" data-e-type=\"column\">\n\t\t\t<div class=\"elementor-widget-wrap elementor-element-populated\">\n\t\t\t\t\t\t<div class=\"elementor-element elementor-element-5bf44e4b elementor-view-default elementor-widget elementor-widget-icon\" data-id=\"5bf44e4b\" data-element_type=\"widget\" data-e-type=\"widget\" data-widget_type=\"icon.default\">\n\t\t\t\t<div class=\"elementor-widget-container\">\n\t\t\t\t\t\t\t<div class=\"elementor-icon-wrapper\">\n\t\t\t<div class=\"elementor-icon\">\n\t\t\t<i aria-hidden=\"true\" class=\"fas fa-baseball-ball\"><\/i>\t\t\t<\/div>\n\t\t<\/div>\n\t\t\t\t\t\t<\/div>\n\t\t\t\t<\/div>\n\t\t\t\t\t<\/div>\n\t\t<\/div>\n\t\t\t\t<div class=\"has_eae_slider elementor-column elementor-col-16 elementor-top-column elementor-element elementor-element-23094bf6\" data-eae-slider=\"29831\" data-id=\"23094bf6\" data-element_type=\"column\" data-e-type=\"column\">\n\t\t\t<div class=\"elementor-widget-wrap elementor-element-populated\">\n\t\t\t\t\t\t<div class=\"elementor-element elementor-element-6ff224b4 elementor-view-default elementor-widget elementor-widget-icon\" data-id=\"6ff224b4\" data-element_type=\"widget\" data-e-type=\"widget\" data-widget_type=\"icon.default\">\n\t\t\t\t<div class=\"elementor-widget-container\">\n\t\t\t\t\t\t\t<div class=\"elementor-icon-wrapper\">\n\t\t\t<div class=\"elementor-icon\">\n\t\t\t<i aria-hidden=\"true\" class=\"fas fa-golf-ball\"><\/i>\t\t\t<\/div>\n\t\t<\/div>\n\t\t\t\t\t\t<\/div>\n\t\t\t\t<\/div>\n\t\t\t\t\t<\/div>\n\t\t<\/div>\n\t\t\t\t<div class=\"has_eae_slider elementor-column elementor-col-16 elementor-top-column elementor-element elementor-element-572b16d7\" data-eae-slider=\"41676\" data-id=\"572b16d7\" data-element_type=\"column\" data-e-type=\"column\">\n\t\t\t<div class=\"elementor-widget-wrap elementor-element-populated\">\n\t\t\t\t\t\t<div class=\"elementor-element elementor-element-59e08b05 elementor-view-default elementor-widget elementor-widget-icon\" data-id=\"59e08b05\" data-element_type=\"widget\" data-e-type=\"widget\" data-widget_type=\"icon.default\">\n\t\t\t\t<div class=\"elementor-widget-container\">\n\t\t\t\t\t\t\t<div class=\"elementor-icon-wrapper\">\n\t\t\t<div class=\"elementor-icon\">\n\t\t\t<i aria-hidden=\"true\" class=\"fas fa-volleyball-ball\"><\/i>\t\t\t<\/div>\n\t\t<\/div>\n\t\t\t\t\t\t<\/div>\n\t\t\t\t<\/div>\n\t\t\t\t\t<\/div>\n\t\t<\/div>\n\t\t\t\t<div class=\"has_eae_slider elementor-column elementor-col-16 elementor-top-column elementor-element elementor-element-791c056d\" data-eae-slider=\"83167\" data-id=\"791c056d\" data-element_type=\"column\" data-e-type=\"column\">\n\t\t\t<div class=\"elementor-widget-wrap elementor-element-populated\">\n\t\t\t\t\t\t<div class=\"elementor-element elementor-element-7d01347d elementor-view-default elementor-widget elementor-widget-icon\" data-id=\"7d01347d\" data-element_type=\"widget\" data-e-type=\"widget\" data-widget_type=\"icon.default\">\n\t\t\t\t<div class=\"elementor-widget-container\">\n\t\t\t\t\t\t\t<div class=\"elementor-icon-wrapper\">\n\t\t\t<div class=\"elementor-icon\">\n\t\t\t<i aria-hidden=\"true\" class=\"fas fa-football-ball\"><\/i>\t\t\t<\/div>\n\t\t<\/div>\n\t\t\t\t\t\t<\/div>\n\t\t\t\t<\/div>\n\t\t\t\t\t<\/div>\n\t\t<\/div>\n\t\t\t\t<div class=\"has_eae_slider elementor-column elementor-col-16 elementor-top-column elementor-element elementor-element-6730c3ca\" data-eae-slider=\"17497\" data-id=\"6730c3ca\" data-element_type=\"column\" data-e-type=\"column\">\n\t\t\t<div class=\"elementor-widget-wrap elementor-element-populated\">\n\t\t\t\t\t\t<div class=\"elementor-element elementor-element-add0a4 elementor-view-default elementor-widget elementor-widget-icon\" data-id=\"add0a4\" data-element_type=\"widget\" data-e-type=\"widget\" data-widget_type=\"icon.default\">\n\t\t\t\t<div class=\"elementor-widget-container\">\n\t\t\t\t\t\t\t<div class=\"elementor-icon-wrapper\">\n\t\t\t<div class=\"elementor-icon\">\n\t\t\t<i aria-hidden=\"true\" class=\"fas fa-table-tennis\"><\/i>\t\t\t<\/div>\n\t\t<\/div>\n\t\t\t\t\t\t<\/div>\n\t\t\t\t<\/div>\n\t\t\t\t\t<\/div>\n\t\t<\/div>\n\t\t\t\t<div class=\"has_eae_slider elementor-column elementor-col-16 elementor-top-column elementor-element elementor-element-74c12976\" data-eae-slider=\"3762\" data-id=\"74c12976\" data-element_type=\"column\" data-e-type=\"column\">\n\t\t\t<div class=\"elementor-widget-wrap elementor-element-populated\">\n\t\t\t\t\t\t<div class=\"elementor-element elementor-element-5b404f24 elementor-view-default elementor-widget elementor-widget-icon\" data-id=\"5b404f24\" data-element_type=\"widget\" data-e-type=\"widget\" data-widget_type=\"icon.default\">\n\t\t\t\t<div class=\"elementor-widget-container\">\n\t\t\t\t\t\t\t<div class=\"elementor-icon-wrapper\">\n\t\t\t<div class=\"elementor-icon\">\n\t\t\t<i aria-hidden=\"true\" class=\"fas fa-basketball-ball\"><\/i>\t\t\t<\/div>\n\t\t<\/div>\n\t\t\t\t\t\t<\/div>\n\t\t\t\t<\/div>\n\t\t\t\t\t<\/div>\n\t\t<\/div>\n\t\t\t\t\t<\/div>\n\t\t<\/section>\n\t\t\t\t<section class=\"has_eae_slider elementor-section elementor-top-section elementor-element elementor-element-8a79f25 elementor-section-boxed elementor-section-height-default elementor-section-height-default\" data-eae-slider=\"66430\" data-id=\"8a79f25\" data-element_type=\"section\" data-e-type=\"section\">\n\t\t\t\t\t\t<div class=\"elementor-container elementor-column-gap-default\">\n\t\t\t\t\t<div class=\"has_eae_slider elementor-column elementor-col-100 elementor-top-column elementor-element elementor-element-59c62f1\" data-eae-slider=\"7130\" data-id=\"59c62f1\" data-element_type=\"column\" data-e-type=\"column\">\n\t\t\t<div class=\"elementor-widget-wrap\">\n\t\t\t\t\t\t\t<\/div>\n\t\t<\/div>\n\t\t\t\t\t<\/div>\n\t\t<\/section>\n\t\t\t\t<\/div>","protected":false},"excerpt":{"rendered":"<p>Promoting sustainable practices in sports is essential. That&#8217;s why we are dedicated to equipping GoodGovernance officerswith the specialized knowledge, abilities, and attitudes necessary to serve assustainable good governance officers within their organizations. GAIA is focused on building a network of knowledgeable and dedicated sports organizations that willsign theSustainable Sport Governance Chart. By signing the chart, [&hellip;]<\/p>\n","protected":false},"author":1,"featured_media":0,"parent":0,"menu_order":0,"comment_status":"closed","ping_status":"closed","template":"","meta":{"_eb_attr":"","footnotes":""},"class_list":["post-17","page","type-page","status-publish","hentry"],"blocksy_meta":[],"_links":{"self":[{"href":"https:\/\/gaiaerasmus.eu\/hu\/wp-json\/wp\/v2\/pages\/17","targetHints":{"allow":["GET"]}}],"collection":[{"href":"https:\/\/gaiaerasmus.eu\/hu\/wp-json\/wp\/v2\/pages"}],"about":[{"href":"https:\/\/gaiaerasmus.eu\/hu\/wp-json\/wp\/v2\/types\/page"}],"author":[{"embeddable":true,"href":"https:\/\/gaiaerasmus.eu\/hu\/wp-json\/wp\/v2\/users\/1"}],"replies":[{"embeddable":true,"href":"https:\/\/gaiaerasmus.eu\/hu\/wp-json\/wp\/v2\/comments?post=17"}],"version-history":[{"count":13,"href":"https:\/\/gaiaerasmus.eu\/hu\/wp-json\/wp\/v2\/pages\/17\/revisions"}],"predecessor-version":[{"id":207,"href":"https:\/\/gaiaerasmus.eu\/hu\/wp-json\/wp\/v2\/pages\/17\/revisions\/207"}],"wp:attachment":[{"href":"https:\/\/gaiaerasmus.eu\/hu\/wp-json\/wp\/v2\/media?parent=17"}],"curies":[{"name":"munkaf\u00fczet","href":"https:\/\/api.w.org\/{rel}","templated":true}]}}