{"id":976,"date":"2025-07-17T15:17:05","date_gmt":"2025-07-17T15:17:05","guid":{"rendered":"https:\/\/gaiaerasmus.eu\/?page_id=976"},"modified":"2025-07-17T15:17:50","modified_gmt":"2025-07-17T15:17:50","slug":"national-multiplier-events-asociacion-biodiversa","status":"publish","type":"page","link":"https:\/\/gaiaerasmus.eu\/es\/national-multiplier-events-asociacion-biodiversa\/","title":{"rendered":"Eventos Multiplicadores Nacionales -Asociaci\u00f3n Biodiversa"},"content":{"rendered":"<div data-elementor-type=\"wp-page\" data-elementor-id=\"976\" class=\"elementor elementor-976\">\n\t\t\t\t\t\t<section class=\"has_eae_slider elementor-section elementor-top-section elementor-element elementor-element-d10c380 elementor-section-boxed elementor-section-height-default elementor-section-height-default\" data-eae-slider=\"41382\" data-id=\"d10c380\" data-element_type=\"section\" data-e-type=\"section\">\n\t\t\t\t\t\t<div class=\"elementor-container elementor-column-gap-default\">\n\t\t\t\t\t<div class=\"has_eae_slider elementor-column elementor-col-100 elementor-top-column elementor-element elementor-element-a7276ce\" data-eae-slider=\"2231\" data-id=\"a7276ce\" data-element_type=\"column\" data-e-type=\"column\">\n\t\t\t<div class=\"elementor-widget-wrap elementor-element-populated\">\n\t\t\t\t\t\t<div class=\"elementor-element elementor-element-0721041 elementor-widget elementor-widget-text-editor\" data-id=\"0721041\" data-element_type=\"widget\" data-e-type=\"widget\" data-widget_type=\"text-editor.default\">\n\t\t\t\t<div class=\"elementor-widget-container\">\n\t\t\t\t\t\t\t\t\t<p><strong>Gij\u00f3n, Espa\u00f1a <\/strong><\/p><p>La Asociaci\u00f3n Biodiversa organiz\u00f3 su Evento Nacional Multiplicador en Gij\u00f3n, presentando los resultados de GAIA a un p\u00fablico diverso. Participaron en este evento abierto actores del deporte, la sociedad civil, la educaci\u00f3n y el medio ambiente. Centrados en el impacto pr\u00e1ctico, los participantes exploraron c\u00f3mo los resultados del proyecto pueden impulsar pr\u00e1cticas deportivas sostenibles en Espa\u00f1a. El evento concluy\u00f3 con una sesi\u00f3n de clausura y revisi\u00f3n.<\/p><p><strong>Orden del d\u00eda:<\/strong><\/p><ol><li>Presentaci\u00f3n del Consorcio y Objetivos<\/li><li>Aspectos destacados de las actividades del proyecto<\/li><li>Presentaci\u00f3n de resultados clave<\/li><li>Ideas de proyectos con visi\u00f3n de futuro<\/li><li>Evaluaci\u00f3n y resumen<\/li><\/ol>\t\t\t\t\t\t\t\t<\/div>\n\t\t\t\t<\/div>\n\t\t\t\t\t<\/div>\n\t\t<\/div>\n\t\t\t\t\t<\/div>\n\t\t<\/section>\n\t\t\t\t<section class=\"has_eae_slider elementor-section elementor-top-section elementor-element elementor-element-de4e4a2 elementor-section-boxed elementor-section-height-default elementor-section-height-default\" data-eae-slider=\"3671\" data-id=\"de4e4a2\" data-element_type=\"section\" data-e-type=\"section\">\n\t\t\t\t\t\t<div class=\"elementor-container elementor-column-gap-default\">\n\t\t\t\t\t<div class=\"has_eae_slider elementor-column elementor-col-100 elementor-top-column elementor-element elementor-element-fd99d1a\" data-eae-slider=\"20781\" data-id=\"fd99d1a\" data-element_type=\"column\" data-e-type=\"column\">\n\t\t\t<div class=\"elementor-widget-wrap elementor-element-populated\">\n\t\t\t\t\t\t<div class=\"elementor-element elementor-element-6462ee2 elementor-widget-divider--view-line elementor-widget elementor-widget-divider\" data-id=\"6462ee2\" data-element_type=\"widget\" data-e-type=\"widget\" data-widget_type=\"divider.default\">\n\t\t\t\t<div class=\"elementor-widget-container\">\n\t\t\t\t\t\t\t<div class=\"elementor-divider\">\n\t\t\t<span class=\"elementor-divider-separator\">\n\t\t\t\t\t\t<\/span>\n\t\t<\/div>\n\t\t\t\t\t\t<\/div>\n\t\t\t\t<\/div>\n\t\t\t\t\t<\/div>\n\t\t<\/div>\n\t\t\t\t\t<\/div>\n\t\t<\/section>\n\t\t\t\t<\/div>","protected":false},"excerpt":{"rendered":"<p>Gij\u00f3n, Spain Asociaci\u00f3n Biodiversa organized its National Multiplier Event in Gij\u00f3n, presenting the outcomes of GAIA to a diverse audience. Stakeholders from sports, civil society, education, and environmental fields took part in this open event. With a focus on practical impact, participants explored how the project\u2019s deliverables can support sustainable sport practices in Spain. The [&hellip;]<\/p>\n","protected":false},"author":1,"featured_media":0,"parent":0,"menu_order":0,"comment_status":"closed","ping_status":"closed","template":"","meta":{"_eb_attr":"","footnotes":""},"class_list":["post-976","page","type-page","status-publish","hentry"],"blocksy_meta":[],"_links":{"self":[{"href":"https:\/\/gaiaerasmus.eu\/es\/wp-json\/wp\/v2\/pages\/976","targetHints":{"allow":["GET"]}}],"collection":[{"href":"https:\/\/gaiaerasmus.eu\/es\/wp-json\/wp\/v2\/pages"}],"about":[{"href":"https:\/\/gaiaerasmus.eu\/es\/wp-json\/wp\/v2\/types\/page"}],"author":[{"embeddable":true,"href":"https:\/\/gaiaerasmus.eu\/es\/wp-json\/wp\/v2\/users\/1"}],"replies":[{"embeddable":true,"href":"https:\/\/gaiaerasmus.eu\/es\/wp-json\/wp\/v2\/comments?post=976"}],"version-history":[{"count":4,"href":"https:\/\/gaiaerasmus.eu\/es\/wp-json\/wp\/v2\/pages\/976\/revisions"}],"predecessor-version":[{"id":980,"href":"https:\/\/gaiaerasmus.eu\/es\/wp-json\/wp\/v2\/pages\/976\/revisions\/980"}],"wp:attachment":[{"href":"https:\/\/gaiaerasmus.eu\/es\/wp-json\/wp\/v2\/media?parent=976"}],"curies":[{"name":"gracias","href":"https:\/\/api.w.org\/{rel}","templated":true}]}}