{"id":962,"date":"2025-07-17T14:55:00","date_gmt":"2025-07-17T14:55:00","guid":{"rendered":"https:\/\/gaiaerasmus.eu\/?page_id=962"},"modified":"2025-07-28T07:47:38","modified_gmt":"2025-07-28T07:47:38","slug":"national-multiplier-events-lorma","status":"publish","type":"page","link":"https:\/\/gaiaerasmus.eu\/es\/national-multiplier-events-lorma\/","title":{"rendered":"Eventos Multiplicadores Nacionales \u2013 L&#039;Orma"},"content":{"rendered":"<div data-elementor-type=\"wp-page\" data-elementor-id=\"962\" class=\"elementor elementor-962\">\n\t\t\t\t\t\t<section class=\"has_eae_slider elementor-section elementor-top-section elementor-element elementor-element-d10c380 elementor-section-boxed elementor-section-height-default elementor-section-height-default\" data-eae-slider=\"21943\" data-id=\"d10c380\" data-element_type=\"section\" data-e-type=\"section\">\n\t\t\t\t\t\t<div class=\"elementor-container elementor-column-gap-default\">\n\t\t\t\t\t<div class=\"has_eae_slider elementor-column elementor-col-100 elementor-top-column elementor-element elementor-element-a7276ce\" data-eae-slider=\"57344\" data-id=\"a7276ce\" data-element_type=\"column\" data-e-type=\"column\">\n\t\t\t<div class=\"elementor-widget-wrap elementor-element-populated\">\n\t\t\t\t\t\t<div class=\"elementor-element elementor-element-0721041 elementor-widget elementor-widget-text-editor\" data-id=\"0721041\" data-element_type=\"widget\" data-e-type=\"widget\" data-widget_type=\"text-editor.default\">\n\t\t\t\t<div class=\"elementor-widget-container\">\n\t\t\t\t\t\t\t\t\t<p><strong>Mil\u00e1n, Italia<\/strong><\/p><p>L&#039;Orma celebr\u00f3 su evento nacional de multiplicadores en Mil\u00e1n, creando una plataforma inclusiva para mostrar los resultados del proyecto GAIA. La conferencia acogi\u00f3 a formadores, ONG, profesionales del deporte y defensores de la sostenibilidad para una presentaci\u00f3n exhaustiva de la trayectoria y los resultados del proyecto. Un total de 30 participantes de diferentes edades participaron en el evento, que se dividi\u00f3 en dos sesiones para garantizar la participaci\u00f3n activa y el di\u00e1logo. La jornada incluy\u00f3 debates interactivos, la difusi\u00f3n del proyecto y una reflexi\u00f3n sobre las iniciativas en curso. El evento concluy\u00f3 con una sesi\u00f3n de retroalimentaci\u00f3n para evaluar su impacto.<\/p><p><strong>Orden del d\u00eda:<\/strong><\/p><ol><li>Introducci\u00f3n al Proyecto y al Consorcio<\/li><li>Descripci\u00f3n general de las actividades y los resultados del proyecto<\/li><li>Presentaci\u00f3n de entregables finales<\/li><li>Compartir iniciativas de seguimiento<\/li><li>Observaciones finales y evaluaci\u00f3n<\/li><\/ol>\t\t\t\t\t\t\t\t<\/div>\n\t\t\t\t<\/div>\n\t\t\t\t\t<\/div>\n\t\t<\/div>\n\t\t\t\t\t<\/div>\n\t\t<\/section>\n\t\t\t\t<section class=\"has_eae_slider elementor-section elementor-top-section elementor-element elementor-element-aa882d3 elementor-section-boxed elementor-section-height-default elementor-section-height-default\" data-eae-slider=\"13698\" data-id=\"aa882d3\" data-element_type=\"section\" data-e-type=\"section\">\n\t\t\t\t\t\t<div class=\"elementor-container elementor-column-gap-default\">\n\t\t\t\t\t<div class=\"has_eae_slider elementor-column elementor-col-50 elementor-top-column elementor-element elementor-element-25d3d47\" data-eae-slider=\"44307\" data-id=\"25d3d47\" data-element_type=\"column\" data-e-type=\"column\">\n\t\t\t<div class=\"elementor-widget-wrap elementor-element-populated\">\n\t\t\t\t\t\t<div class=\"elementor-element elementor-element-729c51d elementor-widget elementor-widget-image\" data-id=\"729c51d\" data-element_type=\"widget\" data-e-type=\"widget\" data-widget_type=\"image.default\">\n\t\t\t\t<div class=\"elementor-widget-container\">\n\t\t\t\t\t\t\t\t\t\t\t\t\t\t\t<img fetchpriority=\"high\" decoding=\"async\" width=\"722\" height=\"1024\" src=\"https:\/\/gaiaerasmus.eu\/wp-content\/uploads\/2025\/07\/IMG_6908-722x1024.jpeg\" class=\"attachment-large size-large wp-image-1033\" alt=\"\" srcset=\"https:\/\/gaiaerasmus.eu\/wp-content\/uploads\/2025\/07\/IMG_6908-722x1024.jpeg 722w, https:\/\/gaiaerasmus.eu\/wp-content\/uploads\/2025\/07\/IMG_6908-212x300.jpeg 212w, https:\/\/gaiaerasmus.eu\/wp-content\/uploads\/2025\/07\/IMG_6908-768x1089.jpeg 768w, https:\/\/gaiaerasmus.eu\/wp-content\/uploads\/2025\/07\/IMG_6908-1083x1536.jpeg 1083w, https:\/\/gaiaerasmus.eu\/wp-content\/uploads\/2025\/07\/IMG_6908-1444x2048.jpeg 1444w, https:\/\/gaiaerasmus.eu\/wp-content\/uploads\/2025\/07\/IMG_6908-scaled.jpeg 1805w\" sizes=\"(max-width: 722px) 100vw, 722px\" \/>\t\t\t\t\t\t\t\t\t\t\t\t\t\t\t<\/div>\n\t\t\t\t<\/div>\n\t\t\t\t<div class=\"elementor-element elementor-element-71229f4 elementor-widget elementor-widget-image\" data-id=\"71229f4\" data-element_type=\"widget\" data-e-type=\"widget\" data-widget_type=\"image.default\">\n\t\t\t\t<div class=\"elementor-widget-container\">\n\t\t\t\t\t\t\t\t\t\t\t\t\t\t\t<img decoding=\"async\" width=\"1024\" height=\"757\" src=\"https:\/\/gaiaerasmus.eu\/wp-content\/uploads\/2025\/07\/photo_2025-07-25_11-13-00-1024x757.jpg\" class=\"attachment-large size-large wp-image-1035\" alt=\"\" srcset=\"https:\/\/gaiaerasmus.eu\/wp-content\/uploads\/2025\/07\/photo_2025-07-25_11-13-00-1024x757.jpg 1024w, https:\/\/gaiaerasmus.eu\/wp-content\/uploads\/2025\/07\/photo_2025-07-25_11-13-00-300x222.jpg 300w, https:\/\/gaiaerasmus.eu\/wp-content\/uploads\/2025\/07\/photo_2025-07-25_11-13-00-768x568.jpg 768w, https:\/\/gaiaerasmus.eu\/wp-content\/uploads\/2025\/07\/photo_2025-07-25_11-13-00.jpg 1280w\" sizes=\"(max-width: 1024px) 100vw, 1024px\" \/>\t\t\t\t\t\t\t\t\t\t\t\t\t\t\t<\/div>\n\t\t\t\t<\/div>\n\t\t\t\t<div class=\"elementor-element elementor-element-1906c0d elementor-widget elementor-widget-image\" data-id=\"1906c0d\" data-element_type=\"widget\" data-e-type=\"widget\" data-widget_type=\"image.default\">\n\t\t\t\t<div class=\"elementor-widget-container\">\n\t\t\t\t\t\t\t\t\t\t\t\t\t\t\t<img decoding=\"async\" width=\"1024\" height=\"768\" src=\"https:\/\/gaiaerasmus.eu\/wp-content\/uploads\/2025\/07\/519615550_1627090787970443_4664189845789013310_n-1024x768.jpg\" class=\"attachment-large size-large wp-image-1041\" alt=\"\" srcset=\"https:\/\/gaiaerasmus.eu\/wp-content\/uploads\/2025\/07\/519615550_1627090787970443_4664189845789013310_n-1024x768.jpg 1024w, https:\/\/gaiaerasmus.eu\/wp-content\/uploads\/2025\/07\/519615550_1627090787970443_4664189845789013310_n-300x225.jpg 300w, https:\/\/gaiaerasmus.eu\/wp-content\/uploads\/2025\/07\/519615550_1627090787970443_4664189845789013310_n-768x576.jpg 768w, https:\/\/gaiaerasmus.eu\/wp-content\/uploads\/2025\/07\/519615550_1627090787970443_4664189845789013310_n-1536x1152.jpg 1536w, https:\/\/gaiaerasmus.eu\/wp-content\/uploads\/2025\/07\/519615550_1627090787970443_4664189845789013310_n.jpg 2048w\" sizes=\"(max-width: 1024px) 100vw, 1024px\" \/>\t\t\t\t\t\t\t\t\t\t\t\t\t\t\t<\/div>\n\t\t\t\t<\/div>\n\t\t\t\t\t<\/div>\n\t\t<\/div>\n\t\t\t\t<div class=\"has_eae_slider elementor-column elementor-col-50 elementor-top-column elementor-element elementor-element-77d9415\" data-eae-slider=\"82404\" data-id=\"77d9415\" data-element_type=\"column\" data-e-type=\"column\">\n\t\t\t<div class=\"elementor-widget-wrap elementor-element-populated\">\n\t\t\t\t\t\t<div class=\"elementor-element elementor-element-cd169bd elementor-widget elementor-widget-image\" data-id=\"cd169bd\" data-element_type=\"widget\" data-e-type=\"widget\" data-widget_type=\"image.default\">\n\t\t\t\t<div class=\"elementor-widget-container\">\n\t\t\t\t\t\t\t\t\t\t\t\t\t\t\t<img loading=\"lazy\" decoding=\"async\" width=\"768\" height=\"1024\" src=\"https:\/\/gaiaerasmus.eu\/wp-content\/uploads\/2025\/07\/1b5adb03-1782-419d-9982-c792904a290a-768x1024.jpeg\" class=\"attachment-large size-large wp-image-1025\" alt=\"\" srcset=\"https:\/\/gaiaerasmus.eu\/wp-content\/uploads\/2025\/07\/1b5adb03-1782-419d-9982-c792904a290a-768x1024.jpeg 768w, https:\/\/gaiaerasmus.eu\/wp-content\/uploads\/2025\/07\/1b5adb03-1782-419d-9982-c792904a290a-225x300.jpeg 225w, https:\/\/gaiaerasmus.eu\/wp-content\/uploads\/2025\/07\/1b5adb03-1782-419d-9982-c792904a290a-1152x1536.jpeg 1152w, https:\/\/gaiaerasmus.eu\/wp-content\/uploads\/2025\/07\/1b5adb03-1782-419d-9982-c792904a290a.jpeg 1536w\" sizes=\"(max-width: 768px) 100vw, 768px\" \/>\t\t\t\t\t\t\t\t\t\t\t\t\t\t\t<\/div>\n\t\t\t\t<\/div>\n\t\t\t\t<div class=\"elementor-element elementor-element-57cde0a elementor-widget elementor-widget-image\" data-id=\"57cde0a\" data-element_type=\"widget\" data-e-type=\"widget\" data-widget_type=\"image.default\">\n\t\t\t\t<div class=\"elementor-widget-container\">\n\t\t\t\t\t\t\t\t\t\t\t\t\t\t\t<img loading=\"lazy\" decoding=\"async\" width=\"768\" height=\"1024\" src=\"https:\/\/gaiaerasmus.eu\/wp-content\/uploads\/2025\/07\/9191098d-7a52-4348-ade0-e54f2bca7319-768x1024.jpeg\" class=\"attachment-large size-large wp-image-1026\" alt=\"\" srcset=\"https:\/\/gaiaerasmus.eu\/wp-content\/uploads\/2025\/07\/9191098d-7a52-4348-ade0-e54f2bca7319-768x1024.jpeg 768w, https:\/\/gaiaerasmus.eu\/wp-content\/uploads\/2025\/07\/9191098d-7a52-4348-ade0-e54f2bca7319-225x300.jpeg 225w, https:\/\/gaiaerasmus.eu\/wp-content\/uploads\/2025\/07\/9191098d-7a52-4348-ade0-e54f2bca7319-1152x1536.jpeg 1152w, https:\/\/gaiaerasmus.eu\/wp-content\/uploads\/2025\/07\/9191098d-7a52-4348-ade0-e54f2bca7319.jpeg 1536w\" sizes=\"(max-width: 768px) 100vw, 768px\" \/>\t\t\t\t\t\t\t\t\t\t\t\t\t\t\t<\/div>\n\t\t\t\t<\/div>\n\t\t\t\t\t<\/div>\n\t\t<\/div>\n\t\t\t\t\t<\/div>\n\t\t<\/section>\n\t\t\t\t<section class=\"has_eae_slider elementor-section elementor-top-section elementor-element elementor-element-6d39741 elementor-section-boxed elementor-section-height-default elementor-section-height-default\" data-eae-slider=\"36434\" data-id=\"6d39741\" data-element_type=\"section\" data-e-type=\"section\">\n\t\t\t\t\t\t<div class=\"elementor-container elementor-column-gap-default\">\n\t\t\t\t\t<div class=\"has_eae_slider elementor-column elementor-col-100 elementor-top-column elementor-element elementor-element-daee2ff\" data-eae-slider=\"80147\" data-id=\"daee2ff\" data-element_type=\"column\" data-e-type=\"column\">\n\t\t\t<div class=\"elementor-widget-wrap elementor-element-populated\">\n\t\t\t\t\t\t<div class=\"elementor-element elementor-element-1b8afe0 elementor-widget-divider--view-line elementor-widget elementor-widget-divider\" data-id=\"1b8afe0\" data-element_type=\"widget\" data-e-type=\"widget\" data-widget_type=\"divider.default\">\n\t\t\t\t<div class=\"elementor-widget-container\">\n\t\t\t\t\t\t\t<div class=\"elementor-divider\">\n\t\t\t<span class=\"elementor-divider-separator\">\n\t\t\t\t\t\t<\/span>\n\t\t<\/div>\n\t\t\t\t\t\t<\/div>\n\t\t\t\t<\/div>\n\t\t\t\t\t<\/div>\n\t\t<\/div>\n\t\t\t\t\t<\/div>\n\t\t<\/section>\n\t\t\t\t<\/div>","protected":false},"excerpt":{"rendered":"<p>Milan, Italy L\u2019Orma hosted its national multiplier event in Milan, creating an inclusive platform to showcase the GAIA project\u2019s outputs. The conference welcomed trainers, NGOs, sports professionals, and sustainability advocates for a comprehensive presentation of the project&#8217;s journey and results. A total of 30 participants from different age groups took part in the event, which [&hellip;]<\/p>\n","protected":false},"author":1,"featured_media":0,"parent":0,"menu_order":0,"comment_status":"closed","ping_status":"closed","template":"","meta":{"_eb_attr":"","footnotes":""},"class_list":["post-962","page","type-page","status-publish","hentry"],"blocksy_meta":[],"_links":{"self":[{"href":"https:\/\/gaiaerasmus.eu\/es\/wp-json\/wp\/v2\/pages\/962","targetHints":{"allow":["GET"]}}],"collection":[{"href":"https:\/\/gaiaerasmus.eu\/es\/wp-json\/wp\/v2\/pages"}],"about":[{"href":"https:\/\/gaiaerasmus.eu\/es\/wp-json\/wp\/v2\/types\/page"}],"author":[{"embeddable":true,"href":"https:\/\/gaiaerasmus.eu\/es\/wp-json\/wp\/v2\/users\/1"}],"replies":[{"embeddable":true,"href":"https:\/\/gaiaerasmus.eu\/es\/wp-json\/wp\/v2\/comments?post=962"}],"version-history":[{"count":22,"href":"https:\/\/gaiaerasmus.eu\/es\/wp-json\/wp\/v2\/pages\/962\/revisions"}],"predecessor-version":[{"id":1062,"href":"https:\/\/gaiaerasmus.eu\/es\/wp-json\/wp\/v2\/pages\/962\/revisions\/1062"}],"wp:attachment":[{"href":"https:\/\/gaiaerasmus.eu\/es\/wp-json\/wp\/v2\/media?parent=962"}],"curies":[{"name":"gracias","href":"https:\/\/api.w.org\/{rel}","templated":true}]}}