{"id":918,"date":"2025-07-17T14:13:44","date_gmt":"2025-07-17T14:13:44","guid":{"rendered":"https:\/\/gaiaerasmus.eu\/?page_id=918"},"modified":"2025-07-17T14:14:03","modified_gmt":"2025-07-17T14:14:03","slug":"national-seminars-urban-research-and-education","status":"publish","type":"page","link":"https:\/\/gaiaerasmus.eu\/es\/national-seminars-urban-research-and-education\/","title":{"rendered":"Seminarios Nacionales \u2013 Investigaci\u00f3n y Educaci\u00f3n Urbana"},"content":{"rendered":"<div data-elementor-type=\"wp-page\" data-elementor-id=\"918\" class=\"elementor elementor-918\">\n\t\t\t\t\t\t<section class=\"has_eae_slider elementor-section elementor-top-section elementor-element elementor-element-91dfa27 elementor-section-boxed elementor-section-height-default elementor-section-height-default\" data-eae-slider=\"35834\" data-id=\"91dfa27\" data-element_type=\"section\" data-e-type=\"section\">\n\t\t\t\t\t\t<div class=\"elementor-container elementor-column-gap-default\">\n\t\t\t\t\t<div class=\"has_eae_slider elementor-column elementor-col-100 elementor-top-column elementor-element elementor-element-85ccbe2\" data-eae-slider=\"92228\" data-id=\"85ccbe2\" data-element_type=\"column\" data-e-type=\"column\">\n\t\t\t<div class=\"elementor-widget-wrap elementor-element-populated\">\n\t\t\t\t\t\t<div class=\"elementor-element elementor-element-0898f09 elementor-widget elementor-widget-text-editor\" data-id=\"0898f09\" data-element_type=\"widget\" data-e-type=\"widget\" data-widget_type=\"text-editor.default\">\n\t\t\t\t<div class=\"elementor-widget-container\">\n\t\t\t\t\t\t\t\t\t<p><strong>Berl\u00edn, Alemania<\/strong><\/p><p>Investigaci\u00f3n y Educaci\u00f3n Urbanas imparti\u00f3 un ciclo de seminarios nacionales en Berl\u00edn, cada uno centrado en un pilar fundamental de la sostenibilidad (ambiental, social y econ\u00f3mica) en la gobernanza del deporte. Se realiz\u00f3 un taller final para recopilar las contribuciones de los participantes en el borrador alem\u00e1n de la Carta de la GSS. La facilitaci\u00f3n local de PPT garantiz\u00f3 un di\u00e1logo estructurado, mientras que las partes interesadas y los profesionales compartieron perspectivas para facilitar la conexi\u00f3n entre la teor\u00eda y la pr\u00e1ctica en el desarrollo del deporte sostenible.<\/p><p><strong>Seminarios realizados:<\/strong><\/p><ol><li>Sostenibilidad ambiental y buena gobernanza<\/li><li>Sostenibilidad social y buena gobernanza<\/li><li>Sostenibilidad econ\u00f3mica y buena gobernanza<\/li><li>Seminario final para recoger ideas para la contribuci\u00f3n nacional a la Carta SSG<\/li><\/ol>\t\t\t\t\t\t\t\t<\/div>\n\t\t\t\t<\/div>\n\t\t\t\t\t<\/div>\n\t\t<\/div>\n\t\t\t\t\t<\/div>\n\t\t<\/section>\n\t\t\t\t<section class=\"has_eae_slider elementor-section elementor-top-section elementor-element elementor-element-409fd3d elementor-section-boxed elementor-section-height-default elementor-section-height-default\" data-eae-slider=\"11877\" data-id=\"409fd3d\" data-element_type=\"section\" data-e-type=\"section\">\n\t\t\t\t\t\t<div class=\"elementor-container elementor-column-gap-default\">\n\t\t\t\t\t<div class=\"has_eae_slider elementor-column elementor-col-100 elementor-top-column elementor-element elementor-element-7636665\" data-eae-slider=\"33327\" data-id=\"7636665\" data-element_type=\"column\" data-e-type=\"column\">\n\t\t\t<div class=\"elementor-widget-wrap elementor-element-populated\">\n\t\t\t\t\t\t\t<\/div>\n\t\t<\/div>\n\t\t\t\t\t<\/div>\n\t\t<\/section>\n\t\t\t\t<section class=\"has_eae_slider elementor-section elementor-top-section elementor-element elementor-element-55eb690 elementor-section-boxed elementor-section-height-default elementor-section-height-default\" data-eae-slider=\"96797\" data-id=\"55eb690\" data-element_type=\"section\" data-e-type=\"section\">\n\t\t\t\t\t\t<div class=\"elementor-container elementor-column-gap-default\">\n\t\t\t\t\t<div class=\"has_eae_slider elementor-column elementor-col-100 elementor-top-column elementor-element elementor-element-dedf565\" data-eae-slider=\"71782\" data-id=\"dedf565\" data-element_type=\"column\" data-e-type=\"column\">\n\t\t\t<div class=\"elementor-widget-wrap elementor-element-populated\">\n\t\t\t\t\t\t<div class=\"elementor-element elementor-element-8d82ff4 elementor-widget-divider--view-line elementor-widget elementor-widget-divider\" data-id=\"8d82ff4\" data-element_type=\"widget\" data-e-type=\"widget\" data-widget_type=\"divider.default\">\n\t\t\t\t<div class=\"elementor-widget-container\">\n\t\t\t\t\t\t\t<div class=\"elementor-divider\">\n\t\t\t<span class=\"elementor-divider-separator\">\n\t\t\t\t\t\t<\/span>\n\t\t<\/div>\n\t\t\t\t\t\t<\/div>\n\t\t\t\t<\/div>\n\t\t\t\t\t<\/div>\n\t\t<\/div>\n\t\t\t\t\t<\/div>\n\t\t<\/section>\n\t\t\t\t<\/div>","protected":false},"excerpt":{"rendered":"<p>Berlin, Germany Urban Research and Education delivered a cycle of national seminars in Berlin, each focusing on a core sustainability pillar environmental, social, and economic within sport governance. A final workshop was held to compile participants&#8217; contributions into Germany\u2019s draft for the SSG Chart. Local PPT facilitation ensured structured dialogue, while stakeholders and professionals shared [&hellip;]<\/p>\n","protected":false},"author":1,"featured_media":0,"parent":0,"menu_order":0,"comment_status":"closed","ping_status":"closed","template":"","meta":{"_eb_attr":"","footnotes":""},"class_list":["post-918","page","type-page","status-publish","hentry"],"blocksy_meta":[],"_links":{"self":[{"href":"https:\/\/gaiaerasmus.eu\/es\/wp-json\/wp\/v2\/pages\/918","targetHints":{"allow":["GET"]}}],"collection":[{"href":"https:\/\/gaiaerasmus.eu\/es\/wp-json\/wp\/v2\/pages"}],"about":[{"href":"https:\/\/gaiaerasmus.eu\/es\/wp-json\/wp\/v2\/types\/page"}],"author":[{"embeddable":true,"href":"https:\/\/gaiaerasmus.eu\/es\/wp-json\/wp\/v2\/users\/1"}],"replies":[{"embeddable":true,"href":"https:\/\/gaiaerasmus.eu\/es\/wp-json\/wp\/v2\/comments?post=918"}],"version-history":[{"count":4,"href":"https:\/\/gaiaerasmus.eu\/es\/wp-json\/wp\/v2\/pages\/918\/revisions"}],"predecessor-version":[{"id":922,"href":"https:\/\/gaiaerasmus.eu\/es\/wp-json\/wp\/v2\/pages\/918\/revisions\/922"}],"wp:attachment":[{"href":"https:\/\/gaiaerasmus.eu\/es\/wp-json\/wp\/v2\/media?parent=918"}],"curies":[{"name":"gracias","href":"https:\/\/api.w.org\/{rel}","templated":true}]}}