{"id":908,"date":"2025-07-17T14:03:26","date_gmt":"2025-07-17T14:03:26","guid":{"rendered":"https:\/\/gaiaerasmus.eu\/?page_id=908"},"modified":"2025-07-17T14:06:51","modified_gmt":"2025-07-17T14:06:51","slug":"national-seminars-second-chance-sports-association","status":"publish","type":"page","link":"https:\/\/gaiaerasmus.eu\/es\/national-seminars-second-chance-sports-association\/","title":{"rendered":"Seminarios Nacionales \u2013 Asociaci\u00f3n Deportiva de Segunda Oportunidad"},"content":{"rendered":"<div data-elementor-type=\"wp-page\" data-elementor-id=\"908\" class=\"elementor elementor-908\">\n\t\t\t\t\t\t<section class=\"has_eae_slider elementor-section elementor-top-section elementor-element elementor-element-91dfa27 elementor-section-boxed elementor-section-height-default elementor-section-height-default\" data-eae-slider=\"80935\" data-id=\"91dfa27\" data-element_type=\"section\" data-e-type=\"section\">\n\t\t\t\t\t\t<div class=\"elementor-container elementor-column-gap-default\">\n\t\t\t\t\t<div class=\"has_eae_slider elementor-column elementor-col-100 elementor-top-column elementor-element elementor-element-85ccbe2\" data-eae-slider=\"55303\" data-id=\"85ccbe2\" data-element_type=\"column\" data-e-type=\"column\">\n\t\t\t<div class=\"elementor-widget-wrap elementor-element-populated\">\n\t\t\t\t\t\t<div class=\"elementor-element elementor-element-0898f09 elementor-widget elementor-widget-text-editor\" data-id=\"0898f09\" data-element_type=\"widget\" data-e-type=\"widget\" data-widget_type=\"text-editor.default\">\n\t\t\t\t<div class=\"elementor-widget-container\">\n\t\t\t\t\t\t\t\t\t<p><strong>Budapest, Hungr\u00eda <\/strong><\/p><p>En Budapest, la Asociaci\u00f3n Deportiva de Segunda Oportunidad imparti\u00f3 cuatro seminarios especializados con participantes de centros de formaci\u00f3n locales y expertos invitados. Cada sesi\u00f3n explor\u00f3 aspectos clave de la sostenibilidad y la buena gobernanza en el deporte, y concluy\u00f3 con un seminario final para elaborar el borrador de la contribuci\u00f3n de Hungr\u00eda a la Carta de la SG. Los seminarios fomentaron el di\u00e1logo abierto, el intercambio entre pares y las aportaciones de las partes interesadas, y el representante del PPT facilit\u00f3 la reflexi\u00f3n y el debate estructurados.<\/p><p><strong>Seminarios realizados:<\/strong><\/p><ol><li>Sostenibilidad ambiental y buena gobernanza<\/li><li>Sostenibilidad social y buena gobernanza<\/li><li>Sostenibilidad econ\u00f3mica y buena gobernanza<\/li><li>Seminario final para recoger ideas para la contribuci\u00f3n nacional a la Carta SSG<\/li><\/ol>\t\t\t\t\t\t\t\t<\/div>\n\t\t\t\t<\/div>\n\t\t\t\t\t<\/div>\n\t\t<\/div>\n\t\t\t\t\t<\/div>\n\t\t<\/section>\n\t\t\t\t<section class=\"has_eae_slider elementor-section elementor-top-section elementor-element elementor-element-6d191d0 elementor-section-boxed elementor-section-height-default elementor-section-height-default\" data-eae-slider=\"38018\" data-id=\"6d191d0\" data-element_type=\"section\" data-e-type=\"section\">\n\t\t\t\t\t\t<div class=\"elementor-container elementor-column-gap-default\">\n\t\t\t\t\t<div class=\"has_eae_slider elementor-column elementor-col-100 elementor-top-column elementor-element elementor-element-b7eb148\" data-eae-slider=\"10042\" data-id=\"b7eb148\" data-element_type=\"column\" data-e-type=\"column\">\n\t\t\t<div class=\"elementor-widget-wrap elementor-element-populated\">\n\t\t\t\t\t\t<div class=\"elementor-element elementor-element-7afa08b gallery-spacing-custom elementor-widget elementor-widget-image-gallery\" data-id=\"7afa08b\" data-element_type=\"widget\" data-e-type=\"widget\" data-widget_type=\"image-gallery.default\">\n\t\t\t\t<div class=\"elementor-widget-container\">\n\t\t\t\t\t\t\t<div class=\"elementor-image-gallery\">\n\t\t\t<div id='gallery-1' class='gallery galleryid-908 gallery-columns-3 gallery-size-medium'><figure class='gallery-item'>\n\t\t\t<div class='gallery-icon landscape'>\n\t\t\t\t<a data-elementor-open-lightbox=\"yes\" data-elementor-lightbox-slideshow=\"7afa08b\" data-elementor-lightbox-title=\"GAIA seminar_HU (2)\" data-e-action-hash=\"#elementor-action%3Aaction%3Dlightbox%26settings%3DeyJpZCI6NzU3LCJ1cmwiOiJodHRwczpcL1wvZ2FpYWVyYXNtdXMuZXVcL3dwLWNvbnRlbnRcL3VwbG9hZHNcLzIwMjVcLzA2XC9HQUlBLXNlbWluYXJfSFUtMi5qcGciLCJzbGlkZXNob3ciOiI3YWZhMDhiIn0%3D\" href='https:\/\/gaiaerasmus.eu\/wp-content\/uploads\/2025\/06\/GAIA-seminar_HU-2.jpg'><img fetchpriority=\"high\" decoding=\"async\" width=\"300\" height=\"284\" src=\"https:\/\/gaiaerasmus.eu\/wp-content\/uploads\/2025\/06\/GAIA-seminar_HU-2-300x284.jpg\" class=\"attachment-medium size-medium\" alt=\"\" srcset=\"https:\/\/gaiaerasmus.eu\/wp-content\/uploads\/2025\/06\/GAIA-seminar_HU-2-300x284.jpg 300w, https:\/\/gaiaerasmus.eu\/wp-content\/uploads\/2025\/06\/GAIA-seminar_HU-2-1024x969.jpg 1024w, https:\/\/gaiaerasmus.eu\/wp-content\/uploads\/2025\/06\/GAIA-seminar_HU-2-768x727.jpg 768w, https:\/\/gaiaerasmus.eu\/wp-content\/uploads\/2025\/06\/GAIA-seminar_HU-2-1536x1454.jpg 1536w, https:\/\/gaiaerasmus.eu\/wp-content\/uploads\/2025\/06\/GAIA-seminar_HU-2-2048x1939.jpg 2048w\" sizes=\"(max-width: 300px) 100vw, 300px\" \/><\/a>\n\t\t\t<\/div><\/figure><figure class='gallery-item'>\n\t\t\t<div class='gallery-icon landscape'>\n\t\t\t\t<a data-elementor-open-lightbox=\"yes\" data-elementor-lightbox-slideshow=\"7afa08b\" data-elementor-lightbox-title=\"GAIA seminar_HU (7)\" data-e-action-hash=\"#elementor-action%3Aaction%3Dlightbox%26settings%3DeyJpZCI6NzU4LCJ1cmwiOiJodHRwczpcL1wvZ2FpYWVyYXNtdXMuZXVcL3dwLWNvbnRlbnRcL3VwbG9hZHNcLzIwMjVcLzA2XC9HQUlBLXNlbWluYXJfSFUtNy5qcGciLCJzbGlkZXNob3ciOiI3YWZhMDhiIn0%3D\" href='https:\/\/gaiaerasmus.eu\/wp-content\/uploads\/2025\/06\/GAIA-seminar_HU-7.jpg'><img decoding=\"async\" width=\"300\" height=\"248\" src=\"https:\/\/gaiaerasmus.eu\/wp-content\/uploads\/2025\/06\/GAIA-seminar_HU-7-300x248.jpg\" class=\"attachment-medium size-medium\" alt=\"\" srcset=\"https:\/\/gaiaerasmus.eu\/wp-content\/uploads\/2025\/06\/GAIA-seminar_HU-7-300x248.jpg 300w, https:\/\/gaiaerasmus.eu\/wp-content\/uploads\/2025\/06\/GAIA-seminar_HU-7-1024x846.jpg 1024w, https:\/\/gaiaerasmus.eu\/wp-content\/uploads\/2025\/06\/GAIA-seminar_HU-7-768x634.jpg 768w, https:\/\/gaiaerasmus.eu\/wp-content\/uploads\/2025\/06\/GAIA-seminar_HU-7-1536x1269.jpg 1536w, https:\/\/gaiaerasmus.eu\/wp-content\/uploads\/2025\/06\/GAIA-seminar_HU-7-2048x1692.jpg 2048w\" sizes=\"(max-width: 300px) 100vw, 300px\" \/><\/a>\n\t\t\t<\/div><\/figure><figure class='gallery-item'>\n\t\t\t<div class='gallery-icon landscape'>\n\t\t\t\t<a data-elementor-open-lightbox=\"yes\" data-elementor-lightbox-slideshow=\"7afa08b\" data-elementor-lightbox-title=\"GAIA seminar_HU (10)\" data-e-action-hash=\"#elementor-action%3Aaction%3Dlightbox%26settings%3DeyJpZCI6NzU5LCJ1cmwiOiJodHRwczpcL1wvZ2FpYWVyYXNtdXMuZXVcL3dwLWNvbnRlbnRcL3VwbG9hZHNcLzIwMjVcLzA2XC9HQUlBLXNlbWluYXJfSFUtMTAuanBnIiwic2xpZGVzaG93IjoiN2FmYTA4YiJ9\" href='https:\/\/gaiaerasmus.eu\/wp-content\/uploads\/2025\/06\/GAIA-seminar_HU-10.jpg'><img decoding=\"async\" width=\"300\" height=\"275\" src=\"https:\/\/gaiaerasmus.eu\/wp-content\/uploads\/2025\/06\/GAIA-seminar_HU-10-300x275.jpg\" class=\"attachment-medium size-medium\" alt=\"\" srcset=\"https:\/\/gaiaerasmus.eu\/wp-content\/uploads\/2025\/06\/GAIA-seminar_HU-10-300x275.jpg 300w, https:\/\/gaiaerasmus.eu\/wp-content\/uploads\/2025\/06\/GAIA-seminar_HU-10-768x703.jpg 768w, https:\/\/gaiaerasmus.eu\/wp-content\/uploads\/2025\/06\/GAIA-seminar_HU-10.jpg 867w\" sizes=\"(max-width: 300px) 100vw, 300px\" \/><\/a>\n\t\t\t<\/div><\/figure>\n\t\t<\/div>\n\t\t<\/div>\n\t\t\t\t\t\t<\/div>\n\t\t\t\t<\/div>\n\t\t\t\t\t<\/div>\n\t\t<\/div>\n\t\t\t\t\t<\/div>\n\t\t<\/section>\n\t\t\t\t<section class=\"has_eae_slider elementor-section elementor-top-section elementor-element elementor-element-5f61cc1 elementor-section-boxed elementor-section-height-default elementor-section-height-default\" data-eae-slider=\"93906\" data-id=\"5f61cc1\" data-element_type=\"section\" data-e-type=\"section\">\n\t\t\t\t\t\t<div class=\"elementor-container elementor-column-gap-default\">\n\t\t\t\t\t<div class=\"has_eae_slider elementor-column elementor-col-100 elementor-top-column elementor-element elementor-element-fb17075\" data-eae-slider=\"44798\" data-id=\"fb17075\" data-element_type=\"column\" data-e-type=\"column\">\n\t\t\t<div class=\"elementor-widget-wrap elementor-element-populated\">\n\t\t\t\t\t\t<div class=\"elementor-element elementor-element-632d0ef elementor-widget-divider--view-line elementor-widget elementor-widget-divider\" data-id=\"632d0ef\" data-element_type=\"widget\" data-e-type=\"widget\" data-widget_type=\"divider.default\">\n\t\t\t\t<div class=\"elementor-widget-container\">\n\t\t\t\t\t\t\t<div class=\"elementor-divider\">\n\t\t\t<span class=\"elementor-divider-separator\">\n\t\t\t\t\t\t<\/span>\n\t\t<\/div>\n\t\t\t\t\t\t<\/div>\n\t\t\t\t<\/div>\n\t\t\t\t\t<\/div>\n\t\t<\/div>\n\t\t\t\t\t<\/div>\n\t\t<\/section>\n\t\t\t\t<\/div>","protected":false},"excerpt":{"rendered":"<p>Budapest, Hungary In Budapest, Second Chance Sports Association conducted four focused seminars with participants from local trainings and invited experts. Each session explored key aspects of sustainability and good governance in sport, concluding with a final seminar to develop Hungary\u2019s draft input for the SSG Chart. The seminars encouraged open dialogue, peer exchange, and stakeholder [&hellip;]<\/p>\n","protected":false},"author":1,"featured_media":0,"parent":0,"menu_order":0,"comment_status":"closed","ping_status":"closed","template":"","meta":{"_eb_attr":"","footnotes":""},"class_list":["post-908","page","type-page","status-publish","hentry"],"blocksy_meta":[],"_links":{"self":[{"href":"https:\/\/gaiaerasmus.eu\/es\/wp-json\/wp\/v2\/pages\/908","targetHints":{"allow":["GET"]}}],"collection":[{"href":"https:\/\/gaiaerasmus.eu\/es\/wp-json\/wp\/v2\/pages"}],"about":[{"href":"https:\/\/gaiaerasmus.eu\/es\/wp-json\/wp\/v2\/types\/page"}],"author":[{"embeddable":true,"href":"https:\/\/gaiaerasmus.eu\/es\/wp-json\/wp\/v2\/users\/1"}],"replies":[{"embeddable":true,"href":"https:\/\/gaiaerasmus.eu\/es\/wp-json\/wp\/v2\/comments?post=908"}],"version-history":[{"count":4,"href":"https:\/\/gaiaerasmus.eu\/es\/wp-json\/wp\/v2\/pages\/908\/revisions"}],"predecessor-version":[{"id":912,"href":"https:\/\/gaiaerasmus.eu\/es\/wp-json\/wp\/v2\/pages\/908\/revisions\/912"}],"wp:attachment":[{"href":"https:\/\/gaiaerasmus.eu\/es\/wp-json\/wp\/v2\/media?parent=908"}],"curies":[{"name":"gracias","href":"https:\/\/api.w.org\/{rel}","templated":true}]}}