{"id":903,"date":"2025-07-17T13:59:39","date_gmt":"2025-07-17T13:59:39","guid":{"rendered":"https:\/\/gaiaerasmus.eu\/?page_id=903"},"modified":"2025-07-25T12:48:56","modified_gmt":"2025-07-25T12:48:56","slug":"national-seminars-lorma","status":"publish","type":"page","link":"https:\/\/gaiaerasmus.eu\/es\/national-seminars-lorma\/","title":{"rendered":"Seminarios Nacionales \u2013 L&#039;Orma"},"content":{"rendered":"<div data-elementor-type=\"wp-page\" data-elementor-id=\"903\" class=\"elementor elementor-903\">\n\t\t\t\t\t\t<section class=\"has_eae_slider elementor-section elementor-top-section elementor-element elementor-element-91dfa27 elementor-section-boxed elementor-section-height-default elementor-section-height-default\" data-eae-slider=\"57880\" data-id=\"91dfa27\" data-element_type=\"section\" data-e-type=\"section\">\n\t\t\t\t\t\t<div class=\"elementor-container elementor-column-gap-default\">\n\t\t\t\t\t<div class=\"has_eae_slider elementor-column elementor-col-100 elementor-top-column elementor-element elementor-element-85ccbe2\" data-eae-slider=\"31106\" data-id=\"85ccbe2\" data-element_type=\"column\" data-e-type=\"column\">\n\t\t\t<div class=\"elementor-widget-wrap elementor-element-populated\">\n\t\t\t\t\t\t<div class=\"elementor-element elementor-element-0898f09 elementor-widget elementor-widget-text-editor\" data-id=\"0898f09\" data-element_type=\"widget\" data-e-type=\"widget\" data-widget_type=\"text-editor.default\">\n\t\t\t\t<div class=\"elementor-widget-container\">\n\t\t\t\t\t\t\t\t\t<p><strong>Mil\u00e1n, Italia<\/strong><\/p>\n<p>L&#039;Orma organiz\u00f3 una serie de cuatro seminarios nacionales en Mil\u00e1n para profundizar en la comprensi\u00f3n de la sostenibilidad y la gobernanza entre los profesionales del deporte y las partes interesadas. Cada seminario abord\u00f3 una dimensi\u00f3n espec\u00edfica: ambiental, social y econ\u00f3mica, seguida de una sesi\u00f3n final para sintetizar ideas sobre la contribuci\u00f3n de Italia a la Carta SSG. Expertos participaron para impulsar la reflexi\u00f3n sobre aplicaciones pr\u00e1cticas y necesidades organizativas, con la facilitaci\u00f3n del representante local del PPT.<\/p>\n<p><strong>Seminarios realizados:<\/strong><\/p>\n<ol>\n<li>Sostenibilidad ambiental y buena gobernanza<\/li>\n<li>Sostenibilidad social y buena gobernanza<\/li>\n<li>Sostenibilidad econ\u00f3mica y buena gobernanza<\/li>\n<li>Seminario final para recoger ideas para la contribuci\u00f3n nacional a la Carta SSG<\/li>\n<\/ol>\t\t\t\t\t\t\t\t<\/div>\n\t\t\t\t<\/div>\n\t\t\t\t\t<\/div>\n\t\t<\/div>\n\t\t\t\t\t<\/div>\n\t\t<\/section>\n\t\t\t\t<section class=\"has_eae_slider elementor-section elementor-top-section elementor-element elementor-element-de0a486 elementor-section-boxed elementor-section-height-default elementor-section-height-default\" data-eae-slider=\"99298\" data-id=\"de0a486\" data-element_type=\"section\" data-e-type=\"section\">\n\t\t\t\t\t\t<div class=\"elementor-container elementor-column-gap-default\">\n\t\t\t\t\t<div class=\"has_eae_slider elementor-column elementor-col-33 elementor-top-column elementor-element elementor-element-fd6e1ff\" data-eae-slider=\"64495\" data-id=\"fd6e1ff\" data-element_type=\"column\" data-e-type=\"column\">\n\t\t\t<div class=\"elementor-widget-wrap elementor-element-populated\">\n\t\t\t\t\t\t<div class=\"elementor-element elementor-element-16b1d51 elementor-widget elementor-widget-image\" data-id=\"16b1d51\" data-element_type=\"widget\" data-e-type=\"widget\" data-widget_type=\"image.default\">\n\t\t\t\t<div class=\"elementor-widget-container\">\n\t\t\t\t\t\t\t\t\t\t\t\t\t\t\t<img fetchpriority=\"high\" decoding=\"async\" width=\"1024\" height=\"473\" src=\"https:\/\/gaiaerasmus.eu\/wp-content\/uploads\/2025\/07\/20250722_155742-1024x473.jpg\" class=\"attachment-large size-large wp-image-1015\" alt=\"\" srcset=\"https:\/\/gaiaerasmus.eu\/wp-content\/uploads\/2025\/07\/20250722_155742-1024x473.jpg 1024w, https:\/\/gaiaerasmus.eu\/wp-content\/uploads\/2025\/07\/20250722_155742-300x138.jpg 300w, https:\/\/gaiaerasmus.eu\/wp-content\/uploads\/2025\/07\/20250722_155742-768x354.jpg 768w, https:\/\/gaiaerasmus.eu\/wp-content\/uploads\/2025\/07\/20250722_155742-1536x709.jpg 1536w, https:\/\/gaiaerasmus.eu\/wp-content\/uploads\/2025\/07\/20250722_155742-2048x945.jpg 2048w\" sizes=\"(max-width: 1024px) 100vw, 1024px\" \/>\t\t\t\t\t\t\t\t\t\t\t\t\t\t\t<\/div>\n\t\t\t\t<\/div>\n\t\t\t\t<div class=\"elementor-element elementor-element-f277c96 elementor-widget elementor-widget-image\" data-id=\"f277c96\" data-element_type=\"widget\" data-e-type=\"widget\" data-widget_type=\"image.default\">\n\t\t\t\t<div class=\"elementor-widget-container\">\n\t\t\t\t\t\t\t\t\t\t\t\t\t\t\t<img decoding=\"async\" width=\"1024\" height=\"473\" src=\"https:\/\/gaiaerasmus.eu\/wp-content\/uploads\/2025\/07\/20250722_155805.jpg\" class=\"attachment-large size-large wp-image-1016\" alt=\"\" \/>\t\t\t\t\t\t\t\t\t\t\t\t\t\t\t<\/div>\n\t\t\t\t<\/div>\n\t\t\t\t\t<\/div>\n\t\t<\/div>\n\t\t\t\t<div class=\"has_eae_slider elementor-column elementor-col-33 elementor-top-column elementor-element elementor-element-f9a513e\" data-eae-slider=\"57788\" data-id=\"f9a513e\" data-element_type=\"column\" data-e-type=\"column\">\n\t\t\t<div class=\"elementor-widget-wrap elementor-element-populated\">\n\t\t\t\t\t\t<div class=\"elementor-element elementor-element-9c6bef6 elementor-widget elementor-widget-image\" data-id=\"9c6bef6\" data-element_type=\"widget\" data-e-type=\"widget\" data-widget_type=\"image.default\">\n\t\t\t\t<div class=\"elementor-widget-container\">\n\t\t\t\t\t\t\t\t\t\t\t\t\t\t\t<img decoding=\"async\" width=\"768\" height=\"1024\" src=\"https:\/\/gaiaerasmus.eu\/wp-content\/uploads\/2025\/07\/photo_2025-07-25_11-31-04-768x1024.jpg\" class=\"attachment-large size-large wp-image-1037\" alt=\"\" srcset=\"https:\/\/gaiaerasmus.eu\/wp-content\/uploads\/2025\/07\/photo_2025-07-25_11-31-04-768x1024.jpg 768w, https:\/\/gaiaerasmus.eu\/wp-content\/uploads\/2025\/07\/photo_2025-07-25_11-31-04-225x300.jpg 225w, https:\/\/gaiaerasmus.eu\/wp-content\/uploads\/2025\/07\/photo_2025-07-25_11-31-04.jpg 960w\" sizes=\"(max-width: 768px) 100vw, 768px\" \/>\t\t\t\t\t\t\t\t\t\t\t\t\t\t\t<\/div>\n\t\t\t\t<\/div>\n\t\t\t\t\t<\/div>\n\t\t<\/div>\n\t\t\t\t<div class=\"has_eae_slider elementor-column elementor-col-33 elementor-top-column elementor-element elementor-element-1720b47\" data-eae-slider=\"6780\" data-id=\"1720b47\" data-element_type=\"column\" data-e-type=\"column\">\n\t\t\t<div class=\"elementor-widget-wrap elementor-element-populated\">\n\t\t\t\t\t\t<div class=\"elementor-element elementor-element-6a42e4d elementor-widget elementor-widget-image\" data-id=\"6a42e4d\" data-element_type=\"widget\" data-e-type=\"widget\" data-widget_type=\"image.default\">\n\t\t\t\t<div class=\"elementor-widget-container\">\n\t\t\t\t\t\t\t\t\t\t\t\t\t\t\t<img loading=\"lazy\" decoding=\"async\" width=\"768\" height=\"1024\" src=\"https:\/\/gaiaerasmus.eu\/wp-content\/uploads\/2025\/07\/d9f57a77-466e-4c42-82b5-24594b8dc07f-768x1024.jpeg\" class=\"attachment-large size-large wp-image-1031\" alt=\"\" srcset=\"https:\/\/gaiaerasmus.eu\/wp-content\/uploads\/2025\/07\/d9f57a77-466e-4c42-82b5-24594b8dc07f-768x1024.jpeg 768w, https:\/\/gaiaerasmus.eu\/wp-content\/uploads\/2025\/07\/d9f57a77-466e-4c42-82b5-24594b8dc07f-225x300.jpeg 225w, https:\/\/gaiaerasmus.eu\/wp-content\/uploads\/2025\/07\/d9f57a77-466e-4c42-82b5-24594b8dc07f.jpeg 960w\" sizes=\"(max-width: 768px) 100vw, 768px\" \/>\t\t\t\t\t\t\t\t\t\t\t\t\t\t\t<\/div>\n\t\t\t\t<\/div>\n\t\t\t\t\t<\/div>\n\t\t<\/div>\n\t\t\t\t\t<\/div>\n\t\t<\/section>\n\t\t\t\t<section class=\"has_eae_slider elementor-section elementor-top-section elementor-element elementor-element-7e6a082 elementor-section-boxed elementor-section-height-default elementor-section-height-default\" data-eae-slider=\"43409\" data-id=\"7e6a082\" data-element_type=\"section\" data-e-type=\"section\">\n\t\t\t\t\t\t<div class=\"elementor-container elementor-column-gap-default\">\n\t\t\t\t\t<div class=\"has_eae_slider elementor-column elementor-col-100 elementor-top-column elementor-element elementor-element-9ce6674\" data-eae-slider=\"34571\" data-id=\"9ce6674\" data-element_type=\"column\" data-e-type=\"column\">\n\t\t\t<div class=\"elementor-widget-wrap elementor-element-populated\">\n\t\t\t\t\t\t<div class=\"elementor-element elementor-element-acb432b elementor-widget-divider--view-line elementor-widget elementor-widget-divider\" data-id=\"acb432b\" data-element_type=\"widget\" data-e-type=\"widget\" data-widget_type=\"divider.default\">\n\t\t\t\t<div class=\"elementor-widget-container\">\n\t\t\t\t\t\t\t<div class=\"elementor-divider\">\n\t\t\t<span class=\"elementor-divider-separator\">\n\t\t\t\t\t\t<\/span>\n\t\t<\/div>\n\t\t\t\t\t\t<\/div>\n\t\t\t\t<\/div>\n\t\t\t\t\t<\/div>\n\t\t<\/div>\n\t\t\t\t\t<\/div>\n\t\t<\/section>\n\t\t\t\t<\/div>","protected":false},"excerpt":{"rendered":"<p>Milan, Italy L\u2019Orma organized a series of four national seminars in Milan to deepen understanding of sustainability and governance among sport professionals and stakeholders. Each seminar addressed a specific dimension environmental, social, and economic followed by a final session to synthesize ideas for Italy\u2019s contribution to the SSG Chart. Experts joined to support reflection on [&hellip;]<\/p>\n","protected":false},"author":1,"featured_media":0,"parent":0,"menu_order":0,"comment_status":"closed","ping_status":"closed","template":"","meta":{"_eb_attr":"","footnotes":""},"class_list":["post-903","page","type-page","status-publish","hentry"],"blocksy_meta":[],"_links":{"self":[{"href":"https:\/\/gaiaerasmus.eu\/es\/wp-json\/wp\/v2\/pages\/903","targetHints":{"allow":["GET"]}}],"collection":[{"href":"https:\/\/gaiaerasmus.eu\/es\/wp-json\/wp\/v2\/pages"}],"about":[{"href":"https:\/\/gaiaerasmus.eu\/es\/wp-json\/wp\/v2\/types\/page"}],"author":[{"embeddable":true,"href":"https:\/\/gaiaerasmus.eu\/es\/wp-json\/wp\/v2\/users\/1"}],"replies":[{"embeddable":true,"href":"https:\/\/gaiaerasmus.eu\/es\/wp-json\/wp\/v2\/comments?post=903"}],"version-history":[{"count":16,"href":"https:\/\/gaiaerasmus.eu\/es\/wp-json\/wp\/v2\/pages\/903\/revisions"}],"predecessor-version":[{"id":1058,"href":"https:\/\/gaiaerasmus.eu\/es\/wp-json\/wp\/v2\/pages\/903\/revisions\/1058"}],"wp:attachment":[{"href":"https:\/\/gaiaerasmus.eu\/es\/wp-json\/wp\/v2\/media?parent=903"}],"curies":[{"name":"gracias","href":"https:\/\/api.w.org\/{rel}","templated":true}]}}