{"id":844,"date":"2025-07-17T12:32:36","date_gmt":"2025-07-17T12:32:36","guid":{"rendered":"https:\/\/gaiaerasmus.eu\/?page_id=844"},"modified":"2025-07-17T12:39:19","modified_gmt":"2025-07-17T12:39:19","slug":"local-training-courses-copy","status":"publish","type":"page","link":"https:\/\/gaiaerasmus.eu\/es\/local-training-courses-copy\/","title":{"rendered":"Cursos de formaci\u00f3n locales \u2013 L&#039;Orma"},"content":{"rendered":"<div data-elementor-type=\"wp-page\" data-elementor-id=\"844\" class=\"elementor elementor-844\">\n\t\t\t\t\t\t<section class=\"has_eae_slider elementor-section elementor-top-section elementor-element elementor-element-584e15c elementor-section-boxed elementor-section-height-default elementor-section-height-default\" data-eae-slider=\"83369\" data-id=\"584e15c\" data-element_type=\"section\" data-e-type=\"section\">\n\t\t\t\t\t\t<div class=\"elementor-container elementor-column-gap-default\">\n\t\t\t\t\t<div class=\"has_eae_slider elementor-column elementor-col-100 elementor-top-column elementor-element elementor-element-21cdaf8\" data-eae-slider=\"89428\" data-id=\"21cdaf8\" data-element_type=\"column\" data-e-type=\"column\">\n\t\t\t<div class=\"elementor-widget-wrap elementor-element-populated\">\n\t\t\t\t\t\t<div class=\"elementor-element elementor-element-24a33ff elementor-widget elementor-widget-image\" data-id=\"24a33ff\" data-element_type=\"widget\" data-e-type=\"widget\" data-widget_type=\"image.default\">\n\t\t\t\t<div class=\"elementor-widget-container\">\n\t\t\t\t\t\t\t\t\t\t\t\t\t\t\t<img decoding=\"async\" width=\"175\" height=\"117\" src=\"https:\/\/gaiaerasmus.eu\/wp-content\/uploads\/2025\/07\/111.jpg\" class=\"attachment-large size-large wp-image-856\" alt=\"\" \/>\t\t\t\t\t\t\t\t\t\t\t\t\t\t\t<\/div>\n\t\t\t\t<\/div>\n\t\t\t\t<div class=\"elementor-element elementor-element-422ec02 elementor-widget elementor-widget-text-editor\" data-id=\"422ec02\" data-element_type=\"widget\" data-e-type=\"widget\" data-widget_type=\"text-editor.default\">\n\t\t\t\t<div class=\"elementor-widget-container\">\n\t\t\t\t\t\t\t\t\t<p><strong>Organizaci\u00f3n responsable:<\/strong> L'Orma<br \/><strong>Ubicaci\u00f3n:<\/strong> Mil\u00e1n, Italia<br \/><strong>Duraci\u00f3n:<\/strong> 6 d\u00edas completos<br \/><strong>Participantes:<\/strong> 4 miembros de organizaciones deportivas<\/p><p>L&#039;Orma organiz\u00f3 una capacitaci\u00f3n de seis d\u00edas en Mil\u00e1n para apoyar a profesionales del deporte en la promoci\u00f3n de la sostenibilidad y la buena gobernanza en sus organizaciones. El programa combin\u00f3 aprendizaje pr\u00e1ctico con sesiones diarias de evaluaci\u00f3n, lo que permiti\u00f3 a los participantes evaluar su progreso y aplicar nuevas estrategias en contextos reales.<\/p>\t\t\t\t\t\t\t\t<\/div>\n\t\t\t\t<\/div>\n\t\t\t\t\t<\/div>\n\t\t<\/div>\n\t\t\t\t\t<\/div>\n\t\t<\/section>\n\t\t\t\t<section class=\"has_eae_slider elementor-section elementor-top-section elementor-element elementor-element-1c9e254 elementor-section-boxed elementor-section-height-default elementor-section-height-default\" data-eae-slider=\"63701\" data-id=\"1c9e254\" data-element_type=\"section\" data-e-type=\"section\">\n\t\t\t\t\t\t<div class=\"elementor-container elementor-column-gap-default\">\n\t\t\t\t\t<div class=\"has_eae_slider elementor-column elementor-col-100 elementor-top-column elementor-element elementor-element-ea751cb\" data-eae-slider=\"63224\" data-id=\"ea751cb\" data-element_type=\"column\" data-e-type=\"column\">\n\t\t\t<div class=\"elementor-widget-wrap elementor-element-populated\">\n\t\t\t\t\t\t<div class=\"elementor-element elementor-element-2a03d41 elementor-widget elementor-widget-image-gallery\" data-id=\"2a03d41\" data-element_type=\"widget\" data-e-type=\"widget\" data-widget_type=\"image-gallery.default\">\n\t\t\t\t<div class=\"elementor-widget-container\">\n\t\t\t\t\t\t\t<div class=\"elementor-image-gallery\">\n\t\t\t<div id='gallery-1' class='gallery galleryid-844 gallery-columns-3 gallery-size-medium'><figure class='gallery-item'>\n\t\t\t<div class='gallery-icon landscape'>\n\t\t\t\t<a data-elementor-open-lightbox=\"yes\" data-elementor-lightbox-slideshow=\"2a03d41\" data-elementor-lightbox-title=\"WhatsApp Image 2024-10-22 at 14.08.25 (1)\" data-e-action-hash=\"#elementor-action%3Aaction%3Dlightbox%26settings%3DeyJpZCI6Nzg2LCJ1cmwiOiJodHRwczpcL1wvZ2FpYWVyYXNtdXMuZXVcL3dwLWNvbnRlbnRcL3VwbG9hZHNcLzIwMjVcLzA2XC9XaGF0c0FwcC1JbWFnZS0yMDI0LTEwLTIyLWF0LTE0LjA4LjI1LTEuanBlZyIsInNsaWRlc2hvdyI6IjJhMDNkNDEifQ%3D%3D\" href='https:\/\/gaiaerasmus.eu\/wp-content\/uploads\/2025\/06\/WhatsApp-Image-2024-10-22-at-14.08.25-1.jpeg'><img fetchpriority=\"high\" decoding=\"async\" width=\"300\" height=\"225\" src=\"https:\/\/gaiaerasmus.eu\/wp-content\/uploads\/2025\/06\/WhatsApp-Image-2024-10-22-at-14.08.25-1-300x225.jpeg\" class=\"attachment-medium size-medium\" alt=\"\" srcset=\"https:\/\/gaiaerasmus.eu\/wp-content\/uploads\/2025\/06\/WhatsApp-Image-2024-10-22-at-14.08.25-1-300x225.jpeg 300w, https:\/\/gaiaerasmus.eu\/wp-content\/uploads\/2025\/06\/WhatsApp-Image-2024-10-22-at-14.08.25-1-1024x768.jpeg 1024w, https:\/\/gaiaerasmus.eu\/wp-content\/uploads\/2025\/06\/WhatsApp-Image-2024-10-22-at-14.08.25-1-768x576.jpeg 768w, https:\/\/gaiaerasmus.eu\/wp-content\/uploads\/2025\/06\/WhatsApp-Image-2024-10-22-at-14.08.25-1-1536x1152.jpeg 1536w, https:\/\/gaiaerasmus.eu\/wp-content\/uploads\/2025\/06\/WhatsApp-Image-2024-10-22-at-14.08.25-1.jpeg 1600w\" sizes=\"(max-width: 300px) 100vw, 300px\" \/><\/a>\n\t\t\t<\/div><\/figure><figure class='gallery-item'>\n\t\t\t<div class='gallery-icon landscape'>\n\t\t\t\t<a data-elementor-open-lightbox=\"yes\" data-elementor-lightbox-slideshow=\"2a03d41\" data-elementor-lightbox-title=\"WhatsApp Image 2024-10-21 at 17.13.43\" data-e-action-hash=\"#elementor-action%3Aaction%3Dlightbox%26settings%3DeyJpZCI6Nzg1LCJ1cmwiOiJodHRwczpcL1wvZ2FpYWVyYXNtdXMuZXVcL3dwLWNvbnRlbnRcL3VwbG9hZHNcLzIwMjVcLzA2XC9XaGF0c0FwcC1JbWFnZS0yMDI0LTEwLTIxLWF0LTE3LjEzLjQzLmpwZWciLCJzbGlkZXNob3ciOiIyYTAzZDQxIn0%3D\" href='https:\/\/gaiaerasmus.eu\/wp-content\/uploads\/2025\/06\/WhatsApp-Image-2024-10-21-at-17.13.43.jpeg'><img decoding=\"async\" width=\"300\" height=\"225\" src=\"https:\/\/gaiaerasmus.eu\/wp-content\/uploads\/2025\/06\/WhatsApp-Image-2024-10-21-at-17.13.43-300x225.jpeg\" class=\"attachment-medium size-medium\" alt=\"\" srcset=\"https:\/\/gaiaerasmus.eu\/wp-content\/uploads\/2025\/06\/WhatsApp-Image-2024-10-21-at-17.13.43-300x225.jpeg 300w, https:\/\/gaiaerasmus.eu\/wp-content\/uploads\/2025\/06\/WhatsApp-Image-2024-10-21-at-17.13.43-1024x768.jpeg 1024w, https:\/\/gaiaerasmus.eu\/wp-content\/uploads\/2025\/06\/WhatsApp-Image-2024-10-21-at-17.13.43-768x576.jpeg 768w, https:\/\/gaiaerasmus.eu\/wp-content\/uploads\/2025\/06\/WhatsApp-Image-2024-10-21-at-17.13.43-1536x1152.jpeg 1536w, https:\/\/gaiaerasmus.eu\/wp-content\/uploads\/2025\/06\/WhatsApp-Image-2024-10-21-at-17.13.43.jpeg 1600w\" sizes=\"(max-width: 300px) 100vw, 300px\" \/><\/a>\n\t\t\t<\/div><\/figure><figure class='gallery-item'>\n\t\t\t<div class='gallery-icon portrait'>\n\t\t\t\t<a data-elementor-open-lightbox=\"yes\" data-elementor-lightbox-slideshow=\"2a03d41\" data-elementor-lightbox-title=\"WhatsApp Image 2024-10-21 at 18.00.57\" data-e-action-hash=\"#elementor-action%3Aaction%3Dlightbox%26settings%3DeyJpZCI6Nzg3LCJ1cmwiOiJodHRwczpcL1wvZ2FpYWVyYXNtdXMuZXVcL3dwLWNvbnRlbnRcL3VwbG9hZHNcLzIwMjVcLzA2XC9XaGF0c0FwcC1JbWFnZS0yMDI0LTEwLTIxLWF0LTE4LjAwLjU3LmpwZWciLCJzbGlkZXNob3ciOiIyYTAzZDQxIn0%3D\" href='https:\/\/gaiaerasmus.eu\/wp-content\/uploads\/2025\/06\/WhatsApp-Image-2024-10-21-at-18.00.57.jpeg'><img loading=\"lazy\" decoding=\"async\" width=\"225\" height=\"300\" src=\"https:\/\/gaiaerasmus.eu\/wp-content\/uploads\/2025\/06\/WhatsApp-Image-2024-10-21-at-18.00.57-225x300.jpeg\" class=\"attachment-medium size-medium\" alt=\"\" srcset=\"https:\/\/gaiaerasmus.eu\/wp-content\/uploads\/2025\/06\/WhatsApp-Image-2024-10-21-at-18.00.57-225x300.jpeg 225w, https:\/\/gaiaerasmus.eu\/wp-content\/uploads\/2025\/06\/WhatsApp-Image-2024-10-21-at-18.00.57-768x1024.jpeg 768w, https:\/\/gaiaerasmus.eu\/wp-content\/uploads\/2025\/06\/WhatsApp-Image-2024-10-21-at-18.00.57-1152x1536.jpeg 1152w, https:\/\/gaiaerasmus.eu\/wp-content\/uploads\/2025\/06\/WhatsApp-Image-2024-10-21-at-18.00.57.jpeg 1200w\" sizes=\"(max-width: 225px) 100vw, 225px\" \/><\/a>\n\t\t\t<\/div><\/figure>\n\t\t<\/div>\n\t\t<\/div>\n\t\t\t\t\t\t<\/div>\n\t\t\t\t<\/div>\n\t\t\t\t\t<\/div>\n\t\t<\/div>\n\t\t\t\t\t<\/div>\n\t\t<\/section>\n\t\t\t\t<section class=\"has_eae_slider elementor-section elementor-top-section elementor-element elementor-element-8503620 elementor-section-boxed elementor-section-height-default elementor-section-height-default\" data-eae-slider=\"67683\" data-id=\"8503620\" data-element_type=\"section\" data-e-type=\"section\">\n\t\t\t\t\t\t<div class=\"elementor-container elementor-column-gap-default\">\n\t\t\t\t\t<div class=\"has_eae_slider elementor-column elementor-col-100 elementor-top-column elementor-element elementor-element-6e2a225\" data-eae-slider=\"36477\" data-id=\"6e2a225\" data-element_type=\"column\" data-e-type=\"column\">\n\t\t\t<div class=\"elementor-widget-wrap\">\n\t\t\t\t\t\t\t<\/div>\n\t\t<\/div>\n\t\t\t\t\t<\/div>\n\t\t<\/section>\n\t\t\t\t<\/div>","protected":false},"excerpt":{"rendered":"<p>Responsible organization: L\u2019OrmaLocation: Milan, ItalyDuration: 6 full daysParticipants: 4 members of sport organizations L\u2019Orma organized a six-day training in Milan to support sport professionals in promoting sustainability and good governance within their organizations. The program combined practical learning with daily evaluation sessions, allowing participants to assess their progress and apply new strategies to real-life contexts.<\/p>","protected":false},"author":1,"featured_media":0,"parent":0,"menu_order":0,"comment_status":"closed","ping_status":"closed","template":"","meta":{"_eb_attr":"","footnotes":""},"class_list":["post-844","page","type-page","status-publish","hentry"],"blocksy_meta":[],"_links":{"self":[{"href":"https:\/\/gaiaerasmus.eu\/es\/wp-json\/wp\/v2\/pages\/844","targetHints":{"allow":["GET"]}}],"collection":[{"href":"https:\/\/gaiaerasmus.eu\/es\/wp-json\/wp\/v2\/pages"}],"about":[{"href":"https:\/\/gaiaerasmus.eu\/es\/wp-json\/wp\/v2\/types\/page"}],"author":[{"embeddable":true,"href":"https:\/\/gaiaerasmus.eu\/es\/wp-json\/wp\/v2\/users\/1"}],"replies":[{"embeddable":true,"href":"https:\/\/gaiaerasmus.eu\/es\/wp-json\/wp\/v2\/comments?post=844"}],"version-history":[{"count":7,"href":"https:\/\/gaiaerasmus.eu\/es\/wp-json\/wp\/v2\/pages\/844\/revisions"}],"predecessor-version":[{"id":860,"href":"https:\/\/gaiaerasmus.eu\/es\/wp-json\/wp\/v2\/pages\/844\/revisions\/860"}],"wp:attachment":[{"href":"https:\/\/gaiaerasmus.eu\/es\/wp-json\/wp\/v2\/media?parent=844"}],"curies":[{"name":"gracias","href":"https:\/\/api.w.org\/{rel}","templated":true}]}}