{"id":649,"date":"2025-05-23T14:13:18","date_gmt":"2025-05-23T14:13:18","guid":{"rendered":"https:\/\/gaiaerasmus.eu\/?page_id=649"},"modified":"2025-06-18T09:26:32","modified_gmt":"2025-06-18T09:26:32","slug":"final-evaluation-meeting","status":"publish","type":"page","link":"https:\/\/gaiaerasmus.eu\/es\/final-evaluation-meeting\/","title":{"rendered":"Reuni\u00f3n de evaluaci\u00f3n final"},"content":{"rendered":"<div data-elementor-type=\"wp-page\" data-elementor-id=\"649\" class=\"elementor elementor-649\">\n\t\t\t\t\t\t<section class=\"has_eae_slider elementor-section elementor-top-section elementor-element elementor-element-be9b7e3 elementor-section-boxed elementor-section-height-default elementor-section-height-default\" data-eae-slider=\"42341\" data-id=\"be9b7e3\" data-element_type=\"section\" data-e-type=\"section\">\n\t\t\t\t\t\t<div class=\"elementor-container elementor-column-gap-default\">\n\t\t\t\t\t<div class=\"has_eae_slider elementor-column elementor-col-100 elementor-top-column elementor-element elementor-element-88558c2\" data-eae-slider=\"89902\" data-id=\"88558c2\" data-element_type=\"column\" data-e-type=\"column\">\n\t\t\t<div class=\"elementor-widget-wrap elementor-element-populated\">\n\t\t\t\t\t\t<div class=\"elementor-element elementor-element-d2d29b6 elementor-widget elementor-widget-text-editor\" data-id=\"d2d29b6\" data-element_type=\"widget\" data-e-type=\"widget\" data-widget_type=\"text-editor.default\">\n\t\t\t\t<div class=\"elementor-widget-container\">\n\t\t\t\t\t\t\t\t\t<p>La Reuni\u00f3n de Evaluaci\u00f3n Final tuvo como objetivo realizar una evaluaci\u00f3n final del proyecto, su impacto y su calidad. Durante la Reuni\u00f3n de Evaluaci\u00f3n Final, se acordaron los t\u00e9rminos para la continuidad sostenible del proyecto con la presentaci\u00f3n del Plan de Sostenibilidad.<\/p>\t\t\t\t\t\t\t\t<\/div>\n\t\t\t\t<\/div>\n\t\t\t\t\t<\/div>\n\t\t<\/div>\n\t\t\t\t\t<\/div>\n\t\t<\/section>\n\t\t\t\t<section class=\"has_eae_slider elementor-section elementor-top-section elementor-element elementor-element-2c04470 elementor-section-boxed elementor-section-height-default elementor-section-height-default\" data-eae-slider=\"37094\" data-id=\"2c04470\" data-element_type=\"section\" data-e-type=\"section\">\n\t\t\t\t\t\t<div class=\"elementor-container elementor-column-gap-default\">\n\t\t\t\t\t<div class=\"has_eae_slider elementor-column elementor-col-100 elementor-top-column elementor-element elementor-element-90e7352\" data-eae-slider=\"89043\" data-id=\"90e7352\" data-element_type=\"column\" data-e-type=\"column\">\n\t\t\t<div class=\"elementor-widget-wrap elementor-element-populated\">\n\t\t\t\t\t\t<div class=\"elementor-element elementor-element-d251bc8 gallery-spacing-custom elementor-widget elementor-widget-image-gallery\" data-id=\"d251bc8\" data-element_type=\"widget\" data-e-type=\"widget\" data-widget_type=\"image-gallery.default\">\n\t\t\t\t<div class=\"elementor-widget-container\">\n\t\t\t\t\t\t\t<div class=\"elementor-image-gallery\">\n\t\t\t<div id='gallery-1' class='gallery galleryid-649 gallery-columns-3 gallery-size-medium'><figure class='gallery-item'>\n\t\t\t<div class='gallery-icon portrait'>\n\t\t\t\t<a data-elementor-open-lightbox=\"yes\" data-elementor-lightbox-slideshow=\"d251bc8\" data-elementor-lightbox-title=\"d2ced05a035fba0f8f8e39a68d3978dc\" data-e-action-hash=\"#elementor-action%3Aaction%3Dlightbox%26settings%3DeyJpZCI6NzIyLCJ1cmwiOiJodHRwczpcL1wvZ2FpYWVyYXNtdXMuZXVcL3dwLWNvbnRlbnRcL3VwbG9hZHNcLzIwMjVcLzA2XC9kMmNlZDA1YTAzNWZiYTBmOGY4ZTM5YTY4ZDM5NzhkYy5qcGVnIiwic2xpZGVzaG93IjoiZDI1MWJjOCJ9\" href='https:\/\/gaiaerasmus.eu\/wp-content\/uploads\/2025\/06\/d2ced05a035fba0f8f8e39a68d3978dc.jpeg'><img fetchpriority=\"high\" decoding=\"async\" width=\"225\" height=\"300\" src=\"https:\/\/gaiaerasmus.eu\/wp-content\/uploads\/2025\/06\/d2ced05a035fba0f8f8e39a68d3978dc-225x300.jpeg\" class=\"attachment-medium size-medium\" alt=\"\" srcset=\"https:\/\/gaiaerasmus.eu\/wp-content\/uploads\/2025\/06\/d2ced05a035fba0f8f8e39a68d3978dc-225x300.jpeg 225w, https:\/\/gaiaerasmus.eu\/wp-content\/uploads\/2025\/06\/d2ced05a035fba0f8f8e39a68d3978dc-768x1024.jpeg 768w, https:\/\/gaiaerasmus.eu\/wp-content\/uploads\/2025\/06\/d2ced05a035fba0f8f8e39a68d3978dc-1152x1536.jpeg 1152w, https:\/\/gaiaerasmus.eu\/wp-content\/uploads\/2025\/06\/d2ced05a035fba0f8f8e39a68d3978dc.jpeg 1280w\" sizes=\"(max-width: 225px) 100vw, 225px\" \/><\/a>\n\t\t\t<\/div><\/figure><figure class='gallery-item'>\n\t\t\t<div class='gallery-icon landscape'>\n\t\t\t\t<a data-elementor-open-lightbox=\"yes\" data-elementor-lightbox-slideshow=\"d251bc8\" data-elementor-lightbox-title=\"30222884e53eebc69ea77f53b1e46e2e 3\" data-e-action-hash=\"#elementor-action%3Aaction%3Dlightbox%26settings%3DeyJpZCI6NzIwLCJ1cmwiOiJodHRwczpcL1wvZ2FpYWVyYXNtdXMuZXVcL3dwLWNvbnRlbnRcL3VwbG9hZHNcLzIwMjVcLzA2XC8zMDIyMjg4NGU1M2VlYmM2OWVhNzdmNTNiMWU0NmUyZS0zLmpwZWciLCJzbGlkZXNob3ciOiJkMjUxYmM4In0%3D\" href='https:\/\/gaiaerasmus.eu\/wp-content\/uploads\/2025\/06\/30222884e53eebc69ea77f53b1e46e2e-3.jpeg'><img decoding=\"async\" width=\"300\" height=\"169\" src=\"https:\/\/gaiaerasmus.eu\/wp-content\/uploads\/2025\/06\/30222884e53eebc69ea77f53b1e46e2e-3-300x169.jpeg\" class=\"attachment-medium size-medium\" alt=\"\" srcset=\"https:\/\/gaiaerasmus.eu\/wp-content\/uploads\/2025\/06\/30222884e53eebc69ea77f53b1e46e2e-3-300x169.jpeg 300w, https:\/\/gaiaerasmus.eu\/wp-content\/uploads\/2025\/06\/30222884e53eebc69ea77f53b1e46e2e-3-1024x576.jpeg 1024w, https:\/\/gaiaerasmus.eu\/wp-content\/uploads\/2025\/06\/30222884e53eebc69ea77f53b1e46e2e-3-768x432.jpeg 768w, https:\/\/gaiaerasmus.eu\/wp-content\/uploads\/2025\/06\/30222884e53eebc69ea77f53b1e46e2e-3-1536x864.jpeg 1536w, https:\/\/gaiaerasmus.eu\/wp-content\/uploads\/2025\/06\/30222884e53eebc69ea77f53b1e46e2e-3.jpeg 2048w\" sizes=\"(max-width: 300px) 100vw, 300px\" \/><\/a>\n\t\t\t<\/div><\/figure><figure class='gallery-item'>\n\t\t\t<div class='gallery-icon landscape'>\n\t\t\t\t<a data-elementor-open-lightbox=\"yes\" data-elementor-lightbox-slideshow=\"d251bc8\" data-elementor-lightbox-title=\"8bc08ecfa9e510b2e922cba545a827b7 3\" data-e-action-hash=\"#elementor-action%3Aaction%3Dlightbox%26settings%3DeyJpZCI6NzIxLCJ1cmwiOiJodHRwczpcL1wvZ2FpYWVyYXNtdXMuZXVcL3dwLWNvbnRlbnRcL3VwbG9hZHNcLzIwMjVcLzA2XC84YmMwOGVjZmE5ZTUxMGIyZTkyMmNiYTU0NWE4MjdiNy0zLmpwZWciLCJzbGlkZXNob3ciOiJkMjUxYmM4In0%3D\" href='https:\/\/gaiaerasmus.eu\/wp-content\/uploads\/2025\/06\/8bc08ecfa9e510b2e922cba545a827b7-3.jpeg'><img decoding=\"async\" width=\"300\" height=\"169\" src=\"https:\/\/gaiaerasmus.eu\/wp-content\/uploads\/2025\/06\/8bc08ecfa9e510b2e922cba545a827b7-3-300x169.jpeg\" class=\"attachment-medium size-medium\" alt=\"\" srcset=\"https:\/\/gaiaerasmus.eu\/wp-content\/uploads\/2025\/06\/8bc08ecfa9e510b2e922cba545a827b7-3-300x169.jpeg 300w, https:\/\/gaiaerasmus.eu\/wp-content\/uploads\/2025\/06\/8bc08ecfa9e510b2e922cba545a827b7-3-1024x576.jpeg 1024w, https:\/\/gaiaerasmus.eu\/wp-content\/uploads\/2025\/06\/8bc08ecfa9e510b2e922cba545a827b7-3-768x432.jpeg 768w, https:\/\/gaiaerasmus.eu\/wp-content\/uploads\/2025\/06\/8bc08ecfa9e510b2e922cba545a827b7-3-1536x864.jpeg 1536w, https:\/\/gaiaerasmus.eu\/wp-content\/uploads\/2025\/06\/8bc08ecfa9e510b2e922cba545a827b7-3.jpeg 2048w\" sizes=\"(max-width: 300px) 100vw, 300px\" \/><\/a>\n\t\t\t<\/div><\/figure>\n\t\t<\/div>\n\t\t<\/div>\n\t\t\t\t\t\t<\/div>\n\t\t\t\t<\/div>\n\t\t\t\t<div class=\"elementor-element elementor-element-fa02eeb elementor-widget-divider--view-line elementor-widget elementor-widget-divider\" data-id=\"fa02eeb\" data-element_type=\"widget\" data-e-type=\"widget\" data-widget_type=\"divider.default\">\n\t\t\t\t<div class=\"elementor-widget-container\">\n\t\t\t\t\t\t\t<div class=\"elementor-divider\">\n\t\t\t<span class=\"elementor-divider-separator\">\n\t\t\t\t\t\t<\/span>\n\t\t<\/div>\n\t\t\t\t\t\t<\/div>\n\t\t\t\t<\/div>\n\t\t\t\t\t<\/div>\n\t\t<\/div>\n\t\t\t\t\t<\/div>\n\t\t<\/section>\n\t\t\t\t<\/div>","protected":false},"excerpt":{"rendered":"<p>La Reuni\u00f3n de Evaluaci\u00f3n Final tuvo como objetivo realizar una evaluaci\u00f3n final del proyecto, su impacto y su calidad. Durante la Reuni\u00f3n de Evaluaci\u00f3n Final, se acordaron los t\u00e9rminos para la continuidad sostenible del proyecto con la presentaci\u00f3n del Plan de Sostenibilidad.<\/p>","protected":false},"author":1,"featured_media":0,"parent":0,"menu_order":0,"comment_status":"closed","ping_status":"closed","template":"","meta":{"_eb_attr":"","footnotes":""},"class_list":["post-649","page","type-page","status-publish","hentry"],"blocksy_meta":[],"_links":{"self":[{"href":"https:\/\/gaiaerasmus.eu\/es\/wp-json\/wp\/v2\/pages\/649","targetHints":{"allow":["GET"]}}],"collection":[{"href":"https:\/\/gaiaerasmus.eu\/es\/wp-json\/wp\/v2\/pages"}],"about":[{"href":"https:\/\/gaiaerasmus.eu\/es\/wp-json\/wp\/v2\/types\/page"}],"author":[{"embeddable":true,"href":"https:\/\/gaiaerasmus.eu\/es\/wp-json\/wp\/v2\/users\/1"}],"replies":[{"embeddable":true,"href":"https:\/\/gaiaerasmus.eu\/es\/wp-json\/wp\/v2\/comments?post=649"}],"version-history":[{"count":13,"href":"https:\/\/gaiaerasmus.eu\/es\/wp-json\/wp\/v2\/pages\/649\/revisions"}],"predecessor-version":[{"id":728,"href":"https:\/\/gaiaerasmus.eu\/es\/wp-json\/wp\/v2\/pages\/649\/revisions\/728"}],"wp:attachment":[{"href":"https:\/\/gaiaerasmus.eu\/es\/wp-json\/wp\/v2\/media?parent=649"}],"curies":[{"name":"gracias","href":"https:\/\/api.w.org\/{rel}","templated":true}]}}