{"id":626,"date":"2025-05-22T15:03:27","date_gmt":"2025-05-22T15:03:27","guid":{"rendered":"https:\/\/gaiaerasmus.eu\/?page_id=626"},"modified":"2025-06-18T09:23:39","modified_gmt":"2025-06-18T09:23:39","slug":"kick-off-meeting","status":"publish","type":"page","link":"https:\/\/gaiaerasmus.eu\/es\/kick-off-meeting\/","title":{"rendered":"Reuni\u00f3n de lanzamiento"},"content":{"rendered":"<div data-elementor-type=\"wp-page\" data-elementor-id=\"626\" class=\"elementor elementor-626\">\n\t\t\t\t\t\t<section class=\"has_eae_slider elementor-section elementor-top-section elementor-element elementor-element-276374a elementor-section-boxed elementor-section-height-default elementor-section-height-default\" data-eae-slider=\"64086\" data-id=\"276374a\" data-element_type=\"section\" data-e-type=\"section\">\n\t\t\t\t\t\t<div class=\"elementor-container elementor-column-gap-default\">\n\t\t\t\t\t<div class=\"has_eae_slider elementor-column elementor-col-100 elementor-top-column elementor-element elementor-element-9ac0e36\" data-eae-slider=\"38271\" data-id=\"9ac0e36\" data-element_type=\"column\" data-e-type=\"column\">\n\t\t\t<div class=\"elementor-widget-wrap elementor-element-populated\">\n\t\t\t\t\t\t<div class=\"elementor-element elementor-element-e9a4135 elementor-widget elementor-widget-text-editor\" data-id=\"e9a4135\" data-element_type=\"widget\" data-e-type=\"widget\" data-widget_type=\"text-editor.default\">\n\t\t\t\t<div class=\"elementor-widget-container\">\n\t\t\t\t\t\t\t\t\t<p>Durante la KOM, celebrada en Belgrado, los socios establecieron el marco de cooperaci\u00f3n y comenzaron a planificar la investigaci\u00f3n prevista en el WP2. Durante la KOM, los socios firmaron el Acuerdo de Colaboraci\u00f3n; finalizaron el PMV; formaron los \u00f3rganos rectores del proyecto y elaboraron el Borrador de las Directrices de Investigaci\u00f3n.<\/p>\t\t\t\t\t\t\t\t<\/div>\n\t\t\t\t<\/div>\n\t\t\t\t\t<\/div>\n\t\t<\/div>\n\t\t\t\t\t<\/div>\n\t\t<\/section>\n\t\t\t\t<section class=\"has_eae_slider elementor-section elementor-top-section elementor-element elementor-element-6cf0376 elementor-section-boxed elementor-section-height-default elementor-section-height-default\" data-eae-slider=\"43058\" data-id=\"6cf0376\" data-element_type=\"section\" data-e-type=\"section\">\n\t\t\t\t\t\t<div class=\"elementor-container elementor-column-gap-default\">\n\t\t\t\t\t<div class=\"has_eae_slider elementor-column elementor-col-100 elementor-top-column elementor-element elementor-element-dd88d40\" data-eae-slider=\"21659\" data-id=\"dd88d40\" data-element_type=\"column\" data-e-type=\"column\">\n\t\t\t<div class=\"elementor-widget-wrap elementor-element-populated\">\n\t\t\t\t\t\t<div class=\"elementor-element elementor-element-31a6ff2 gallery-spacing-custom elementor-widget elementor-widget-image-gallery\" data-id=\"31a6ff2\" data-element_type=\"widget\" data-e-type=\"widget\" data-widget_type=\"image-gallery.default\">\n\t\t\t\t<div class=\"elementor-widget-container\">\n\t\t\t\t\t\t\t<div class=\"elementor-image-gallery\">\n\t\t\t<div id='gallery-1' class='gallery galleryid-626 gallery-columns-3 gallery-size-medium'><figure class='gallery-item'>\n\t\t\t<div class='gallery-icon landscape'>\n\t\t\t\t<a data-elementor-open-lightbox=\"yes\" data-elementor-lightbox-slideshow=\"31a6ff2\" data-elementor-lightbox-title=\"452529163_332087096538941_3461810282718499321_n\" data-e-action-hash=\"#elementor-action%3Aaction%3Dlightbox%26settings%3DeyJpZCI6NzE2LCJ1cmwiOiJodHRwczpcL1wvZ2FpYWVyYXNtdXMuZXVcL3dwLWNvbnRlbnRcL3VwbG9hZHNcLzIwMjVcLzA2XC80NTI1MjkxNjNfMzMyMDg3MDk2NTM4OTQxXzM0NjE4MTAyODI3MTg0OTkzMjFfbi5qcGciLCJzbGlkZXNob3ciOiIzMWE2ZmYyIn0%3D\" href='https:\/\/gaiaerasmus.eu\/wp-content\/uploads\/2025\/06\/452529163_332087096538941_3461810282718499321_n.jpg'><img fetchpriority=\"high\" decoding=\"async\" width=\"300\" height=\"225\" src=\"https:\/\/gaiaerasmus.eu\/wp-content\/uploads\/2025\/06\/452529163_332087096538941_3461810282718499321_n-300x225.jpg\" class=\"attachment-medium size-medium\" alt=\"\" srcset=\"https:\/\/gaiaerasmus.eu\/wp-content\/uploads\/2025\/06\/452529163_332087096538941_3461810282718499321_n-300x225.jpg 300w, https:\/\/gaiaerasmus.eu\/wp-content\/uploads\/2025\/06\/452529163_332087096538941_3461810282718499321_n-1024x768.jpg 1024w, https:\/\/gaiaerasmus.eu\/wp-content\/uploads\/2025\/06\/452529163_332087096538941_3461810282718499321_n-768x576.jpg 768w, https:\/\/gaiaerasmus.eu\/wp-content\/uploads\/2025\/06\/452529163_332087096538941_3461810282718499321_n-1536x1152.jpg 1536w, https:\/\/gaiaerasmus.eu\/wp-content\/uploads\/2025\/06\/452529163_332087096538941_3461810282718499321_n.jpg 1600w\" sizes=\"(max-width: 300px) 100vw, 300px\" \/><\/a>\n\t\t\t<\/div><\/figure><figure class='gallery-item'>\n\t\t\t<div class='gallery-icon landscape'>\n\t\t\t\t<a data-elementor-open-lightbox=\"yes\" data-elementor-lightbox-slideshow=\"31a6ff2\" data-elementor-lightbox-title=\"448746744_1476801449874648_8384186821868066563_n\" data-e-action-hash=\"#elementor-action%3Aaction%3Dlightbox%26settings%3DeyJpZCI6NzEzLCJ1cmwiOiJodHRwczpcL1wvZ2FpYWVyYXNtdXMuZXVcL3dwLWNvbnRlbnRcL3VwbG9hZHNcLzIwMjVcLzA2XC80NDg3NDY3NDRfMTQ3NjgwMTQ0OTg3NDY0OF84Mzg0MTg2ODIxODY4MDY2NTYzX24uanBnIiwic2xpZGVzaG93IjoiMzFhNmZmMiJ9\" href='https:\/\/gaiaerasmus.eu\/wp-content\/uploads\/2025\/06\/448746744_1476801449874648_8384186821868066563_n.jpg'><img decoding=\"async\" width=\"300\" height=\"225\" src=\"https:\/\/gaiaerasmus.eu\/wp-content\/uploads\/2025\/06\/448746744_1476801449874648_8384186821868066563_n-300x225.jpg\" class=\"attachment-medium size-medium\" alt=\"\" srcset=\"https:\/\/gaiaerasmus.eu\/wp-content\/uploads\/2025\/06\/448746744_1476801449874648_8384186821868066563_n-300x225.jpg 300w, https:\/\/gaiaerasmus.eu\/wp-content\/uploads\/2025\/06\/448746744_1476801449874648_8384186821868066563_n-1024x768.jpg 1024w, https:\/\/gaiaerasmus.eu\/wp-content\/uploads\/2025\/06\/448746744_1476801449874648_8384186821868066563_n-768x576.jpg 768w, https:\/\/gaiaerasmus.eu\/wp-content\/uploads\/2025\/06\/448746744_1476801449874648_8384186821868066563_n-1536x1152.jpg 1536w, https:\/\/gaiaerasmus.eu\/wp-content\/uploads\/2025\/06\/448746744_1476801449874648_8384186821868066563_n.jpg 2048w\" sizes=\"(max-width: 300px) 100vw, 300px\" \/><\/a>\n\t\t\t<\/div><\/figure><figure class='gallery-item'>\n\t\t\t<div class='gallery-icon landscape'>\n\t\t\t\t<a data-elementor-open-lightbox=\"yes\" data-elementor-lightbox-slideshow=\"31a6ff2\" data-elementor-lightbox-title=\"451455906_1509042726388949_3213546031358508305_n\" data-e-action-hash=\"#elementor-action%3Aaction%3Dlightbox%26settings%3DeyJpZCI6NzE0LCJ1cmwiOiJodHRwczpcL1wvZ2FpYWVyYXNtdXMuZXVcL3dwLWNvbnRlbnRcL3VwbG9hZHNcLzIwMjVcLzA2XC80NTE0NTU5MDZfMTUwOTA0MjcyNjM4ODk0OV8zMjEzNTQ2MDMxMzU4NTA4MzA1X24uanBnIiwic2xpZGVzaG93IjoiMzFhNmZmMiJ9\" href='https:\/\/gaiaerasmus.eu\/wp-content\/uploads\/2025\/06\/451455906_1509042726388949_3213546031358508305_n.jpg'><img decoding=\"async\" width=\"300\" height=\"225\" src=\"https:\/\/gaiaerasmus.eu\/wp-content\/uploads\/2025\/06\/451455906_1509042726388949_3213546031358508305_n-300x225.jpg\" class=\"attachment-medium size-medium\" alt=\"\" srcset=\"https:\/\/gaiaerasmus.eu\/wp-content\/uploads\/2025\/06\/451455906_1509042726388949_3213546031358508305_n-300x225.jpg 300w, https:\/\/gaiaerasmus.eu\/wp-content\/uploads\/2025\/06\/451455906_1509042726388949_3213546031358508305_n-1024x768.jpg 1024w, https:\/\/gaiaerasmus.eu\/wp-content\/uploads\/2025\/06\/451455906_1509042726388949_3213546031358508305_n-768x576.jpg 768w, https:\/\/gaiaerasmus.eu\/wp-content\/uploads\/2025\/06\/451455906_1509042726388949_3213546031358508305_n-1536x1152.jpg 1536w, https:\/\/gaiaerasmus.eu\/wp-content\/uploads\/2025\/06\/451455906_1509042726388949_3213546031358508305_n.jpg 2048w\" sizes=\"(max-width: 300px) 100vw, 300px\" \/><\/a>\n\t\t\t<\/div><\/figure>\n\t\t<\/div>\n\t\t<\/div>\n\t\t\t\t\t\t<\/div>\n\t\t\t\t<\/div>\n\t\t\t\t<div class=\"elementor-element elementor-element-efdd054 elementor-widget-divider--view-line elementor-widget elementor-widget-divider\" data-id=\"efdd054\" data-element_type=\"widget\" data-e-type=\"widget\" data-widget_type=\"divider.default\">\n\t\t\t\t<div class=\"elementor-widget-container\">\n\t\t\t\t\t\t\t<div class=\"elementor-divider\">\n\t\t\t<span class=\"elementor-divider-separator\">\n\t\t\t\t\t\t<\/span>\n\t\t<\/div>\n\t\t\t\t\t\t<\/div>\n\t\t\t\t<\/div>\n\t\t\t\t\t<\/div>\n\t\t<\/div>\n\t\t\t\t\t<\/div>\n\t\t<\/section>\n\t\t\t\t<\/div>","protected":false},"excerpt":{"rendered":"<p>Durante la KOM, celebrada en Belgrado, los socios establecieron el marco de cooperaci\u00f3n y comenzaron a planificar la investigaci\u00f3n prevista en el WP2. Durante la KOM, los socios firmaron el Acuerdo de Colaboraci\u00f3n; finalizaron el PMV; formaron los \u00f3rganos rectores del proyecto y elaboraron el Borrador de las Directrices de Investigaci\u00f3n.<\/p>","protected":false},"author":1,"featured_media":0,"parent":0,"menu_order":0,"comment_status":"closed","ping_status":"closed","template":"","meta":{"_eb_attr":"","footnotes":""},"class_list":["post-626","page","type-page","status-publish","hentry"],"blocksy_meta":[],"_links":{"self":[{"href":"https:\/\/gaiaerasmus.eu\/es\/wp-json\/wp\/v2\/pages\/626","targetHints":{"allow":["GET"]}}],"collection":[{"href":"https:\/\/gaiaerasmus.eu\/es\/wp-json\/wp\/v2\/pages"}],"about":[{"href":"https:\/\/gaiaerasmus.eu\/es\/wp-json\/wp\/v2\/types\/page"}],"author":[{"embeddable":true,"href":"https:\/\/gaiaerasmus.eu\/es\/wp-json\/wp\/v2\/users\/1"}],"replies":[{"embeddable":true,"href":"https:\/\/gaiaerasmus.eu\/es\/wp-json\/wp\/v2\/comments?post=626"}],"version-history":[{"count":13,"href":"https:\/\/gaiaerasmus.eu\/es\/wp-json\/wp\/v2\/pages\/626\/revisions"}],"predecessor-version":[{"id":719,"href":"https:\/\/gaiaerasmus.eu\/es\/wp-json\/wp\/v2\/pages\/626\/revisions\/719"}],"wp:attachment":[{"href":"https:\/\/gaiaerasmus.eu\/es\/wp-json\/wp\/v2\/media?parent=626"}],"curies":[{"name":"gracias","href":"https:\/\/api.w.org\/{rel}","templated":true}]}}