{"id":384,"date":"2025-04-08T09:27:40","date_gmt":"2025-04-08T09:27:40","guid":{"rendered":"https:\/\/gaiaerasmus.eu\/?post_type=buddypress&#038;p=384"},"modified":"2025-04-26T16:16:17","modified_gmt":"2025-04-26T16:16:17","slug":"register-2","status":"publish","type":"page","link":"https:\/\/gaiaerasmus.eu\/es\/register-2\/","title":{"rendered":"Reg\u00edstrese en la Red GAIA \u2013 Copia de seguridad"},"content":{"rendered":"<h1 class=\"wp-block-heading\"><strong>\ud83d\udfe2 \u00a1Bienvenido a la Red GAIA!<\/strong><\/h1>\n\n\n\n<p><strong>La Red GAIA conecta organizaciones deportivas de toda Europa para promover la sostenibilidad, la inclusi\u00f3n y el compromiso c\u00edvico a trav\u00e9s del deporte.<\/strong><\/p>\n\n\n\n<p>Creada en el marco del proyecto GAIA Erasmus+, la Red apoya la cooperaci\u00f3n entre la sociedad civil, las instituciones educativas y los organismos p\u00fablicos, utilizando el deporte como una poderosa herramienta para el cambio social.<\/p>\n\n\n\n<p>La Red GAIA tiene como objetivos:<\/p>\n\n\n\n<ul class=\"wp-block-list\">\n<li>Fomentar la educaci\u00f3n ambiental y las pr\u00e1cticas sostenibles en el deporte<\/li>\n\n\n\n<li>Fomentar la inclusi\u00f3n, la diversidad y los valores c\u00edvicos a trav\u00e9s de actividades deportivas.<\/li>\n\n\n\n<li>Fortalecer la cooperaci\u00f3n entre organizaciones comprometidas con el impacto social y ambiental<\/li>\n<\/ul>\n\n\n\n<p>La membres\u00eda est\u00e1 abierta a:<\/p>\n\n\n\n<ul class=\"wp-block-list\">\n<li>Organizaciones deportivas<\/li>\n\n\n\n<li>Otros grupos comprometidos con el uso del deporte para generar cambios sociales y ambientales positivos<\/li>\n<\/ul>\n\n\n\n<p>Al unirse, los miembros se comprometen con los principios delineados en el Cuadro GAIA y contribuyen activamente a las iniciativas de la Red.<\/p>\n\n\n\n<h1 class=\"wp-block-heading\"><strong>\ud83d\udcdc El gr\u00e1fico GAIA<\/strong><\/h1>\n\n\n\n<p>El diagrama de GAIA describe los principios rectores y la visi\u00f3n de nuestra red.<\/p>\n\n\n\n<div class=\"wp-block-essential-blocks-button  root-eb-button-q1n7y\"><div class=\"eb-parent-wrapper eb-parent-eb-button-q1n7y\"><div class=\"eb-button-wrapper eb-button-alignment eb-button-q1n7y\"><div class=\"eb-button\"><div class=\"eb-button-inner-wrapper\"><a class=\"eb-button-anchor\" href=\"#\" rel=\"noopener\">Descargar el gr\u00e1fico GAIA<\/a><\/div><\/div><\/div><\/div><\/div>\n\n\n\n<h1 class=\"wp-block-heading\"><strong>\ud83e\udd1d El Compromiso de GAIA<\/strong><\/h1>\n\n\n\n<p>Al registrarse, usted acepta el siguiente compromiso:<\/p>\n\n\n\n<h3 class=\"wp-block-heading\"><strong>\u270d\ufe0f Compromiso con la Red GAIA<\/strong><\/h3>\n\n\n\n<p><strong>Art\u00edculo 1 \u2013 Objeto<\/strong><\/p>\n\n\n\n<p>Al registrarme, expreso mi compromiso con la visi\u00f3n, misi\u00f3n y principios delineados en la Carta GAIA.<\/p>\n\n\n\n<p><strong>Art\u00edculo 2 \u2013 Principios de membres\u00eda<\/strong><\/p>\n\n\n\n<p>Acepto contribuir activamente a los objetivos de la Red GAIA, que incluyen la promoci\u00f3n de la sostenibilidad, la colaboraci\u00f3n, el intercambio de conocimientos y la responsabilidad social.<\/p>\n\n\n\n<p><strong>Art\u00edculo 3 \u2013 Responsabilidades<\/strong><\/p>\n\n\n\n<p>Como miembro, me comprometo a:<\/p>\n\n\n\n<ul class=\"wp-block-list\">\n<li>Participar en iniciativas y actividades de la Red GAIA<\/li>\n\n\n\n<li>Respetando la diversidad, la equidad y la inclusi\u00f3n<\/li>\n\n\n\n<li>Compartir conocimientos y recursos abiertamente con otros miembros<\/li>\n<\/ul>\n\n\n\n<p><strong>Art\u00edculo 4 \u2013 Adhesi\u00f3n a la Carta GAIA<\/strong><\/p>\n\n\n\n<p>Acepto adherirme a las directrices y valores presentados en la Carta GAIA. El cumplimiento de la Carta GAIA es condici\u00f3n para ser miembro.<\/p>\n\n\n\n<p><strong>Art\u00edculo 5 \u2013 Revocaci\u00f3n de la membres\u00eda<\/strong><\/p>\n\n\n\n<p>Entiendo que el incumplimiento de este Compromiso o de la Tabla GAIA puede resultar en la revocaci\u00f3n de mi membres\u00eda.<\/p>\n\n\n\n<p><strong>Art\u00edculo 6 \u2013 Aceptaci\u00f3n<\/strong><\/p>\n\n\n\n<p>Al enviar mi registro y aceptar este Compromiso, acepto cumplir plenamente con las condiciones de membres\u00eda de la Red GAIA.<\/p>\n\n\n\n<h1 class=\"wp-block-heading\"><strong>\ud83d\udcdd Formulario de inscripci\u00f3n<\/strong><\/h1>\n\n\n\n<p><\/p>","protected":false},"excerpt":{"rendered":"<p>\ud83d\udfe2&nbsp;Welcome to the GAIA Network! The GAIA Network connects sports organizations across Europe to promote sustainability, inclusion, and civic engagement through sport. Created under the GAIA Erasmus+ project, the Network supports cooperation between civil society, educational institutions, and public bodies, using sport as a powerful tool for social change. The GAIA Network aims to: Membership [&hellip;]<\/p>\n","protected":false},"author":1,"featured_media":0,"parent":0,"menu_order":0,"comment_status":"closed","ping_status":"closed","template":"","meta":{"_eb_attr":"","footnotes":""},"class_list":["post-384","page","type-page","status-publish","hentry"],"blocksy_meta":[],"_links":{"self":[{"href":"https:\/\/gaiaerasmus.eu\/es\/wp-json\/wp\/v2\/pages\/384","targetHints":{"allow":["GET"]}}],"collection":[{"href":"https:\/\/gaiaerasmus.eu\/es\/wp-json\/wp\/v2\/pages"}],"about":[{"href":"https:\/\/gaiaerasmus.eu\/es\/wp-json\/wp\/v2\/types\/page"}],"author":[{"embeddable":true,"href":"https:\/\/gaiaerasmus.eu\/es\/wp-json\/wp\/v2\/users\/1"}],"replies":[{"embeddable":true,"href":"https:\/\/gaiaerasmus.eu\/es\/wp-json\/wp\/v2\/comments?post=384"}],"version-history":[{"count":5,"href":"https:\/\/gaiaerasmus.eu\/es\/wp-json\/wp\/v2\/pages\/384\/revisions"}],"predecessor-version":[{"id":455,"href":"https:\/\/gaiaerasmus.eu\/es\/wp-json\/wp\/v2\/pages\/384\/revisions\/455"}],"wp:attachment":[{"href":"https:\/\/gaiaerasmus.eu\/es\/wp-json\/wp\/v2\/media?parent=384"}],"curies":[{"name":"gracias","href":"https:\/\/api.w.org\/{rel}","templated":true}]}}