{"id":918,"date":"2025-07-17T14:13:44","date_gmt":"2025-07-17T14:13:44","guid":{"rendered":"https:\/\/gaiaerasmus.eu\/?page_id=918"},"modified":"2025-07-17T14:14:03","modified_gmt":"2025-07-17T14:14:03","slug":"national-seminars-urban-research-and-education","status":"publish","type":"page","link":"https:\/\/gaiaerasmus.eu\/de\/national-seminars-urban-research-and-education\/","title":{"rendered":"Nationale Seminare \u2013 Stadtforschung und Bildung"},"content":{"rendered":"<div data-elementor-type=\"wp-page\" data-elementor-id=\"918\" class=\"elementor elementor-918\">\n\t\t\t\t\t\t<section class=\"has_eae_slider elementor-section elementor-top-section elementor-element elementor-element-91dfa27 elementor-section-boxed elementor-section-height-default elementor-section-height-default\" data-eae-slider=\"15945\" data-id=\"91dfa27\" data-element_type=\"section\" data-e-type=\"section\">\n\t\t\t\t\t\t<div class=\"elementor-container elementor-column-gap-default\">\n\t\t\t\t\t<div class=\"has_eae_slider elementor-column elementor-col-100 elementor-top-column elementor-element elementor-element-85ccbe2\" data-eae-slider=\"79603\" data-id=\"85ccbe2\" data-element_type=\"column\" data-e-type=\"column\">\n\t\t\t<div class=\"elementor-widget-wrap elementor-element-populated\">\n\t\t\t\t\t\t<div class=\"elementor-element elementor-element-0898f09 elementor-widget elementor-widget-text-editor\" data-id=\"0898f09\" data-element_type=\"widget\" data-e-type=\"widget\" data-widget_type=\"text-editor.default\">\n\t\t\t\t<div class=\"elementor-widget-container\">\n\t\t\t\t\t\t\t\t\t<p><strong>Berlin, Deutschland<\/strong><\/p><p>Urban Research and Education veranstaltete in Berlin eine Reihe nationaler Seminare, die sich jeweils auf die zentralen Nachhaltigkeitsaspekte Umwelt, Soziales und Wirtschaft im Bereich der Sport-Governance konzentrierten. Ein abschlie\u00dfender Workshop b\u00fcndelte die Beitr\u00e4ge der Teilnehmer im deutschen Entwurf f\u00fcr die SSG-Chart. Die lokale PPT-Moderation sorgte f\u00fcr einen strukturierten Dialog, w\u00e4hrend Stakeholder und Fachleute Erkenntnisse austauschten, um Theorie und Praxis in der nachhaltigen Sportentwicklung zu verbinden.<\/p><p><strong>Durchgef\u00fchrte Seminare:<\/strong><\/p><ol><li>\u00d6kologische Nachhaltigkeit und gute Regierungsf\u00fchrung<\/li><li>Soziale Nachhaltigkeit und gute Regierungsf\u00fchrung<\/li><li>Wirtschaftliche Nachhaltigkeit und gute Regierungsf\u00fchrung<\/li><li>Abschlussseminar zur Ideensammlung f\u00fcr den nationalen Beitrag zum SSG Chart<\/li><\/ol>\t\t\t\t\t\t\t\t<\/div>\n\t\t\t\t<\/div>\n\t\t\t\t\t<\/div>\n\t\t<\/div>\n\t\t\t\t\t<\/div>\n\t\t<\/section>\n\t\t\t\t<section class=\"has_eae_slider elementor-section elementor-top-section elementor-element elementor-element-409fd3d elementor-section-boxed elementor-section-height-default elementor-section-height-default\" data-eae-slider=\"83215\" data-id=\"409fd3d\" data-element_type=\"section\" data-e-type=\"section\">\n\t\t\t\t\t\t<div class=\"elementor-container elementor-column-gap-default\">\n\t\t\t\t\t<div class=\"has_eae_slider elementor-column elementor-col-100 elementor-top-column elementor-element elementor-element-7636665\" data-eae-slider=\"30312\" data-id=\"7636665\" data-element_type=\"column\" data-e-type=\"column\">\n\t\t\t<div class=\"elementor-widget-wrap elementor-element-populated\">\n\t\t\t\t\t\t\t<\/div>\n\t\t<\/div>\n\t\t\t\t\t<\/div>\n\t\t<\/section>\n\t\t\t\t<section class=\"has_eae_slider elementor-section elementor-top-section elementor-element elementor-element-55eb690 elementor-section-boxed elementor-section-height-default elementor-section-height-default\" data-eae-slider=\"87283\" data-id=\"55eb690\" data-element_type=\"section\" data-e-type=\"section\">\n\t\t\t\t\t\t<div class=\"elementor-container elementor-column-gap-default\">\n\t\t\t\t\t<div class=\"has_eae_slider elementor-column elementor-col-100 elementor-top-column elementor-element elementor-element-dedf565\" data-eae-slider=\"94491\" data-id=\"dedf565\" data-element_type=\"column\" data-e-type=\"column\">\n\t\t\t<div class=\"elementor-widget-wrap elementor-element-populated\">\n\t\t\t\t\t\t<div class=\"elementor-element elementor-element-8d82ff4 elementor-widget-divider--view-line elementor-widget elementor-widget-divider\" data-id=\"8d82ff4\" data-element_type=\"widget\" data-e-type=\"widget\" data-widget_type=\"divider.default\">\n\t\t\t\t<div class=\"elementor-widget-container\">\n\t\t\t\t\t\t\t<div class=\"elementor-divider\">\n\t\t\t<span class=\"elementor-divider-separator\">\n\t\t\t\t\t\t<\/span>\n\t\t<\/div>\n\t\t\t\t\t\t<\/div>\n\t\t\t\t<\/div>\n\t\t\t\t\t<\/div>\n\t\t<\/div>\n\t\t\t\t\t<\/div>\n\t\t<\/section>\n\t\t\t\t<\/div>","protected":false},"excerpt":{"rendered":"<p>Berlin, Germany Urban Research and Education delivered a cycle of national seminars in Berlin, each focusing on a core sustainability pillar environmental, social, and economic within sport governance. A final workshop was held to compile participants&#8217; contributions into Germany\u2019s draft for the SSG Chart. Local PPT facilitation ensured structured dialogue, while stakeholders and professionals shared [&hellip;]<\/p>\n","protected":false},"author":1,"featured_media":0,"parent":0,"menu_order":0,"comment_status":"closed","ping_status":"closed","template":"","meta":{"_eb_attr":"","footnotes":""},"class_list":["post-918","page","type-page","status-publish","hentry"],"blocksy_meta":[],"_links":{"self":[{"href":"https:\/\/gaiaerasmus.eu\/de\/wp-json\/wp\/v2\/pages\/918","targetHints":{"allow":["GET"]}}],"collection":[{"href":"https:\/\/gaiaerasmus.eu\/de\/wp-json\/wp\/v2\/pages"}],"about":[{"href":"https:\/\/gaiaerasmus.eu\/de\/wp-json\/wp\/v2\/types\/page"}],"author":[{"embeddable":true,"href":"https:\/\/gaiaerasmus.eu\/de\/wp-json\/wp\/v2\/users\/1"}],"replies":[{"embeddable":true,"href":"https:\/\/gaiaerasmus.eu\/de\/wp-json\/wp\/v2\/comments?post=918"}],"version-history":[{"count":4,"href":"https:\/\/gaiaerasmus.eu\/de\/wp-json\/wp\/v2\/pages\/918\/revisions"}],"predecessor-version":[{"id":922,"href":"https:\/\/gaiaerasmus.eu\/de\/wp-json\/wp\/v2\/pages\/918\/revisions\/922"}],"wp:attachment":[{"href":"https:\/\/gaiaerasmus.eu\/de\/wp-json\/wp\/v2\/media?parent=918"}],"curies":[{"name":"wp","href":"https:\/\/api.w.org\/{rel}","templated":true}]}}