{"id":913,"date":"2025-07-17T14:10:47","date_gmt":"2025-07-17T14:10:47","guid":{"rendered":"https:\/\/gaiaerasmus.eu\/?page_id=913"},"modified":"2025-07-17T14:11:02","modified_gmt":"2025-07-17T14:11:02","slug":"national-seminars-asociacion-biodiversa","status":"publish","type":"page","link":"https:\/\/gaiaerasmus.eu\/de\/national-seminars-asociacion-biodiversa\/","title":{"rendered":"Nationale Seminare \u2013 Asociaci\u00f3n Biodiversa"},"content":{"rendered":"<div data-elementor-type=\"wp-page\" data-elementor-id=\"913\" class=\"elementor elementor-913\">\n\t\t\t\t\t\t<section class=\"has_eae_slider elementor-section elementor-top-section elementor-element elementor-element-91dfa27 elementor-section-boxed elementor-section-height-default elementor-section-height-default\" data-eae-slider=\"9063\" data-id=\"91dfa27\" data-element_type=\"section\" data-e-type=\"section\">\n\t\t\t\t\t\t<div class=\"elementor-container elementor-column-gap-default\">\n\t\t\t\t\t<div class=\"has_eae_slider elementor-column elementor-col-100 elementor-top-column elementor-element elementor-element-85ccbe2\" data-eae-slider=\"52667\" data-id=\"85ccbe2\" data-element_type=\"column\" data-e-type=\"column\">\n\t\t\t<div class=\"elementor-widget-wrap elementor-element-populated\">\n\t\t\t\t\t\t<div class=\"elementor-element elementor-element-0898f09 elementor-widget elementor-widget-text-editor\" data-id=\"0898f09\" data-element_type=\"widget\" data-e-type=\"widget\" data-widget_type=\"text-editor.default\">\n\t\t\t\t<div class=\"elementor-widget-container\">\n\t\t\t\t\t\t\t\t\t<p><strong>Gij\u00f3n, Spanien <\/strong><\/p><p>Die Asociaci\u00f3n Biodiversa veranstaltete vier nationale Seminare in Gij\u00f3n und bot Schulungsteilnehmern, Interessenvertretern und Fachexperten Raum f\u00fcr thematische Diskussionen. Die Veranstaltungen befassten sich mit \u00f6kologischer, sozialer und wirtschaftlicher Nachhaltigkeit in der Sportverwaltung. Das Abschlussseminar konzentrierte sich auf das Sammeln von Ideen und die Ermittlung nationaler Priorit\u00e4ten f\u00fcr Spaniens Beitrag zur SSG-Charta. Die PPT-Anleitung f\u00f6rderte die kritische Reflexion lokaler Herausforderungen und L\u00f6sungen.<\/p><p><strong>Durchgef\u00fchrte Seminare:<\/strong><\/p><ol><li>\u00d6kologische Nachhaltigkeit und gute Regierungsf\u00fchrung<\/li><li>Soziale Nachhaltigkeit und gute Regierungsf\u00fchrung<\/li><li>Wirtschaftliche Nachhaltigkeit und gute Regierungsf\u00fchrung<\/li><li>Abschlussseminar zur Ideensammlung f\u00fcr den nationalen Beitrag zum SSG Chart<\/li><\/ol>\t\t\t\t\t\t\t\t<\/div>\n\t\t\t\t<\/div>\n\t\t\t\t\t<\/div>\n\t\t<\/div>\n\t\t\t\t\t<\/div>\n\t\t<\/section>\n\t\t\t\t<section class=\"has_eae_slider elementor-section elementor-top-section elementor-element elementor-element-9c85631 elementor-section-boxed elementor-section-height-default elementor-section-height-default\" data-eae-slider=\"19338\" data-id=\"9c85631\" data-element_type=\"section\" data-e-type=\"section\">\n\t\t\t\t\t\t<div class=\"elementor-container elementor-column-gap-default\">\n\t\t\t\t\t<div class=\"has_eae_slider elementor-column elementor-col-100 elementor-top-column elementor-element elementor-element-b646888\" data-eae-slider=\"98764\" data-id=\"b646888\" data-element_type=\"column\" data-e-type=\"column\">\n\t\t\t<div class=\"elementor-widget-wrap elementor-element-populated\">\n\t\t\t\t\t\t<div class=\"elementor-element elementor-element-7952a4b gallery-spacing-custom elementor-widget elementor-widget-image-gallery\" data-id=\"7952a4b\" data-element_type=\"widget\" data-e-type=\"widget\" data-widget_type=\"image-gallery.default\">\n\t\t\t\t<div class=\"elementor-widget-container\">\n\t\t\t\t\t\t\t<div class=\"elementor-image-gallery\">\n\t\t\t<div id='gallery-1' class='gallery galleryid-913 gallery-columns-3 gallery-size-medium'><figure class='gallery-item'>\n\t\t\t<div class='gallery-icon landscape'>\n\t\t\t\t<a data-elementor-open-lightbox=\"yes\" data-elementor-lightbox-slideshow=\"7952a4b\" data-elementor-lightbox-title=\"S4 (2)\" data-e-action-hash=\"#elementor-action%3Aaction%3Dlightbox%26settings%3DeyJpZCI6NzQwLCJ1cmwiOiJodHRwczpcL1wvZ2FpYWVyYXNtdXMuZXVcL3dwLWNvbnRlbnRcL3VwbG9hZHNcLzIwMjVcLzA2XC9TNC0yLmpwZyIsInNsaWRlc2hvdyI6Ijc5NTJhNGIifQ%3D%3D\" href='https:\/\/gaiaerasmus.eu\/wp-content\/uploads\/2025\/06\/S4-2.jpg'><img fetchpriority=\"high\" decoding=\"async\" width=\"300\" height=\"225\" src=\"https:\/\/gaiaerasmus.eu\/wp-content\/uploads\/2025\/06\/S4-2-300x225.jpg\" class=\"attachment-medium size-medium\" alt=\"\" srcset=\"https:\/\/gaiaerasmus.eu\/wp-content\/uploads\/2025\/06\/S4-2-300x225.jpg 300w, https:\/\/gaiaerasmus.eu\/wp-content\/uploads\/2025\/06\/S4-2-1024x768.jpg 1024w, https:\/\/gaiaerasmus.eu\/wp-content\/uploads\/2025\/06\/S4-2-768x576.jpg 768w, https:\/\/gaiaerasmus.eu\/wp-content\/uploads\/2025\/06\/S4-2.jpg 1280w\" sizes=\"(max-width: 300px) 100vw, 300px\" \/><\/a>\n\t\t\t<\/div><\/figure><figure class='gallery-item'>\n\t\t\t<div class='gallery-icon landscape'>\n\t\t\t\t<a data-elementor-open-lightbox=\"yes\" data-elementor-lightbox-slideshow=\"7952a4b\" data-elementor-lightbox-title=\"Participants and leaflets (2)\" data-e-action-hash=\"#elementor-action%3Aaction%3Dlightbox%26settings%3DeyJpZCI6NzQxLCJ1cmwiOiJodHRwczpcL1wvZ2FpYWVyYXNtdXMuZXVcL3dwLWNvbnRlbnRcL3VwbG9hZHNcLzIwMjVcLzA2XC9QYXJ0aWNpcGFudHMtYW5kLWxlYWZsZXRzLTIuanBnIiwic2xpZGVzaG93IjoiNzk1MmE0YiJ9\" href='https:\/\/gaiaerasmus.eu\/wp-content\/uploads\/2025\/06\/Participants-and-leaflets-2.jpg'><img decoding=\"async\" width=\"300\" height=\"225\" src=\"https:\/\/gaiaerasmus.eu\/wp-content\/uploads\/2025\/06\/Participants-and-leaflets-2-300x225.jpg\" class=\"attachment-medium size-medium\" alt=\"\" srcset=\"https:\/\/gaiaerasmus.eu\/wp-content\/uploads\/2025\/06\/Participants-and-leaflets-2-300x225.jpg 300w, https:\/\/gaiaerasmus.eu\/wp-content\/uploads\/2025\/06\/Participants-and-leaflets-2-1024x768.jpg 1024w, https:\/\/gaiaerasmus.eu\/wp-content\/uploads\/2025\/06\/Participants-and-leaflets-2-768x576.jpg 768w, https:\/\/gaiaerasmus.eu\/wp-content\/uploads\/2025\/06\/Participants-and-leaflets-2.jpg 1280w\" sizes=\"(max-width: 300px) 100vw, 300px\" \/><\/a>\n\t\t\t<\/div><\/figure><figure class='gallery-item'>\n\t\t\t<div class='gallery-icon landscape'>\n\t\t\t\t<a data-elementor-open-lightbox=\"yes\" data-elementor-lightbox-slideshow=\"7952a4b\" data-elementor-lightbox-title=\"photo_2025-02-14_15-36-06\" data-e-action-hash=\"#elementor-action%3Aaction%3Dlightbox%26settings%3DeyJpZCI6NzQ0LCJ1cmwiOiJodHRwczpcL1wvZ2FpYWVyYXNtdXMuZXVcL3dwLWNvbnRlbnRcL3VwbG9hZHNcLzIwMjVcLzA2XC9waG90b18yMDI1LTAyLTE0XzE1LTM2LTA2LmpwZyIsInNsaWRlc2hvdyI6Ijc5NTJhNGIifQ%3D%3D\" href='https:\/\/gaiaerasmus.eu\/wp-content\/uploads\/2025\/06\/photo_2025-02-14_15-36-06.jpg'><img decoding=\"async\" width=\"300\" height=\"225\" src=\"https:\/\/gaiaerasmus.eu\/wp-content\/uploads\/2025\/06\/photo_2025-02-14_15-36-06-300x225.jpg\" class=\"attachment-medium size-medium\" alt=\"\" srcset=\"https:\/\/gaiaerasmus.eu\/wp-content\/uploads\/2025\/06\/photo_2025-02-14_15-36-06-300x225.jpg 300w, https:\/\/gaiaerasmus.eu\/wp-content\/uploads\/2025\/06\/photo_2025-02-14_15-36-06-1024x768.jpg 1024w, https:\/\/gaiaerasmus.eu\/wp-content\/uploads\/2025\/06\/photo_2025-02-14_15-36-06-768x576.jpg 768w, https:\/\/gaiaerasmus.eu\/wp-content\/uploads\/2025\/06\/photo_2025-02-14_15-36-06.jpg 1280w\" sizes=\"(max-width: 300px) 100vw, 300px\" \/><\/a>\n\t\t\t<\/div><\/figure><figure class='gallery-item'>\n\t\t\t<div class='gallery-icon portrait'>\n\t\t\t\t<a data-elementor-open-lightbox=\"yes\" data-elementor-lightbox-slideshow=\"7952a4b\" data-elementor-lightbox-title=\"photo_2025-02-25_15-10-50\" data-e-action-hash=\"#elementor-action%3Aaction%3Dlightbox%26settings%3DeyJpZCI6NzQyLCJ1cmwiOiJodHRwczpcL1wvZ2FpYWVyYXNtdXMuZXVcL3dwLWNvbnRlbnRcL3VwbG9hZHNcLzIwMjVcLzA2XC9waG90b18yMDI1LTAyLTI1XzE1LTEwLTUwLmpwZyIsInNsaWRlc2hvdyI6Ijc5NTJhNGIifQ%3D%3D\" href='https:\/\/gaiaerasmus.eu\/wp-content\/uploads\/2025\/06\/photo_2025-02-25_15-10-50.jpg'><img loading=\"lazy\" decoding=\"async\" width=\"225\" height=\"300\" src=\"https:\/\/gaiaerasmus.eu\/wp-content\/uploads\/2025\/06\/photo_2025-02-25_15-10-50-225x300.jpg\" class=\"attachment-medium size-medium\" alt=\"\" srcset=\"https:\/\/gaiaerasmus.eu\/wp-content\/uploads\/2025\/06\/photo_2025-02-25_15-10-50-225x300.jpg 225w, https:\/\/gaiaerasmus.eu\/wp-content\/uploads\/2025\/06\/photo_2025-02-25_15-10-50-768x1024.jpg 768w, https:\/\/gaiaerasmus.eu\/wp-content\/uploads\/2025\/06\/photo_2025-02-25_15-10-50.jpg 960w\" sizes=\"(max-width: 225px) 100vw, 225px\" \/><\/a>\n\t\t\t<\/div><\/figure><figure class='gallery-item'>\n\t\t\t<div class='gallery-icon landscape'>\n\t\t\t\t<a data-elementor-open-lightbox=\"yes\" data-elementor-lightbox-slideshow=\"7952a4b\" data-elementor-lightbox-title=\"photo_2025-02-14_15-35-57\" data-e-action-hash=\"#elementor-action%3Aaction%3Dlightbox%26settings%3DeyJpZCI6NzQzLCJ1cmwiOiJodHRwczpcL1wvZ2FpYWVyYXNtdXMuZXVcL3dwLWNvbnRlbnRcL3VwbG9hZHNcLzIwMjVcLzA2XC9waG90b18yMDI1LTAyLTE0XzE1LTM1LTU3LmpwZyIsInNsaWRlc2hvdyI6Ijc5NTJhNGIifQ%3D%3D\" href='https:\/\/gaiaerasmus.eu\/wp-content\/uploads\/2025\/06\/photo_2025-02-14_15-35-57.jpg'><img loading=\"lazy\" decoding=\"async\" width=\"300\" height=\"217\" src=\"https:\/\/gaiaerasmus.eu\/wp-content\/uploads\/2025\/06\/photo_2025-02-14_15-35-57-300x217.jpg\" class=\"attachment-medium size-medium\" alt=\"\" srcset=\"https:\/\/gaiaerasmus.eu\/wp-content\/uploads\/2025\/06\/photo_2025-02-14_15-35-57-300x217.jpg 300w, https:\/\/gaiaerasmus.eu\/wp-content\/uploads\/2025\/06\/photo_2025-02-14_15-35-57-1024x742.jpg 1024w, https:\/\/gaiaerasmus.eu\/wp-content\/uploads\/2025\/06\/photo_2025-02-14_15-35-57-768x557.jpg 768w, https:\/\/gaiaerasmus.eu\/wp-content\/uploads\/2025\/06\/photo_2025-02-14_15-35-57.jpg 1192w\" sizes=\"(max-width: 300px) 100vw, 300px\" \/><\/a>\n\t\t\t<\/div><\/figure><figure class='gallery-item'>\n\t\t\t<div class='gallery-icon landscape'>\n\t\t\t\t<a data-elementor-open-lightbox=\"yes\" data-elementor-lightbox-slideshow=\"7952a4b\" data-elementor-lightbox-title=\"Con el futuro director del CNSO\" data-e-action-hash=\"#elementor-action%3Aaction%3Dlightbox%26settings%3DeyJpZCI6NzQ2LCJ1cmwiOiJodHRwczpcL1wvZ2FpYWVyYXNtdXMuZXVcL3dwLWNvbnRlbnRcL3VwbG9hZHNcLzIwMjVcLzA2XC9Db24tZWwtZnV0dXJvLWRpcmVjdG9yLWRlbC1DTlNPLXNjYWxlZC5qcGciLCJzbGlkZXNob3ciOiI3OTUyYTRiIn0%3D\" href='https:\/\/gaiaerasmus.eu\/wp-content\/uploads\/2025\/06\/Con-el-futuro-director-del-CNSO-scaled.jpg'><img loading=\"lazy\" decoding=\"async\" width=\"300\" height=\"169\" src=\"https:\/\/gaiaerasmus.eu\/wp-content\/uploads\/2025\/06\/Con-el-futuro-director-del-CNSO-300x169.jpg\" class=\"attachment-medium size-medium\" alt=\"\" srcset=\"https:\/\/gaiaerasmus.eu\/wp-content\/uploads\/2025\/06\/Con-el-futuro-director-del-CNSO-300x169.jpg 300w, https:\/\/gaiaerasmus.eu\/wp-content\/uploads\/2025\/06\/Con-el-futuro-director-del-CNSO-1024x576.jpg 1024w, https:\/\/gaiaerasmus.eu\/wp-content\/uploads\/2025\/06\/Con-el-futuro-director-del-CNSO-768x432.jpg 768w, https:\/\/gaiaerasmus.eu\/wp-content\/uploads\/2025\/06\/Con-el-futuro-director-del-CNSO-1536x864.jpg 1536w, https:\/\/gaiaerasmus.eu\/wp-content\/uploads\/2025\/06\/Con-el-futuro-director-del-CNSO-2048x1152.jpg 2048w\" sizes=\"(max-width: 300px) 100vw, 300px\" \/><\/a>\n\t\t\t<\/div><\/figure>\n\t\t<\/div>\n\t\t<\/div>\n\t\t\t\t\t\t<\/div>\n\t\t\t\t<\/div>\n\t\t\t\t\t<\/div>\n\t\t<\/div>\n\t\t\t\t\t<\/div>\n\t\t<\/section>\n\t\t\t\t<section class=\"has_eae_slider elementor-section elementor-top-section elementor-element elementor-element-b02395b elementor-section-boxed elementor-section-height-default elementor-section-height-default\" data-eae-slider=\"38581\" data-id=\"b02395b\" data-element_type=\"section\" data-e-type=\"section\">\n\t\t\t\t\t\t<div class=\"elementor-container elementor-column-gap-default\">\n\t\t\t\t\t<div class=\"has_eae_slider elementor-column elementor-col-100 elementor-top-column elementor-element elementor-element-38e9fd0\" data-eae-slider=\"53270\" data-id=\"38e9fd0\" data-element_type=\"column\" data-e-type=\"column\">\n\t\t\t<div class=\"elementor-widget-wrap elementor-element-populated\">\n\t\t\t\t\t\t<div class=\"elementor-element elementor-element-982e88b elementor-widget-divider--view-line elementor-widget elementor-widget-divider\" data-id=\"982e88b\" data-element_type=\"widget\" data-e-type=\"widget\" data-widget_type=\"divider.default\">\n\t\t\t\t<div class=\"elementor-widget-container\">\n\t\t\t\t\t\t\t<div class=\"elementor-divider\">\n\t\t\t<span class=\"elementor-divider-separator\">\n\t\t\t\t\t\t<\/span>\n\t\t<\/div>\n\t\t\t\t\t\t<\/div>\n\t\t\t\t<\/div>\n\t\t\t\t\t<\/div>\n\t\t<\/div>\n\t\t\t\t\t<\/div>\n\t\t<\/section>\n\t\t\t\t<\/div>","protected":false},"excerpt":{"rendered":"<p>Gij\u00f3n, Spain Asociaci\u00f3n Biodiversa led four national seminars in Gij\u00f3n, offering a space for training participants, stakeholders, and topic experts to engage in thematic discussions. The events addressed environmental, social, and economic sustainability in sport governance. The final seminar focused on collecting ideas and identifying national priorities for Spain\u2019s contribution to the SSG Chart, with [&hellip;]<\/p>\n","protected":false},"author":1,"featured_media":0,"parent":0,"menu_order":0,"comment_status":"closed","ping_status":"closed","template":"","meta":{"_eb_attr":"","footnotes":""},"class_list":["post-913","page","type-page","status-publish","hentry"],"blocksy_meta":[],"_links":{"self":[{"href":"https:\/\/gaiaerasmus.eu\/de\/wp-json\/wp\/v2\/pages\/913","targetHints":{"allow":["GET"]}}],"collection":[{"href":"https:\/\/gaiaerasmus.eu\/de\/wp-json\/wp\/v2\/pages"}],"about":[{"href":"https:\/\/gaiaerasmus.eu\/de\/wp-json\/wp\/v2\/types\/page"}],"author":[{"embeddable":true,"href":"https:\/\/gaiaerasmus.eu\/de\/wp-json\/wp\/v2\/users\/1"}],"replies":[{"embeddable":true,"href":"https:\/\/gaiaerasmus.eu\/de\/wp-json\/wp\/v2\/comments?post=913"}],"version-history":[{"count":4,"href":"https:\/\/gaiaerasmus.eu\/de\/wp-json\/wp\/v2\/pages\/913\/revisions"}],"predecessor-version":[{"id":917,"href":"https:\/\/gaiaerasmus.eu\/de\/wp-json\/wp\/v2\/pages\/913\/revisions\/917"}],"wp:attachment":[{"href":"https:\/\/gaiaerasmus.eu\/de\/wp-json\/wp\/v2\/media?parent=913"}],"curies":[{"name":"wp","href":"https:\/\/api.w.org\/{rel}","templated":true}]}}