{"id":861,"date":"2025-07-17T12:42:58","date_gmt":"2025-07-17T12:42:58","guid":{"rendered":"https:\/\/gaiaerasmus.eu\/?page_id=861"},"modified":"2025-07-17T12:45:15","modified_gmt":"2025-07-17T12:45:15","slug":"local-training-courses-copy-2","status":"publish","type":"page","link":"https:\/\/gaiaerasmus.eu\/de\/local-training-courses-copy-2\/","title":{"rendered":"Lokale Schulungskurse \u2013 Asociaci\u00f3n Biodiversa"},"content":{"rendered":"<div data-elementor-type=\"wp-page\" data-elementor-id=\"861\" class=\"elementor elementor-861\">\n\t\t\t\t\t\t<section class=\"has_eae_slider elementor-section elementor-top-section elementor-element elementor-element-584e15c elementor-section-boxed elementor-section-height-default elementor-section-height-default\" data-eae-slider=\"78466\" data-id=\"584e15c\" data-element_type=\"section\" data-e-type=\"section\">\n\t\t\t\t\t\t<div class=\"elementor-container elementor-column-gap-default\">\n\t\t\t\t\t<div class=\"has_eae_slider elementor-column elementor-col-100 elementor-top-column elementor-element elementor-element-21cdaf8\" data-eae-slider=\"29386\" data-id=\"21cdaf8\" data-element_type=\"column\" data-e-type=\"column\">\n\t\t\t<div class=\"elementor-widget-wrap elementor-element-populated\">\n\t\t\t\t\t\t<div class=\"elementor-element elementor-element-2c98412 elementor-widget elementor-widget-image\" data-id=\"2c98412\" data-element_type=\"widget\" data-e-type=\"widget\" data-widget_type=\"image.default\">\n\t\t\t\t<div class=\"elementor-widget-container\">\n\t\t\t\t\t\t\t\t\t\t\t\t\t\t\t<img decoding=\"async\" width=\"174\" height=\"164\" src=\"https:\/\/gaiaerasmus.eu\/wp-content\/uploads\/2025\/07\/222.jpg\" class=\"attachment-large size-large wp-image-862\" alt=\"\" \/>\t\t\t\t\t\t\t\t\t\t\t\t\t\t\t<\/div>\n\t\t\t\t<\/div>\n\t\t\t\t<div class=\"elementor-element elementor-element-422ec02 elementor-widget elementor-widget-text-editor\" data-id=\"422ec02\" data-element_type=\"widget\" data-e-type=\"widget\" data-widget_type=\"text-editor.default\">\n\t\t\t\t<div class=\"elementor-widget-container\">\n\t\t\t\t\t\t\t\t\t<p><strong>Verantwortliche Stelle:<\/strong> Vereinigung Biodiversa<br \/><strong>Standort:<\/strong> Gij\u00f3n, Spanien<br \/><strong>Dauer:<\/strong> 6 volle Tage<br \/><strong>Teilnehmer:<\/strong> 4 Mitglieder von Sportorganisationen<\/p><p>In Gij\u00f3n wurde ein lokales Training durchgef\u00fchrt, um die F\u00e4higkeiten der Mitglieder von Sportorganisationen zur Umsetzung von Nachhaltigkeits- und Good-Governance-Praktiken zu st\u00e4rken. Das sechst\u00e4gige Programm umfasste praktische \u00dcbungen und t\u00e4gliche Auswertungen, die den Teilnehmern die M\u00f6glichkeit gaben, das Gelernte zu reflektieren und in ihren Organisationen anzuwenden. Dieses Training bot wertvollen Raum f\u00fcr den Kompetenzaufbau und intensive Diskussionen zum Thema verantwortungsvolles Sportmanagement auf Gemeindeebene.<\/p>\t\t\t\t\t\t\t\t<\/div>\n\t\t\t\t<\/div>\n\t\t\t\t\t<\/div>\n\t\t<\/div>\n\t\t\t\t\t<\/div>\n\t\t<\/section>\n\t\t\t\t<section class=\"has_eae_slider elementor-section elementor-top-section elementor-element elementor-element-574a3df6 elementor-section-boxed elementor-section-height-default elementor-section-height-default\" data-eae-slider=\"48150\" data-id=\"574a3df6\" data-element_type=\"section\" data-e-type=\"section\">\n\t\t\t\t\t\t<div class=\"elementor-container elementor-column-gap-default\">\n\t\t\t\t\t<div class=\"has_eae_slider elementor-column elementor-col-100 elementor-top-column elementor-element elementor-element-f88254a\" data-eae-slider=\"16718\" data-id=\"f88254a\" data-element_type=\"column\" data-e-type=\"column\">\n\t\t\t<div class=\"elementor-widget-wrap elementor-element-populated\">\n\t\t\t\t\t\t<div class=\"elementor-element elementor-element-4d57d658 gallery-spacing-custom elementor-widget elementor-widget-image-gallery\" data-id=\"4d57d658\" data-element_type=\"widget\" data-e-type=\"widget\" data-widget_type=\"image-gallery.default\">\n\t\t\t\t<div class=\"elementor-widget-container\">\n\t\t\t\t\t\t\t<div class=\"elementor-image-gallery\">\n\t\t\t<div id='gallery-1' class='gallery galleryid-861 gallery-columns-3 gallery-size-medium'><figure class='gallery-item'>\n\t\t\t<div class='gallery-icon portrait'>\n\t\t\t\t<a data-elementor-open-lightbox=\"yes\" data-elementor-lightbox-slideshow=\"4d57d658\" data-elementor-lightbox-title=\"GAIA local training Biodiversa (16)\" data-e-action-hash=\"#elementor-action%3Aaction%3Dlightbox%26settings%3DeyJpZCI6NzcxLCJ1cmwiOiJodHRwczpcL1wvZ2FpYWVyYXNtdXMuZXVcL3dwLWNvbnRlbnRcL3VwbG9hZHNcLzIwMjVcLzA2XC9HQUlBLWxvY2FsLXRyYWluaW5nLUJpb2RpdmVyc2EtMTYtc2NhbGVkLmpwZyIsInNsaWRlc2hvdyI6IjRkNTdkNjU4In0%3D\" href='https:\/\/gaiaerasmus.eu\/wp-content\/uploads\/2025\/06\/GAIA-local-training-Biodiversa-16-scaled.jpg'><img fetchpriority=\"high\" decoding=\"async\" width=\"225\" height=\"300\" src=\"https:\/\/gaiaerasmus.eu\/wp-content\/uploads\/2025\/06\/GAIA-local-training-Biodiversa-16-225x300.jpg\" class=\"attachment-medium size-medium\" alt=\"\" srcset=\"https:\/\/gaiaerasmus.eu\/wp-content\/uploads\/2025\/06\/GAIA-local-training-Biodiversa-16-225x300.jpg 225w, https:\/\/gaiaerasmus.eu\/wp-content\/uploads\/2025\/06\/GAIA-local-training-Biodiversa-16-768x1024.jpg 768w, https:\/\/gaiaerasmus.eu\/wp-content\/uploads\/2025\/06\/GAIA-local-training-Biodiversa-16-1152x1536.jpg 1152w, https:\/\/gaiaerasmus.eu\/wp-content\/uploads\/2025\/06\/GAIA-local-training-Biodiversa-16-1536x2048.jpg 1536w, https:\/\/gaiaerasmus.eu\/wp-content\/uploads\/2025\/06\/GAIA-local-training-Biodiversa-16-scaled.jpg 1920w\" sizes=\"(max-width: 225px) 100vw, 225px\" \/><\/a>\n\t\t\t<\/div><\/figure><figure class='gallery-item'>\n\t\t\t<div class='gallery-icon landscape'>\n\t\t\t\t<a data-elementor-open-lightbox=\"yes\" data-elementor-lightbox-slideshow=\"4d57d658\" data-elementor-lightbox-title=\"GAIA local training Biodiversa (1)\" data-e-action-hash=\"#elementor-action%3Aaction%3Dlightbox%26settings%3DeyJpZCI6NzcwLCJ1cmwiOiJodHRwczpcL1wvZ2FpYWVyYXNtdXMuZXVcL3dwLWNvbnRlbnRcL3VwbG9hZHNcLzIwMjVcLzA2XC9HQUlBLWxvY2FsLXRyYWluaW5nLUJpb2RpdmVyc2EtMS1zY2FsZWQuanBnIiwic2xpZGVzaG93IjoiNGQ1N2Q2NTgifQ%3D%3D\" href='https:\/\/gaiaerasmus.eu\/wp-content\/uploads\/2025\/06\/GAIA-local-training-Biodiversa-1-scaled.jpg'><img decoding=\"async\" width=\"300\" height=\"225\" src=\"https:\/\/gaiaerasmus.eu\/wp-content\/uploads\/2025\/06\/GAIA-local-training-Biodiversa-1-300x225.jpg\" class=\"attachment-medium size-medium\" alt=\"\" srcset=\"https:\/\/gaiaerasmus.eu\/wp-content\/uploads\/2025\/06\/GAIA-local-training-Biodiversa-1-300x225.jpg 300w, https:\/\/gaiaerasmus.eu\/wp-content\/uploads\/2025\/06\/GAIA-local-training-Biodiversa-1-1024x768.jpg 1024w, https:\/\/gaiaerasmus.eu\/wp-content\/uploads\/2025\/06\/GAIA-local-training-Biodiversa-1-768x576.jpg 768w, https:\/\/gaiaerasmus.eu\/wp-content\/uploads\/2025\/06\/GAIA-local-training-Biodiversa-1-1536x1152.jpg 1536w, https:\/\/gaiaerasmus.eu\/wp-content\/uploads\/2025\/06\/GAIA-local-training-Biodiversa-1-2048x1536.jpg 2048w\" sizes=\"(max-width: 300px) 100vw, 300px\" \/><\/a>\n\t\t\t<\/div><\/figure><figure class='gallery-item'>\n\t\t\t<div class='gallery-icon portrait'>\n\t\t\t\t<a data-elementor-open-lightbox=\"yes\" data-elementor-lightbox-slideshow=\"4d57d658\" data-elementor-lightbox-title=\"GAIA local training Biodiversa (7)\" data-e-action-hash=\"#elementor-action%3Aaction%3Dlightbox%26settings%3DeyJpZCI6NzcyLCJ1cmwiOiJodHRwczpcL1wvZ2FpYWVyYXNtdXMuZXVcL3dwLWNvbnRlbnRcL3VwbG9hZHNcLzIwMjVcLzA2XC9HQUlBLWxvY2FsLXRyYWluaW5nLUJpb2RpdmVyc2EtNy1zY2FsZWQuanBnIiwic2xpZGVzaG93IjoiNGQ1N2Q2NTgifQ%3D%3D\" href='https:\/\/gaiaerasmus.eu\/wp-content\/uploads\/2025\/06\/GAIA-local-training-Biodiversa-7-scaled.jpg'><img loading=\"lazy\" decoding=\"async\" width=\"225\" height=\"300\" src=\"https:\/\/gaiaerasmus.eu\/wp-content\/uploads\/2025\/06\/GAIA-local-training-Biodiversa-7-225x300.jpg\" class=\"attachment-medium size-medium\" alt=\"\" srcset=\"https:\/\/gaiaerasmus.eu\/wp-content\/uploads\/2025\/06\/GAIA-local-training-Biodiversa-7-225x300.jpg 225w, https:\/\/gaiaerasmus.eu\/wp-content\/uploads\/2025\/06\/GAIA-local-training-Biodiversa-7-768x1024.jpg 768w, https:\/\/gaiaerasmus.eu\/wp-content\/uploads\/2025\/06\/GAIA-local-training-Biodiversa-7-1152x1536.jpg 1152w, https:\/\/gaiaerasmus.eu\/wp-content\/uploads\/2025\/06\/GAIA-local-training-Biodiversa-7-1536x2048.jpg 1536w, https:\/\/gaiaerasmus.eu\/wp-content\/uploads\/2025\/06\/GAIA-local-training-Biodiversa-7-scaled.jpg 1920w\" sizes=\"(max-width: 225px) 100vw, 225px\" \/><\/a>\n\t\t\t<\/div><\/figure>\n\t\t<\/div>\n\t\t<\/div>\n\t\t\t\t\t\t<\/div>\n\t\t\t\t<\/div>\n\t\t\t\t\t<\/div>\n\t\t<\/div>\n\t\t\t\t\t<\/div>\n\t\t<\/section>\n\t\t\t\t<section class=\"has_eae_slider elementor-section elementor-top-section elementor-element elementor-element-910c6e8 elementor-section-boxed elementor-section-height-default elementor-section-height-default\" data-eae-slider=\"69810\" data-id=\"910c6e8\" data-element_type=\"section\" data-e-type=\"section\">\n\t\t\t\t\t\t<div class=\"elementor-container elementor-column-gap-default\">\n\t\t\t\t\t<div class=\"has_eae_slider elementor-column elementor-col-100 elementor-top-column elementor-element elementor-element-36fb9d6\" data-eae-slider=\"78375\" data-id=\"36fb9d6\" data-element_type=\"column\" data-e-type=\"column\">\n\t\t\t<div class=\"elementor-widget-wrap\">\n\t\t\t\t\t\t\t<\/div>\n\t\t<\/div>\n\t\t\t\t\t<\/div>\n\t\t<\/section>\n\t\t\t\t<\/div>","protected":false},"excerpt":{"rendered":"<p>Responsible organization: Asociaci\u00f3n BiodiversaLocation: Gij\u00f3n, SpainDuration: 6 full daysParticipants: 4 members of sport organizations A local training was carried out in Gij\u00f3n to strengthen the ability of sport organization members to implement sustainability and good governance practices. The six-day program included practical sessions and daily evaluations, allowing participants to reflect on what they learned and [&hellip;]<\/p>\n","protected":false},"author":1,"featured_media":0,"parent":0,"menu_order":0,"comment_status":"closed","ping_status":"closed","template":"","meta":{"_eb_attr":"","footnotes":""},"class_list":["post-861","page","type-page","status-publish","hentry"],"blocksy_meta":[],"_links":{"self":[{"href":"https:\/\/gaiaerasmus.eu\/de\/wp-json\/wp\/v2\/pages\/861","targetHints":{"allow":["GET"]}}],"collection":[{"href":"https:\/\/gaiaerasmus.eu\/de\/wp-json\/wp\/v2\/pages"}],"about":[{"href":"https:\/\/gaiaerasmus.eu\/de\/wp-json\/wp\/v2\/types\/page"}],"author":[{"embeddable":true,"href":"https:\/\/gaiaerasmus.eu\/de\/wp-json\/wp\/v2\/users\/1"}],"replies":[{"embeddable":true,"href":"https:\/\/gaiaerasmus.eu\/de\/wp-json\/wp\/v2\/comments?post=861"}],"version-history":[{"count":4,"href":"https:\/\/gaiaerasmus.eu\/de\/wp-json\/wp\/v2\/pages\/861\/revisions"}],"predecessor-version":[{"id":866,"href":"https:\/\/gaiaerasmus.eu\/de\/wp-json\/wp\/v2\/pages\/861\/revisions\/866"}],"wp:attachment":[{"href":"https:\/\/gaiaerasmus.eu\/de\/wp-json\/wp\/v2\/media?parent=861"}],"curies":[{"name":"wp","href":"https:\/\/api.w.org\/{rel}","templated":true}]}}