{"id":849,"date":"2025-07-17T12:34:19","date_gmt":"2025-07-17T12:34:19","guid":{"rendered":"https:\/\/gaiaerasmus.eu\/?page_id=849"},"modified":"2025-07-17T12:37:56","modified_gmt":"2025-07-17T12:37:56","slug":"local-training-courses-second-chance-sports-association","status":"publish","type":"page","link":"https:\/\/gaiaerasmus.eu\/de\/local-training-courses-second-chance-sports-association\/","title":{"rendered":"Lokale Trainingskurse \u2013 Second Chance Sports Association"},"content":{"rendered":"<div data-elementor-type=\"wp-page\" data-elementor-id=\"849\" class=\"elementor elementor-849\">\n\t\t\t\t\t\t<section class=\"has_eae_slider elementor-section elementor-top-section elementor-element elementor-element-584e15c elementor-section-boxed elementor-section-height-default elementor-section-height-default\" data-eae-slider=\"24927\" data-id=\"584e15c\" data-element_type=\"section\" data-e-type=\"section\">\n\t\t\t\t\t\t<div class=\"elementor-container elementor-column-gap-default\">\n\t\t\t\t\t<div class=\"has_eae_slider elementor-column elementor-col-100 elementor-top-column elementor-element elementor-element-21cdaf8\" data-eae-slider=\"50858\" data-id=\"21cdaf8\" data-element_type=\"column\" data-e-type=\"column\">\n\t\t\t<div class=\"elementor-widget-wrap elementor-element-populated\">\n\t\t\t\t\t\t<div class=\"elementor-element elementor-element-377eb2a elementor-widget elementor-widget-image\" data-id=\"377eb2a\" data-element_type=\"widget\" data-e-type=\"widget\" data-widget_type=\"image.default\">\n\t\t\t\t<div class=\"elementor-widget-container\">\n\t\t\t\t\t\t\t\t\t\t\t\t\t\t\t<img decoding=\"async\" width=\"128\" height=\"165\" src=\"https:\/\/gaiaerasmus.eu\/wp-content\/uploads\/2025\/07\/123.jpg\" class=\"attachment-large size-large wp-image-851\" alt=\"\" \/>\t\t\t\t\t\t\t\t\t\t\t\t\t\t\t<\/div>\n\t\t\t\t<\/div>\n\t\t\t\t<div class=\"elementor-element elementor-element-422ec02 elementor-widget elementor-widget-text-editor\" data-id=\"422ec02\" data-element_type=\"widget\" data-e-type=\"widget\" data-widget_type=\"text-editor.default\">\n\t\t\t\t<div class=\"elementor-widget-container\">\n\t\t\t\t\t\t\t\t\t<p><strong>Verantwortliche Stelle:<\/strong> Sportverein \u201eZweite Chance\u201c<br \/><strong>Standort:<\/strong> Budapest, Ungarn<br \/><strong>Dauer:<\/strong> 6 volle Tage<br \/><strong>Teilnehmer:<\/strong> 4 Mitglieder von Sportorganisationen<\/p><p>In Budapest fand eine sechst\u00e4gige Schulung statt, um Sportfachleuten das Wissen und die Werkzeuge zu vermitteln, mit denen sie Nachhaltigkeit und verantwortungsvolle Unternehmensf\u00fchrung in ihre Organisationspraktiken integrieren k\u00f6nnen. Die Schulungen umfassten interaktives Lernen und t\u00e4gliche Auswertungen, die den Teilnehmern halfen, Ergebnisse zu reflektieren und bew\u00e4hrte Verfahren in ihrem lokalen Kontext anzuwenden.<\/p>\t\t\t\t\t\t\t\t<\/div>\n\t\t\t\t<\/div>\n\t\t\t\t<div class=\"elementor-element elementor-element-2a79e6d3 gallery-spacing-custom elementor-widget elementor-widget-image-gallery\" data-id=\"2a79e6d3\" data-element_type=\"widget\" data-e-type=\"widget\" data-widget_type=\"image-gallery.default\">\n\t\t\t\t<div class=\"elementor-widget-container\">\n\t\t\t\t\t\t\t<div class=\"elementor-image-gallery\">\n\t\t\t<div id='gallery-1' class='gallery galleryid-849 gallery-columns-3 gallery-size-medium'><figure class='gallery-item'>\n\t\t\t<div class='gallery-icon landscape'>\n\t\t\t\t<a data-elementor-open-lightbox=\"yes\" data-elementor-lightbox-slideshow=\"2a79e6d3\" data-elementor-lightbox-title=\"Educational Prgogram_HU (11)\" data-e-action-hash=\"#elementor-action%3Aaction%3Dlightbox%26settings%3DeyJpZCI6NzgyLCJ1cmwiOiJodHRwczpcL1wvZ2FpYWVyYXNtdXMuZXVcL3dwLWNvbnRlbnRcL3VwbG9hZHNcLzIwMjVcLzA2XC9FZHVjYXRpb25hbC1QcmdvZ3JhbV9IVS0xMS1zY2FsZWQuanBnIiwic2xpZGVzaG93IjoiMmE3OWU2ZDMifQ%3D%3D\" href='https:\/\/gaiaerasmus.eu\/wp-content\/uploads\/2025\/06\/Educational-Prgogram_HU-11-scaled.jpg'><img fetchpriority=\"high\" decoding=\"async\" width=\"300\" height=\"168\" src=\"https:\/\/gaiaerasmus.eu\/wp-content\/uploads\/2025\/06\/Educational-Prgogram_HU-11-300x168.jpg\" class=\"attachment-medium size-medium\" alt=\"\" srcset=\"https:\/\/gaiaerasmus.eu\/wp-content\/uploads\/2025\/06\/Educational-Prgogram_HU-11-300x168.jpg 300w, https:\/\/gaiaerasmus.eu\/wp-content\/uploads\/2025\/06\/Educational-Prgogram_HU-11-1024x574.jpg 1024w, https:\/\/gaiaerasmus.eu\/wp-content\/uploads\/2025\/06\/Educational-Prgogram_HU-11-768x431.jpg 768w, https:\/\/gaiaerasmus.eu\/wp-content\/uploads\/2025\/06\/Educational-Prgogram_HU-11-1536x862.jpg 1536w, https:\/\/gaiaerasmus.eu\/wp-content\/uploads\/2025\/06\/Educational-Prgogram_HU-11-2048x1149.jpg 2048w\" sizes=\"(max-width: 300px) 100vw, 300px\" \/><\/a>\n\t\t\t<\/div><\/figure><figure class='gallery-item'>\n\t\t\t<div class='gallery-icon landscape'>\n\t\t\t\t<a data-elementor-open-lightbox=\"yes\" data-elementor-lightbox-slideshow=\"2a79e6d3\" data-elementor-lightbox-title=\"Educational Prgogram_HU (13)\" data-e-action-hash=\"#elementor-action%3Aaction%3Dlightbox%26settings%3DeyJpZCI6NzgzLCJ1cmwiOiJodHRwczpcL1wvZ2FpYWVyYXNtdXMuZXVcL3dwLWNvbnRlbnRcL3VwbG9hZHNcLzIwMjVcLzA2XC9FZHVjYXRpb25hbC1QcmdvZ3JhbV9IVS0xMy5qcGciLCJzbGlkZXNob3ciOiIyYTc5ZTZkMyJ9\" href='https:\/\/gaiaerasmus.eu\/wp-content\/uploads\/2025\/06\/Educational-Prgogram_HU-13.jpg'><img decoding=\"async\" width=\"300\" height=\"159\" src=\"https:\/\/gaiaerasmus.eu\/wp-content\/uploads\/2025\/06\/Educational-Prgogram_HU-13-300x159.jpg\" class=\"attachment-medium size-medium\" alt=\"\" srcset=\"https:\/\/gaiaerasmus.eu\/wp-content\/uploads\/2025\/06\/Educational-Prgogram_HU-13-300x159.jpg 300w, https:\/\/gaiaerasmus.eu\/wp-content\/uploads\/2025\/06\/Educational-Prgogram_HU-13-1024x541.jpg 1024w, https:\/\/gaiaerasmus.eu\/wp-content\/uploads\/2025\/06\/Educational-Prgogram_HU-13-768x406.jpg 768w, https:\/\/gaiaerasmus.eu\/wp-content\/uploads\/2025\/06\/Educational-Prgogram_HU-13-1536x812.jpg 1536w, https:\/\/gaiaerasmus.eu\/wp-content\/uploads\/2025\/06\/Educational-Prgogram_HU-13.jpg 2014w\" sizes=\"(max-width: 300px) 100vw, 300px\" \/><\/a>\n\t\t\t<\/div><\/figure><figure class='gallery-item'>\n\t\t\t<div class='gallery-icon landscape'>\n\t\t\t\t<a data-elementor-open-lightbox=\"yes\" data-elementor-lightbox-slideshow=\"2a79e6d3\" data-elementor-lightbox-title=\"Educational Prgogram_HU (19)\" data-e-action-hash=\"#elementor-action%3Aaction%3Dlightbox%26settings%3DeyJpZCI6Nzg0LCJ1cmwiOiJodHRwczpcL1wvZ2FpYWVyYXNtdXMuZXVcL3dwLWNvbnRlbnRcL3VwbG9hZHNcLzIwMjVcLzA2XC9FZHVjYXRpb25hbC1QcmdvZ3JhbV9IVS0xOS1zY2FsZWQuanBnIiwic2xpZGVzaG93IjoiMmE3OWU2ZDMifQ%3D%3D\" href='https:\/\/gaiaerasmus.eu\/wp-content\/uploads\/2025\/06\/Educational-Prgogram_HU-19-scaled.jpg'><img loading=\"lazy\" decoding=\"async\" width=\"300\" height=\"154\" src=\"https:\/\/gaiaerasmus.eu\/wp-content\/uploads\/2025\/06\/Educational-Prgogram_HU-19-300x154.jpg\" class=\"attachment-medium size-medium\" alt=\"\" srcset=\"https:\/\/gaiaerasmus.eu\/wp-content\/uploads\/2025\/06\/Educational-Prgogram_HU-19-300x154.jpg 300w, https:\/\/gaiaerasmus.eu\/wp-content\/uploads\/2025\/06\/Educational-Prgogram_HU-19-1024x527.jpg 1024w, https:\/\/gaiaerasmus.eu\/wp-content\/uploads\/2025\/06\/Educational-Prgogram_HU-19-768x395.jpg 768w, https:\/\/gaiaerasmus.eu\/wp-content\/uploads\/2025\/06\/Educational-Prgogram_HU-19-1536x790.jpg 1536w, https:\/\/gaiaerasmus.eu\/wp-content\/uploads\/2025\/06\/Educational-Prgogram_HU-19-2048x1054.jpg 2048w\" sizes=\"(max-width: 300px) 100vw, 300px\" \/><\/a>\n\t\t\t<\/div><\/figure>\n\t\t<\/div>\n\t\t<\/div>\n\t\t\t\t\t\t<\/div>\n\t\t\t\t<\/div>\n\t\t\t\t\t<\/div>\n\t\t<\/div>\n\t\t\t\t\t<\/div>\n\t\t<\/section>\n\t\t\t\t<\/div>","protected":false},"excerpt":{"rendered":"<p>Responsible organization: Second Chance Sports AssociationLocation: Budapest, HungaryDuration: 6 full daysParticipants: 4 members of sport organizations A six-day training was held in Budapest to empower sport professionals with knowledge and tools to integrate sustainability and good governance into their organizational practices. The sessions included interactive learning and daily evaluations, helping participants reflect on outcomes and [&hellip;]<\/p>\n","protected":false},"author":1,"featured_media":0,"parent":0,"menu_order":0,"comment_status":"closed","ping_status":"closed","template":"","meta":{"_eb_attr":"","footnotes":""},"class_list":["post-849","page","type-page","status-publish","hentry"],"blocksy_meta":[],"_links":{"self":[{"href":"https:\/\/gaiaerasmus.eu\/de\/wp-json\/wp\/v2\/pages\/849","targetHints":{"allow":["GET"]}}],"collection":[{"href":"https:\/\/gaiaerasmus.eu\/de\/wp-json\/wp\/v2\/pages"}],"about":[{"href":"https:\/\/gaiaerasmus.eu\/de\/wp-json\/wp\/v2\/types\/page"}],"author":[{"embeddable":true,"href":"https:\/\/gaiaerasmus.eu\/de\/wp-json\/wp\/v2\/users\/1"}],"replies":[{"embeddable":true,"href":"https:\/\/gaiaerasmus.eu\/de\/wp-json\/wp\/v2\/comments?post=849"}],"version-history":[{"count":4,"href":"https:\/\/gaiaerasmus.eu\/de\/wp-json\/wp\/v2\/pages\/849\/revisions"}],"predecessor-version":[{"id":855,"href":"https:\/\/gaiaerasmus.eu\/de\/wp-json\/wp\/v2\/pages\/849\/revisions\/855"}],"wp:attachment":[{"href":"https:\/\/gaiaerasmus.eu\/de\/wp-json\/wp\/v2\/media?parent=849"}],"curies":[{"name":"wp","href":"https:\/\/api.w.org\/{rel}","templated":true}]}}