{"id":667,"date":"2025-05-23T14:36:05","date_gmt":"2025-05-23T14:36:05","guid":{"rendered":"https:\/\/gaiaerasmus.eu\/?page_id=667"},"modified":"2025-05-23T15:17:58","modified_gmt":"2025-05-23T15:17:58","slug":"international-seminar","status":"publish","type":"page","link":"https:\/\/gaiaerasmus.eu\/de\/international-seminar\/","title":{"rendered":"Internationales Seminar"},"content":{"rendered":"<div data-elementor-type=\"wp-page\" data-elementor-id=\"667\" class=\"elementor elementor-667\">\n\t\t\t\t\t\t<section class=\"has_eae_slider elementor-section elementor-top-section elementor-element elementor-element-7a21f1a elementor-section-boxed elementor-section-height-default elementor-section-height-default\" data-eae-slider=\"64034\" data-id=\"7a21f1a\" data-element_type=\"section\" data-e-type=\"section\">\n\t\t\t\t\t\t<div class=\"elementor-container elementor-column-gap-default\">\n\t\t\t\t\t<div class=\"has_eae_slider elementor-column elementor-col-100 elementor-top-column elementor-element elementor-element-6a46742\" data-eae-slider=\"84554\" data-id=\"6a46742\" data-element_type=\"column\" data-e-type=\"column\">\n\t\t\t<div class=\"elementor-widget-wrap elementor-element-populated\">\n\t\t\t\t\t\t<div class=\"elementor-element elementor-element-7327034 elementor-widget elementor-widget-text-editor\" data-id=\"7327034\" data-element_type=\"widget\" data-e-type=\"widget\" data-widget_type=\"text-editor.default\">\n\t\t\t\t<div class=\"elementor-widget-container\">\n\t\t\t\t\t\t\t\t\t<p>Das internationale Seminar folgte der gleichen Struktur wie die lokalen Seminare. Ziel war es, Diskussionen und Vermittlung zwischen den nationalen Gruppen zu erm\u00f6glichen, um eine SSG-Chart zu entwickeln, die alle Ebenen der Sportorganisationen repr\u00e4sentiert, unabh\u00e4ngig von ihrer Gr\u00f6\u00dfe oder ihrem Bekanntheitsgrad. Das internationale Seminar fand online statt und wurde von ORMA koordiniert. Experten und Interessenvertreter nahmen teil, die ihre Erkenntnisse und ihr Fachwissen in die Ausarbeitung der einzelnen Prinzipien der Charta einbrachten. Das Ergebnis dieser Phase war die Ausarbeitung einer ersten Version der SSG-Chart, die mindestens acht und h\u00f6chstens zwanzig Prinzipien umfasst.<\/p>\t\t\t\t\t\t\t\t<\/div>\n\t\t\t\t<\/div>\n\t\t\t\t\t<\/div>\n\t\t<\/div>\n\t\t\t\t\t<\/div>\n\t\t<\/section>\n\t\t\t\t<section class=\"has_eae_slider elementor-section elementor-top-section elementor-element elementor-element-f09054e elementor-section-boxed elementor-section-height-default elementor-section-height-default\" data-eae-slider=\"48770\" data-id=\"f09054e\" data-element_type=\"section\" data-e-type=\"section\">\n\t\t\t\t\t\t<div class=\"elementor-container elementor-column-gap-default\">\n\t\t\t\t\t<div class=\"has_eae_slider elementor-column elementor-col-100 elementor-top-column elementor-element elementor-element-b426c21\" data-eae-slider=\"10518\" data-id=\"b426c21\" data-element_type=\"column\" data-e-type=\"column\">\n\t\t\t<div class=\"elementor-widget-wrap elementor-element-populated\">\n\t\t\t\t\t\t<div class=\"elementor-element elementor-element-b60d1f6 elementor-widget-divider--view-line elementor-widget elementor-widget-divider\" data-id=\"b60d1f6\" data-element_type=\"widget\" data-e-type=\"widget\" data-widget_type=\"divider.default\">\n\t\t\t\t<div class=\"elementor-widget-container\">\n\t\t\t\t\t\t\t<div class=\"elementor-divider\">\n\t\t\t<span class=\"elementor-divider-separator\">\n\t\t\t\t\t\t<\/span>\n\t\t<\/div>\n\t\t\t\t\t\t<\/div>\n\t\t\t\t<\/div>\n\t\t\t\t\t<\/div>\n\t\t<\/div>\n\t\t\t\t\t<\/div>\n\t\t<\/section>\n\t\t\t\t<\/div>","protected":false},"excerpt":{"rendered":"<p>The international seminar followed the same structure of the local seminars, with the overall aim to allow discussion and mediation among national groups in order to develop a SSG Chart that is representative of all levels of the sports organisations, independently from their size or level of recognition. The international seminar took place online and [&hellip;]<\/p>\n","protected":false},"author":1,"featured_media":0,"parent":0,"menu_order":0,"comment_status":"closed","ping_status":"closed","template":"","meta":{"_eb_attr":"","footnotes":""},"class_list":["post-667","page","type-page","status-publish","hentry"],"blocksy_meta":[],"_links":{"self":[{"href":"https:\/\/gaiaerasmus.eu\/de\/wp-json\/wp\/v2\/pages\/667","targetHints":{"allow":["GET"]}}],"collection":[{"href":"https:\/\/gaiaerasmus.eu\/de\/wp-json\/wp\/v2\/pages"}],"about":[{"href":"https:\/\/gaiaerasmus.eu\/de\/wp-json\/wp\/v2\/types\/page"}],"author":[{"embeddable":true,"href":"https:\/\/gaiaerasmus.eu\/de\/wp-json\/wp\/v2\/users\/1"}],"replies":[{"embeddable":true,"href":"https:\/\/gaiaerasmus.eu\/de\/wp-json\/wp\/v2\/comments?post=667"}],"version-history":[{"count":7,"href":"https:\/\/gaiaerasmus.eu\/de\/wp-json\/wp\/v2\/pages\/667\/revisions"}],"predecessor-version":[{"id":702,"href":"https:\/\/gaiaerasmus.eu\/de\/wp-json\/wp\/v2\/pages\/667\/revisions\/702"}],"wp:attachment":[{"href":"https:\/\/gaiaerasmus.eu\/de\/wp-json\/wp\/v2\/media?parent=667"}],"curies":[{"name":"wp","href":"https:\/\/api.w.org\/{rel}","templated":true}]}}