{"id":384,"date":"2025-04-08T09:27:40","date_gmt":"2025-04-08T09:27:40","guid":{"rendered":"https:\/\/gaiaerasmus.eu\/?post_type=buddypress&#038;p=384"},"modified":"2025-04-26T16:16:17","modified_gmt":"2025-04-26T16:16:17","slug":"register-2","status":"publish","type":"page","link":"https:\/\/gaiaerasmus.eu\/de\/register-2\/","title":{"rendered":"Registrieren Sie sich beim GAIA-Netzwerk \u2013 Backup"},"content":{"rendered":"<h1 class=\"wp-block-heading\"><strong>\ud83d\udfe2 Willkommen im GAIA-Netzwerk!<\/strong><\/h1>\n\n\n\n<p><strong>Das GAIA-Netzwerk verbindet Sportorganisationen in ganz Europa, um Nachhaltigkeit, Inklusion und b\u00fcrgerschaftliches Engagement durch Sport zu f\u00f6rdern.<\/strong><\/p>\n\n\n\n<p>Das im Rahmen des GAIA Erasmus+-Projekts gegr\u00fcndete Netzwerk unterst\u00fctzt die Zusammenarbeit zwischen der Zivilgesellschaft, Bildungseinrichtungen und \u00f6ffentlichen Stellen und nutzt den Sport als wirkungsvolles Instrument f\u00fcr sozialen Wandel.<\/p>\n\n\n\n<p>Das GAIA-Netzwerk hat folgende Ziele:<\/p>\n\n\n\n<ul class=\"wp-block-list\">\n<li>F\u00f6rderung der Umweltbildung und nachhaltiger Praktiken im Sport<\/li>\n\n\n\n<li>F\u00f6rderung von Inklusion, Vielfalt und b\u00fcrgerlichen Werten durch sportliche Aktivit\u00e4ten<\/li>\n\n\n\n<li>St\u00e4rkung der Zusammenarbeit zwischen Organisationen, die sich f\u00fcr soziale und \u00f6kologische Auswirkungen einsetzen<\/li>\n<\/ul>\n\n\n\n<p>Die Mitgliedschaft steht offen f\u00fcr:<\/p>\n\n\n\n<ul class=\"wp-block-list\">\n<li>Sportorganisationen<\/li>\n\n\n\n<li>Andere Gruppen setzen sich daf\u00fcr ein, den Sport f\u00fcr positive soziale und \u00f6kologische Ver\u00e4nderungen zu nutzen<\/li>\n<\/ul>\n\n\n\n<p>Durch den Beitritt verpflichten sich die Mitglieder zu den im GAIA-Chart dargelegten Grunds\u00e4tzen und leisten einen aktiven Beitrag zu den Initiativen des Netzwerks.<\/p>\n\n\n\n<h1 class=\"wp-block-heading\"><strong>\ud83d\udcdc Das GAIA-Diagramm<\/strong><\/h1>\n\n\n\n<p>Das GAIA-Diagramm umrei\u00dft die Leitprinzipien und die Vision unseres Netzwerks.<\/p>\n\n\n\n<div class=\"wp-block-essential-blocks-button  root-eb-button-q1n7y\"><div class=\"eb-parent-wrapper eb-parent-eb-button-q1n7y\"><div class=\"eb-button-wrapper eb-button-alignment eb-button-q1n7y\"><div class=\"eb-button\"><div class=\"eb-button-inner-wrapper\"><a class=\"eb-button-anchor\" href=\"#\" rel=\"noopener\">GAIA-Diagramm herunterladen<\/a><\/div><\/div><\/div><\/div><\/div>\n\n\n\n<h1 class=\"wp-block-heading\"><strong>\ud83e\udd1d Das GAIA-Versprechen<\/strong><\/h1>\n\n\n\n<p>Mit der Registrierung akzeptieren Sie das folgende Versprechen:<\/p>\n\n\n\n<h3 class=\"wp-block-heading\"><strong>\u270d\ufe0f Verpflichtungserkl\u00e4rung gegen\u00fcber dem GAIA-Netzwerk<\/strong><\/h3>\n\n\n\n<p><strong>Artikel 1 \u2013 Zweck<\/strong><\/p>\n\n\n\n<p>Mit meiner Registrierung best\u00e4tige ich mein Engagement f\u00fcr die Vision, Mission und Grunds\u00e4tze, die im GAIA-Chart dargelegt sind.<\/p>\n\n\n\n<p><strong>Artikel 2 \u2013 Grunds\u00e4tze der Mitgliedschaft<\/strong><\/p>\n\n\n\n<p>Ich stimme zu, aktiv zu den Zielen des GAIA-Netzwerks beizutragen, zu denen die F\u00f6rderung von Nachhaltigkeit, Zusammenarbeit, Wissensaustausch und sozialer Verantwortung geh\u00f6rt.<\/p>\n\n\n\n<p><strong>Artikel 3 \u2013 Verantwortlichkeiten<\/strong><\/p>\n\n\n\n<p>Als Mitglied verpflichte ich mich:<\/p>\n\n\n\n<ul class=\"wp-block-list\">\n<li>Teilnahme an Initiativen und Aktivit\u00e4ten des GAIA-Netzwerks<\/li>\n\n\n\n<li>Respekt f\u00fcr Vielfalt, Gleichberechtigung und Inklusivit\u00e4t<\/li>\n\n\n\n<li>Offenes Teilen von Wissen und Ressourcen mit anderen Mitgliedern<\/li>\n<\/ul>\n\n\n\n<p><strong>Artikel 4 \u2013 Einhaltung der GAIA-Charts<\/strong><\/p>\n\n\n\n<p>Ich verpflichte mich, die im GAIA-Chart dargelegten Richtlinien und Werte einzuhalten. Die Einhaltung des GAIA-Charts ist Voraussetzung f\u00fcr die Mitgliedschaft.<\/p>\n\n\n\n<p><strong>Artikel 5 \u2013 Widerruf der Mitgliedschaft<\/strong><\/p>\n\n\n\n<p>Mir ist bewusst, dass die Nichteinhaltung dieser Verpflichtung oder der GAIA-Charts zum Entzug meiner Mitgliedschaft f\u00fchren kann.<\/p>\n\n\n\n<p><strong>Artikel 6 \u2013 Annahme<\/strong><\/p>\n\n\n\n<p>Indem ich meine Registrierung absende und diese Verpflichtung akzeptiere, erkl\u00e4re ich mich damit einverstanden, die Bedingungen f\u00fcr die Mitgliedschaft im GAIA-Netzwerk vollst\u00e4ndig zu erf\u00fcllen.<\/p>\n\n\n\n<h1 class=\"wp-block-heading\"><strong>\ud83d\udcdd Anmeldeformular<\/strong><\/h1>\n\n\n\n<p><\/p>","protected":false},"excerpt":{"rendered":"<p>\ud83d\udfe2&nbsp;Welcome to the GAIA Network! The GAIA Network connects sports organizations across Europe to promote sustainability, inclusion, and civic engagement through sport. Created under the GAIA Erasmus+ project, the Network supports cooperation between civil society, educational institutions, and public bodies, using sport as a powerful tool for social change. The GAIA Network aims to: Membership [&hellip;]<\/p>\n","protected":false},"author":1,"featured_media":0,"parent":0,"menu_order":0,"comment_status":"closed","ping_status":"closed","template":"","meta":{"_eb_attr":"","footnotes":""},"class_list":["post-384","page","type-page","status-publish","hentry"],"blocksy_meta":[],"_links":{"self":[{"href":"https:\/\/gaiaerasmus.eu\/de\/wp-json\/wp\/v2\/pages\/384","targetHints":{"allow":["GET"]}}],"collection":[{"href":"https:\/\/gaiaerasmus.eu\/de\/wp-json\/wp\/v2\/pages"}],"about":[{"href":"https:\/\/gaiaerasmus.eu\/de\/wp-json\/wp\/v2\/types\/page"}],"author":[{"embeddable":true,"href":"https:\/\/gaiaerasmus.eu\/de\/wp-json\/wp\/v2\/users\/1"}],"replies":[{"embeddable":true,"href":"https:\/\/gaiaerasmus.eu\/de\/wp-json\/wp\/v2\/comments?post=384"}],"version-history":[{"count":5,"href":"https:\/\/gaiaerasmus.eu\/de\/wp-json\/wp\/v2\/pages\/384\/revisions"}],"predecessor-version":[{"id":455,"href":"https:\/\/gaiaerasmus.eu\/de\/wp-json\/wp\/v2\/pages\/384\/revisions\/455"}],"wp:attachment":[{"href":"https:\/\/gaiaerasmus.eu\/de\/wp-json\/wp\/v2\/media?parent=384"}],"curies":[{"name":"wp","href":"https:\/\/api.w.org\/{rel}","templated":true}]}}